{"id":10044,"date":"2025-07-21T11:28:33","date_gmt":"2025-07-21T09:28:33","guid":{"rendered":"https:\/\/exalco.ro\/?page_id=10044"},"modified":"2025-07-21T12:12:02","modified_gmt":"2025-07-21T10:12:02","slug":"termeni-si-conditii","status":"publish","type":"page","link":"https:\/\/exalco.ro\/en\/termeni-si-conditii\/","title":{"rendered":"Termeni \u0219i Condi\u021bii"},"content":{"rendered":"<p>[et_pb_section fb_built=&#8221;1&#8243; _builder_version=&#8221;4.27.4&#8243; _module_preset=&#8221;default&#8221; global_colors_info=&#8221;{}&#8221;][et_pb_row _builder_version=&#8221;4.27.4&#8243; _module_preset=&#8221;default&#8221; custom_margin=&#8221;30px||||false|false&#8221; global_colors_info=&#8221;{}&#8221;][et_pb_column type=&#8221;4_4&#8243; _builder_version=&#8221;4.27.4&#8243; _module_preset=&#8221;default&#8221; global_colors_info=&#8221;{}&#8221;][et_pb_text _builder_version=&#8221;4.27.4&#8243; _module_preset=&#8221;default&#8221; hover_enabled=&#8221;0&#8243; global_colors_info=&#8221;{}&#8221; sticky_enabled=&#8221;0&#8243;]<\/p>\n<h1>Termeni \u0219i Condi\u021bii \u2013 exalco.ro<\/h1>\n<h2>1. Informa\u021bii generale<\/h2>\n<p>\nSite-ul <a href=\"https:\/\/exalco.ro\" target=\"_blank\">https:\/\/exalco.ro<\/a> este de\u021binut \u0219i administrat de <strong>EXALCO ROMANIA SRL<\/strong>, cu sediul \u00een <strong>\u0218os. Centurii 11, Cod 077025, Bragadiru, jud. Ilfov, Rom\u00e2nia<\/strong>, av\u00e2nd urm\u0103toarele date de identificare:\n<\/p>\n<ul>\n<li>Denumire firm\u0103: <strong>EXALCO ROMANIA SRL<\/strong><\/li>\n<li>Cod Unic de \u00cenregistrare: <strong>15393692<\/strong><\/li>\n<li>Nr. \u00cenmatriculare: <strong>J2003001294230<\/strong><\/li>\n<\/ul>\n<p>\nPrin accesarea \u0219i utilizarea acestui site, sunte\u021bi de acord cu termenii \u0219i condi\u021biile prezentate mai jos. Dac\u0103 nu sunte\u021bi de acord cu ace\u0219ti termeni, v\u0103 rug\u0103m s\u0103 nu utiliza\u021bi site-ul.\n<\/p>\n<h2>2. Drepturi de autor<\/h2>\n<p>\nCon\u021binutul site-ului, incluz\u00e2nd dar f\u0103r\u0103 a se limita la texte, imagini, elemente grafice, fi\u0219iere tehnice \u0219i cataloage, este proprietatea EXALCO ROMANIA SRL sau a partenerilor s\u0103i \u0219i este protejat de legisla\u021bia privind drepturile de autor.\n<\/p>\n<p>\nEste interzis\u0103 copierea, distribuirea, publicarea, transferul c\u0103tre ter\u021bi, modificarea sau orice alt\u0103 utilizare a con\u021binutului f\u0103r\u0103 acordul scris al EXALCO ROMANIA SRL.\n<\/p>\n<h2>3. \u00cenregistrare \u0219i acces<\/h2>\n<p>\nPentru a accesa anumite materiale tehnice (ex: fi\u0219iere DWG, cataloage), este necesar\u0103 crearea unui cont. EXALCO ROMANIA SRL \u00ee\u0219i rezerv\u0103 dreptul de a aproba sau respinge cererile de \u00eenregistrare, precum \u0219i de a suspenda sau \u0219terge conturi care nu respect\u0103 termenii de utilizare.\n<\/p>\n<p>\nUtilizatorul este responsabil pentru p\u0103strarea confiden\u021bialit\u0103\u021bii datelor de acces (email \u0219i parol\u0103).\n<\/p>\n<h2>4. Limitarea r\u0103spunderii<\/h2>\n<p>\nEXALCO ROMANIA SRL nu garanteaz\u0103 c\u0103 site-ul va func\u021biona ne\u00eentrerupt sau f\u0103r\u0103 erori. De asemenea, nu r\u0103spundem pentru eventuale daune directe sau indirecte ap\u0103rute din utilizarea sau imposibilitatea de a utiliza site-ul ori materialele disponibile pe acesta.\n<\/p>\n<h2>5. Protec\u021bia datelor<\/h2>\n<p>\nToate informa\u021biile personale transmise prin formularele de contact, \u00eenregistrare sau \u00eenscriere la newsletter sunt prelucrate conform <a href=\"\/politica-de-confidentialitate\" target=\"_blank\">Politicii de Confiden\u021bialitate<\/a>. Prin utilizarea site-ului, sunte\u021bi de acord cu aceast\u0103 politic\u0103.\n<\/p>\n<h2>6. Modificarea termenilor<\/h2>\n<p>\nEXALCO ROMANIA SRL \u00ee\u0219i rezerv\u0103 dreptul de a modifica ace\u0219ti termeni \u00een orice moment. Modific\u0103rile vor fi publicate pe aceast\u0103 pagin\u0103 \u0219i vor deveni aplicabile de la data public\u0103rii.\n<\/p>\n<p>[\/et_pb_text][\/et_pb_column][\/et_pb_row][\/et_pb_section]<\/p>\n","protected":false},"excerpt":{"rendered":"<p>Termeni \u0219i Condi\u021bii \u2013 exalco.ro 1. Informa\u021bii generale Site-ul https:\/\/exalco.ro este de\u021binut \u0219i administrat de EXALCO ROMANIA SRL, cu sediul \u00een \u0218os. Centurii 11, Cod 077025, Bragadiru, jud. Ilfov, Rom\u00e2nia, av\u00e2nd urm\u0103toarele date de identificare: Denumire firm\u0103: EXALCO ROMANIA SRL Cod Unic de \u00cenregistrare: 15393692 Nr. \u00cenmatriculare: J2003001294230 Prin accesarea \u0219i utilizarea acestui site, sunte\u021bi [&hellip;]<\/p>\n","protected":false},"author":1,"featured_media":0,"parent":0,"menu_order":0,"comment_status":"closed","ping_status":"closed","template":"","meta":{"_acf_changed":false,"_et_pb_use_builder":"on","_et_pb_old_content":"","_et_gb_content_width":"","footnotes":""},"categories":[],"tags":[],"class_list":["post-10044","page","type-page","status-publish","hentry"],"acf":[],"_links":{"self":[{"href":"https:\/\/exalco.ro\/en\/wp-json\/wp\/v2\/pages\/10044","targetHints":{"allow":["GET"]}}],"collection":[{"href":"https:\/\/exalco.ro\/en\/wp-json\/wp\/v2\/pages"}],"about":[{"href":"https:\/\/exalco.ro\/en\/wp-json\/wp\/v2\/types\/page"}],"author":[{"embeddable":true,"href":"https:\/\/exalco.ro\/en\/wp-json\/wp\/v2\/users\/1"}],"replies":[{"embeddable":true,"href":"https:\/\/exalco.ro\/en\/wp-json\/wp\/v2\/comments?post=10044"}],"version-history":[{"count":6,"href":"https:\/\/exalco.ro\/en\/wp-json\/wp\/v2\/pages\/10044\/revisions"}],"predecessor-version":[{"id":10053,"href":"https:\/\/exalco.ro\/en\/wp-json\/wp\/v2\/pages\/10044\/revisions\/10053"}],"wp:attachment":[{"href":"https:\/\/exalco.ro\/en\/wp-json\/wp\/v2\/media?parent=10044"}],"wp:term":[{"taxonomy":"category","embeddable":true,"href":"https:\/\/exalco.ro\/en\/wp-json\/wp\/v2\/categories?post=10044"},{"taxonomy":"post_tag","embeddable":true,"href":"https:\/\/exalco.ro\/en\/wp-json\/wp\/v2\/tags?post=10044"}],"curies":[{"name":"wp","href":"https:\/\/api.w.org\/{rel}","templated":true}]}}