{"id":31,"date":"2024-04-12T06:07:40","date_gmt":"2024-04-12T06:07:40","guid":{"rendered":"https:\/\/test.exalco.ro\/?page_id=31"},"modified":"2025-12-05T08:50:54","modified_gmt":"2025-12-05T06:50:54","slug":"exalco","status":"publish","type":"page","link":"https:\/\/exalco.ro\/en\/","title":{"rendered":"Exalco"},"content":{"rendered":"<p>[et_pb_section fb_built=&#8221;1&#8243; admin_label=&#8221;Hero&#8221; _builder_version=&#8221;4.27.4&#8243; use_background_color_gradient=&#8221;on&#8221; background_color_gradient_direction=&#8221;70deg&#8221; background_color_gradient_stops=&#8221;#283d4b 0%|rgba(0,0,0,0.3) 0%&#8221; background_color_gradient_overlays_image=&#8221;on&#8221; background_color_gradient_start=&#8221;#283d4b&#8221; background_color_gradient_end=&#8221;rgba(128,103,79,0.5)&#8221; background_image=&#8221;https:\/\/exalco.ro\/wp-content\/uploads\/2024\/04\/exalco-hero.webp&#8221; height=&#8221;100vh&#8221; custom_margin=&#8221;||0px||false|false&#8221; custom_padding=&#8221;||||false|false&#8221; animation_style=&#8221;fade&#8221; global_colors_info=&#8221;{}&#8221;][et_pb_row _builder_version=&#8221;4.27.4&#8243; custom_margin=&#8221;30px||||false|false&#8221; custom_padding=&#8221;27px|0px|0|0px|false|false&#8221; global_colors_info=&#8221;{}&#8221;][et_pb_column type=&#8221;4_4&#8243; _builder_version=&#8221;4.16&#8243; custom_padding=&#8221;|||&#8221; global_colors_info=&#8221;{}&#8221; custom_padding__hover=&#8221;|||&#8221;][et_pb_text _builder_version=&#8221;4.27.4&#8243; text_font=&#8221;||||||||&#8221; header_font=&#8221;|600|||||||&#8221; header_text_color=&#8221;rgba(255,255,255,0.6)&#8221; header_font_size=&#8221;80px&#8221; header_line_height=&#8221;1.4em&#8221; header_2_font=&#8221;||||||||&#8221; header_2_text_color=&#8221;#FFFFFF&#8221; header_2_font_size=&#8221;43px&#8221; header_2_line_height=&#8221;1.4em&#8221; background_layout=&#8221;dark&#8221; animation_style=&#8221;slide&#8221; animation_direction=&#8221;right&#8221; animation_intensity_slide=&#8221;4%&#8221; header_font_size_tablet=&#8221;50px&#8221; header_font_size_phone=&#8221;32px&#8221; header_font_size_last_edited=&#8221;on|desktop&#8221; header_2_font_size_tablet=&#8221;&#8221; header_2_font_size_phone=&#8221;24px&#8221; header_2_font_size_last_edited=&#8221;on|phone&#8221; global_colors_info=&#8221;{}&#8221;]<\/p>\n<h1>Tamplarie Aluminiu<\/h1>\n<h2>Pentru Proiecte Rezidentiale \u0219i Comerciale<\/h2>\n<h3>Usi \u2022 Ferestre \u2022 Glisante \u2022 Pereti Cortina \u2022 Pergole \u2022 Balustrade \u2022 Profile industriale<\/h3>\n<p>[\/et_pb_text][et_pb_button button_url=&#8221;@ET-DC@eyJkeW5hbWljIjp0cnVlLCJjb250ZW50IjoicG9zdF9saW5rX3VybF9wYWdlIiwic2V0dGluZ3MiOnsicG9zdF9pZCI6IjkyMDQifX0=@&#8221; button_text=&#8221;Solicit\u0103 Ofert\u0103&#8221; button_alignment=&#8221;left&#8221; disabled_on=&#8221;off|off|off&#8221; _builder_version=&#8221;4.27.4&#8243; _dynamic_attributes=&#8221;button_url&#8221; _module_preset=&#8221;default&#8221; custom_button=&#8221;on&#8221; background_layout=&#8221;dark&#8221; custom_margin=&#8221;17px|100px|||false|false&#8221; custom_margin_tablet=&#8221;15px|100px|||false|false&#8221; custom_margin_phone=&#8221;20px|60px|0px|5px|false|false&#8221; custom_margin_last_edited=&#8221;on|phone&#8221; custom_padding=&#8221;||||false|false&#8221; animation_style=&#8221;slide&#8221; animation_direction=&#8221;right&#8221; animation_delay=&#8221;1000ms&#8221; animation_intensity_slide=&#8221;10%&#8221; button_text_size_tablet=&#8221;&#8221; button_text_size_phone=&#8221;14px&#8221; button_text_size_last_edited=&#8221;on|phone&#8221; locked=&#8221;off&#8221; global_colors_info=&#8221;{}&#8221;][\/et_pb_button][\/et_pb_column][\/et_pb_row][\/et_pb_section][et_pb_section fb_built=&#8221;1&#8243; admin_label=&#8221;Services&#8221; module_id=&#8221;below&#8221; _builder_version=&#8221;4.27.4&#8243; min_height=&#8221;1422.3px&#8221; custom_margin=&#8221;3px|0px|0px|0px|false|false&#8221; custom_padding=&#8221;54px|0px|0px|0|false|false&#8221; global_colors_info=&#8221;{}&#8221;][et_pb_row make_equal=&#8221;on&#8221; _builder_version=&#8221;4.27.4&#8243; width_tablet=&#8221;80%&#8221; width_phone=&#8221;80%&#8221; width_last_edited=&#8221;on|phone&#8221; module_alignment=&#8221;center&#8221; custom_margin=&#8221;0px||0px||true|false&#8221; custom_padding=&#8221;|0px||0px|false|true&#8221; global_colors_info=&#8221;{}&#8221;][et_pb_column type=&#8221;4_4&#8243; _builder_version=&#8221;4.27.4&#8243; custom_padding=&#8221;|||&#8221; global_colors_info=&#8221;{}&#8221; custom_padding__hover=&#8221;|||&#8221;][et_pb_text _builder_version=&#8221;4.27.4&#8243; text_font=&#8221;||||||||&#8221; text_text_color=&#8221;#000000&#8243; header_2_text_align=&#8221;left&#8221; header_2_text_color=&#8221;#000000&#8243; header_2_font_size=&#8221;23px&#8221; header_3_text_color=&#8221;#DF192B&#8221; width=&#8221;100%&#8221; module_alignment=&#8221;center&#8221; custom_padding=&#8221;|||10px|false|false&#8221; animation_direction=&#8221;right&#8221; border_width_bottom=&#8221;1px&#8221; border_width_left=&#8221;1px&#8221; locked=&#8221;off&#8221; global_colors_info=&#8221;{}&#8221;]<\/p>\n<h2><strong>Exalco Rom\u00e2nia<\/strong> ofer\u0103 solu\u021bii complete de <strong>tamplarie aluminiu<\/strong> pentru proiecte reziden\u021biale \u0219i comerciale. Sistemele noastre includ usi, ferestre, balustrade, fatade, glisante, pergole \u0219i profile industriale fabricate la standarde europene.<\/h2>\n<p>[\/et_pb_text][\/et_pb_column][\/et_pb_row][et_pb_row column_structure=&#8221;1_2,1_2&#8243; make_equal=&#8221;on&#8221; _builder_version=&#8221;4.27.4&#8243; width_tablet=&#8221;80%&#8221; width_phone=&#8221;80%&#8221; width_last_edited=&#8221;on|phone&#8221; module_alignment=&#8221;center&#8221; custom_margin=&#8221;0px||0px||true|false&#8221; custom_padding=&#8221;|0px||0px|false|true&#8221; global_colors_info=&#8221;{}&#8221;][et_pb_column type=&#8221;1_2&#8243; _builder_version=&#8221;4.27.4&#8243; custom_padding=&#8221;|||&#8221; global_colors_info=&#8221;{}&#8221; custom_padding__hover=&#8221;|||&#8221;][et_pb_image src=&#8221;https:\/\/exalco.ro\/wp-content\/uploads\/2025\/06\/exalco-showroom-fp.webp&#8221; alt=&#8221;Exalco SHowroom&#8221; title_text=&#8221;Exalco Showroom&#8221; src_tablet=&#8221;https:\/\/test.exalco.ro\/wp-content\/uploads\/2025\/01\/exalco-showroom.jpg&#8221; src_phone=&#8221;https:\/\/test.exalco.ro\/wp-content\/uploads\/2025\/01\/exalco-showroom.jpg&#8221; src_last_edited=&#8221;on|phone&#8221; _builder_version=&#8221;4.27.4&#8243; _module_preset=&#8221;default&#8221; width=&#8221;400px&#8221; width_tablet=&#8221;auto&#8221; width_phone=&#8221;auto&#8221; width_last_edited=&#8221;on|tablet&#8221; module_alignment=&#8221;center&#8221; custom_padding=&#8221;|0px||0px|false|true&#8221; animation_direction=&#8221;left&#8221; global_colors_info=&#8221;{}&#8221;][\/et_pb_image][et_pb_button button_url=&#8221;@ET-DC@eyJkeW5hbWljIjp0cnVlLCJjb250ZW50IjoicG9zdF9saW5rX3VybF9wYWdlIiwic2V0dGluZ3MiOnsicG9zdF9pZCI6Ijk0MjUifX0=@&#8221; button_text=&#8221;Descoperi\u021bi mai multe&#8221; button_alignment=&#8221;center&#8221; _builder_version=&#8221;4.27.4&#8243; _dynamic_attributes=&#8221;button_url&#8221; _module_preset=&#8221;default&#8221; custom_button=&#8221;on&#8221; button_text_color=&#8221;#FFFFFF&#8221; button_bg_color=&#8221;#000000&#8243; animation_direction=&#8221;right&#8221; global_colors_info=&#8221;{}&#8221;][\/et_pb_button][\/et_pb_column][et_pb_column type=&#8221;1_2&#8243; _builder_version=&#8221;4.27.4&#8243; custom_padding=&#8221;|||&#8221; custom_css_main_element=&#8221;margin: auto;&#8221; global_colors_info=&#8221;{}&#8221; custom_padding__hover=&#8221;|||&#8221;][et_pb_text _builder_version=&#8221;4.27.4&#8243; text_font=&#8221;||||||||&#8221; header_3_text_color=&#8221;#DF192B&#8221; width=&#8221;100%&#8221; module_alignment=&#8221;center&#8221; animation_direction=&#8221;right&#8221; locked=&#8221;off&#8221; global_colors_info=&#8221;{}&#8221;]<\/p>\n<h3>Showroom-ul EXALCO<\/h3>\n<p>Vino s\u0103 descoperi gama noastr\u0103 de sisteme arhitecturale din aluminiu \u00een showroomul Exalco din Bucure\u0219ti. Vei putea vedea mostre reale, aplica\u021bii diverse \u0219i vei primi sfaturi personalizate de la speciali\u0219tii no\u0219tri.<\/p>\n<p>Te a\u0219tept\u0103m cu idei \u0219i solu\u021bii pentru orice tip de proiect \u2013 de la locuin\u021be la construc\u021bii industriale.<\/p>\n<p>[\/et_pb_text][\/et_pb_column][\/et_pb_row][et_pb_row use_custom_gutter=&#8221;on&#8221; gutter_width=&#8221;1&#8243; custom_padding_last_edited=&#8221;on|phone&#8221; module_id=&#8221;info&#8221; _builder_version=&#8221;4.27.4&#8243; background_color=&#8221;RGBA(255,255,255,0)&#8221; width=&#8221;100%&#8221; width_tablet=&#8221;100%&#8221; width_phone=&#8221;100%&#8221; width_last_edited=&#8221;on|phone&#8221; max_width=&#8221;100%&#8221; custom_margin=&#8221;43px|auto||auto||&#8221; custom_padding=&#8221;|15%|0px|15%|false|true&#8221; custom_padding_tablet=&#8221;|0%||0%|false|true&#8221; custom_padding_phone=&#8221;|0%||0%|false|true&#8221; border_width_top=&#8221;1px&#8221; global_colors_info=&#8221;{}&#8221;][et_pb_column type=&#8221;4_4&#8243; _builder_version=&#8221;4.16&#8243; custom_padding=&#8221;|||&#8221; global_colors_info=&#8221;{}&#8221; custom_padding__hover=&#8221;|||&#8221;][et_pb_text _builder_version=&#8221;4.27.4&#8243; text_font=&#8221;||||||||&#8221; header_3_text_color=&#8221;#DF192B&#8221; custom_padding=&#8221;||||false|true&#8221; custom_padding_tablet=&#8221;|10%||10%|false|true&#8221; custom_padding_phone=&#8221;|10%||10%|false|true&#8221; custom_padding_last_edited=&#8221;on|phone&#8221; locked=&#8221;off&#8221; global_colors_info=&#8221;{}&#8221;]<\/p>\n<h3 style=\"text-align: center;\">Profile Industriale Standard<\/h3>\n<p>Avem pe stoc o gam\u0103 variat\u0103 de profile industriale standard din aluminiu: \u021beav\u0103 rectangular\u0103, profil U, profil L (cornier), profil T (Teu), \u021beav\u0103 rotund\u0103 sau platband\u0103. Verific\u0103 disponibilitatea \u00een timp real sau trimite o cerere de ofert\u0103 personalizat\u0103.<\/p>\n<p>Ne po\u021bi contacta oric\u00e2nd pentru detalii sau oferte la telefon <a href=\"tel:0728063000\"><strong>0728 063 000<\/strong><\/a>, pe email la <a href=\"mailto:office@exalco.ro\"><strong>office@exalco.ro<\/strong><\/a> sau folosind <a href=\"\/solicita-oferta\">formularul de contact<\/a>. R\u0103spundem rapid \u0219i \u00ee\u021bi oferim solu\u021bii adaptate nevoilor tale.<\/p>\n<p>[\/et_pb_text][et_pb_text module_id=&#8221;scroll-galerie&#8221; module_class=&#8221;scroll-galerie&#8221; _builder_version=&#8221;4.27.4&#8243; _module_preset=&#8221;default&#8221; text_orientation=&#8221;center&#8221; custom_padding=&#8221;|10px||10px|false|true&#8221; custom_css_free_form=&#8221;.scroll-galerie {||  display: flex;||  overflow-x: auto;||  gap: 16px;||  padding: 10px 0;||  scroll-snap-type: x mandatory;||  -webkit-overflow-scrolling: touch;||}||||.scroll-galerie img {||  height: auto;||  max-height: 120px;||  flex-shrink: 0;||  scroll-snap-align: start;||  border-radius: 4px;||}||&#8221; global_colors_info=&#8221;{}&#8221;]<\/p>\n<div class=\"scroll-galerie\" style=\"text-align: center;\"><img decoding=\"async\" src=\"https:\/\/exalco.ro\/wp-content\/uploads\/2025\/06\/profil-l-aluminiu-exalco.png-1.webp\" alt=\"Profil L - Cornier\" \/><br \/><img decoding=\"async\" src=\"https:\/\/exalco.ro\/wp-content\/uploads\/2025\/06\/profil-t-aluminiu-exalco.png-1.webp\" alt=\"Profil T - Teu\" \/><br \/><img decoding=\"async\" src=\"https:\/\/exalco.ro\/wp-content\/uploads\/2025\/06\/profil-u-aluminiu-exalco.png-1.webp\" alt=\"Profil U\" \/><br \/><img decoding=\"async\" src=\"https:\/\/exalco.ro\/wp-content\/uploads\/2025\/06\/teava-rotunda-aluminiu-exalco.png-1.webp\" alt=\"Teava Rotunda\" \/><br \/><img decoding=\"async\" src=\"https:\/\/exalco.ro\/wp-content\/uploads\/2025\/06\/teava-rectangulara-aluminiu-exalco.png-1.webp\" alt=\"Teava Rectangulara\" \/><br \/><img decoding=\"async\" src=\"https:\/\/exalco.ro\/wp-content\/uploads\/2025\/06\/profil-platbanda-aluminiu-exalco.png-1.webp\" alt=\"Platbanda\" \/><\/div>\n<p>[\/et_pb_text][\/et_pb_column][\/et_pb_row][et_pb_row column_structure=&#8221;1_2,1_2&#8243; custom_padding_last_edited=&#8221;on|desktop&#8221; module_id=&#8221;info&#8221; _builder_version=&#8221;4.27.4&#8243; background_color=&#8221;RGBA(255,255,255,0)&#8221; width=&#8221;100%&#8221; width_tablet=&#8221;100%&#8221; width_phone=&#8221;100%&#8221; width_last_edited=&#8221;on|desktop&#8221; max_width=&#8221;100%&#8221; custom_margin=&#8221;0px|auto||auto|false|false&#8221; custom_padding=&#8221;|25%||25%|false|true&#8221; custom_padding_tablet=&#8221;|0%||0%|false|true&#8221; custom_padding_phone=&#8221;||||false|true&#8221; border_width_bottom=&#8221;1px&#8221; global_colors_info=&#8221;{}&#8221;][et_pb_column type=&#8221;1_2&#8243; _builder_version=&#8221;4.27.4&#8243; custom_padding=&#8221;|||&#8221; global_colors_info=&#8221;{}&#8221; custom_padding__hover=&#8221;|||&#8221;][et_pb_button button_url=&#8221;@ET-DC@eyJkeW5hbWljIjp0cnVlLCJjb250ZW50IjoicG9zdF9saW5rX3VybF9wYWdlIiwic2V0dGluZ3MiOnsicG9zdF9pZCI6IjkxODQifX0=@&#8221; button_text=&#8221;Stoc Profile Industriale&#8221; button_alignment=&#8221;center&#8221; _builder_version=&#8221;4.27.4&#8243; _dynamic_attributes=&#8221;button_url&#8221; _module_preset=&#8221;default&#8221; custom_button=&#8221;on&#8221; button_text_color=&#8221;#FFFFFF&#8221; button_bg_color=&#8221;#000000&#8243; global_colors_info=&#8221;{}&#8221;][\/et_pb_button][\/et_pb_column][et_pb_column type=&#8221;1_2&#8243; _builder_version=&#8221;4.16&#8243; custom_padding=&#8221;|||&#8221; global_colors_info=&#8221;{}&#8221; custom_padding__hover=&#8221;|||&#8221;][et_pb_button button_url=&#8221;https:\/\/oferta.exalco.ro\/&#8221; url_new_window=&#8221;on&#8221; button_text=&#8221;Oferta Profile Industriale&#8221; button_alignment=&#8221;center&#8221; _builder_version=&#8221;4.27.4&#8243; _module_preset=&#8221;default&#8221; custom_button=&#8221;on&#8221; button_text_color=&#8221;#FFFFFF&#8221; button_bg_color=&#8221;#000000&#8243; global_colors_info=&#8221;{}&#8221;][\/et_pb_button][\/et_pb_column][\/et_pb_row][et_pb_row column_structure=&#8221;1_2,1_2&#8243; make_equal=&#8221;on&#8221; _builder_version=&#8221;4.27.4&#8243; width_tablet=&#8221;80%&#8221; width_phone=&#8221;80%&#8221; width_last_edited=&#8221;on|phone&#8221; module_alignment=&#8221;center&#8221; custom_margin=&#8221;0px||0px||true|false&#8221; custom_padding=&#8221;|0px||0px|false|true&#8221; global_colors_info=&#8221;{}&#8221;][et_pb_column type=&#8221;1_2&#8243; _builder_version=&#8221;4.27.4&#8243; custom_padding=&#8221;|||&#8221; global_colors_info=&#8221;{}&#8221; custom_padding__hover=&#8221;|||&#8221;][et_pb_gallery gallery_ids=&#8221;9661,9321,9320&#8243; fullwidth=&#8221;on&#8221; _builder_version=&#8221;4.27.4&#8243; _module_preset=&#8221;default&#8221; global_colors_info=&#8221;{}&#8221;][\/et_pb_gallery][\/et_pb_column][et_pb_column type=&#8221;1_2&#8243; _builder_version=&#8221;4.27.4&#8243; custom_padding=&#8221;|||&#8221; custom_css_main_element=&#8221;margin: auto;&#8221; global_colors_info=&#8221;{}&#8221; custom_padding__hover=&#8221;|||&#8221;][et_pb_text _builder_version=&#8221;4.27.4&#8243; text_font=&#8221;||||||||&#8221; header_3_text_color=&#8221;#DF192B&#8221; module_alignment=&#8221;center&#8221; animation_direction=&#8221;right&#8221; locked=&#8221;off&#8221; global_colors_info=&#8221;{}&#8221;]<\/p>\n<h3>Balustrad\u0103 din aluminiu \u2013 Siguran\u021b\u0103 &amp; Design Minimalist<\/h3>\n<p>Protec\u021bia \u00eempotriva c\u0103derii \u00een gol este esen\u021bial\u0103 \u00een orice proiect arhitectural modern \u2013 fie c\u0103 vorbim despre spa\u021bii comerciale, birouri sau locuin\u021be private. Exalco \u00ee\u021bi ofer\u0103 o solu\u021bie elegant\u0103 \u0219i sigur\u0103: sistemul de balustrad\u0103 din aluminiu cu sticl\u0103.<br \/>Sistemul este compus dintr-un profil rigid din aluminiu \u0219i sticl\u0103 laminat\u0103 (duplex), cu grosimi variabile \u0219i \u00een\u0103l\u021bimi de p\u00e2n\u0103 la 1100 mm. Este ideal pentru balcoane, terase, sc\u0103ri interioare sau delimit\u0103ri de spa\u021bii \u00een cl\u0103diri moderne.<br \/>Alege o solu\u021bie premium care \u00eembin\u0103 siguran\u021ba cu un design minimalist \u0219i ofer\u0103 un plus de valoare oric\u0103rui proiect.<\/p>\n<p>[\/et_pb_text][et_pb_button button_url=&#8221;@ET-DC@eyJkeW5hbWljIjp0cnVlLCJjb250ZW50IjoicG9zdF9saW5rX3VybF9wb3N0Iiwic2V0dGluZ3MiOnsicG9zdF9pZCI6IjkzOTkifX0=@&#8221; button_text=&#8221;Descoperi\u021bi mai multe&#8221; button_alignment=&#8221;center&#8221; _builder_version=&#8221;4.27.4&#8243; _dynamic_attributes=&#8221;button_url&#8221; _module_preset=&#8221;default&#8221; custom_button=&#8221;on&#8221; button_text_color=&#8221;#FFFFFF&#8221; button_bg_color=&#8221;#000000&#8243; animation_direction=&#8221;right&#8221; global_colors_info=&#8221;{}&#8221;][\/et_pb_button][\/et_pb_column][\/et_pb_row][et_pb_row module_id=&#8221;info&#8221; _builder_version=&#8221;4.27.4&#8243; background_color=&#8221;#f7f7f7&#8243; width_tablet=&#8221;80%&#8221; width_phone=&#8221;80%&#8221; width_last_edited=&#8221;on|phone&#8221; custom_margin=&#8221;43px|auto||auto||&#8221; global_colors_info=&#8221;{}&#8221;][et_pb_column type=&#8221;4_4&#8243; _builder_version=&#8221;4.16&#8243; custom_padding=&#8221;|||&#8221; global_colors_info=&#8221;{}&#8221; custom_padding__hover=&#8221;|||&#8221;][et_pb_text _builder_version=&#8221;4.27.4&#8243; text_font=&#8221;||||||||&#8221; header_3_text_color=&#8221;#DF192B&#8221; custom_padding=&#8221;|20%||20%|false|true&#8221; custom_padding_tablet=&#8221;|10%||10%|false|true&#8221; custom_padding_phone=&#8221;|10%||10%|false|true&#8221; custom_padding_last_edited=&#8221;on|phone&#8221; locked=&#8221;off&#8221; global_colors_info=&#8221;{}&#8221;]<\/p>\n<h3 style=\"text-align: center;\">MyExalco<\/h3>\n<p style=\"text-align: center;\">Portalul nostru de desc\u0103rcare este acum activ! Pute\u021bi desc\u0103rca bro\u0219uri f\u0103r\u0103 \u00eenregistrare. Totu\u0219i, pentru documente tehnice \u0219i date CAD, este necesar\u0103 \u00eenregistrarea.<\/p>\n<p>[\/et_pb_text][et_pb_button button_url=&#8221;@ET-DC@eyJkeW5hbWljIjp0cnVlLCJjb250ZW50IjoicG9zdF9saW5rX3VybF9wYWdlIiwic2V0dGluZ3MiOnsicG9zdF9pZCI6Ijg1ODkifX0=@&#8221; button_text=&#8221;Autenitificare \/ Creare Cont&#8221; button_alignment=&#8221;center&#8221; _builder_version=&#8221;4.27.2&#8243; _dynamic_attributes=&#8221;button_url&#8221; _module_preset=&#8221;default&#8221; custom_button=&#8221;on&#8221; button_text_color=&#8221;#FFFFFF&#8221; button_bg_color=&#8221;#000000&#8243; global_colors_info=&#8221;{}&#8221;][\/et_pb_button][\/et_pb_column][\/et_pb_row][et_pb_row make_equal=&#8221;on&#8221; _builder_version=&#8221;4.27.4&#8243; width_tablet=&#8221;80%&#8221; width_phone=&#8221;80%&#8221; width_last_edited=&#8221;on|phone&#8221; module_alignment=&#8221;center&#8221; custom_margin=&#8221;0px||0px||true|false&#8221; custom_padding=&#8221;|0px||0px|false|true&#8221; global_colors_info=&#8221;{}&#8221;][et_pb_column type=&#8221;4_4&#8243; _builder_version=&#8221;4.27.4&#8243; custom_padding=&#8221;|||&#8221; global_colors_info=&#8221;{}&#8221; custom_padding__hover=&#8221;|||&#8221;][et_pb_heading title=&#8221;\u00centreb\u0103ri \u0219i r\u0103spunsuri &#8221; _builder_version=&#8221;4.27.4&#8243; _module_preset=&#8221;default&#8221; title_level=&#8221;h2&#8243; title_text_align=&#8221;center&#8221; title_text_color=&#8221;#DF192B&#8221; global_colors_info=&#8221;{}&#8221;][\/et_pb_heading][et_pb_toggle title=&#8221;Ce este tamplaria din aluminiu \u0219i de ce este recomandat\u0103?&#8221; _builder_version=&#8221;4.27.4&#8243; _module_preset=&#8221;default&#8221; global_colors_info=&#8221;{}&#8221;]<\/p>\n<p>Tamplaria din aluminiu se refer\u0103 la u\u0219i, ferestre \u0219i alte sisteme construite cu profile din aluminiu, cunoscute pentru rezisten\u021b\u0103, durabilitate \u0219i design modern.<\/p>\n<p>[\/et_pb_toggle][et_pb_toggle title=&#8221;Ce tipuri de tamplarie ofer\u0103 Exalco?&#8221; _builder_version=&#8221;4.27.4&#8243; _module_preset=&#8221;default&#8221; global_colors_info=&#8221;{}&#8221;]<\/p>\n<p>Exalco ofer\u0103 o gam\u0103 complet\u0103 de tamplarie aluminiu: u\u0219i, ferestre, glisante, balustrade, pergole \u0219i profile industriale, adaptate proiectului t\u0103u.<\/p>\n<p>[\/et_pb_toggle][et_pb_toggle title=&#8221;Livra\u021bi tamplaria aluminiu \u00een toat\u0103 \u021bara?&#8221; _builder_version=&#8221;4.27.4&#8243; _module_preset=&#8221;default&#8221; global_colors_info=&#8221;{}&#8221;]<\/p>\n<p>Da, livr\u0103m \u00een toat\u0103 Rom\u00e2nia prin curier sau cu flota proprie, \u00een func\u021bie de volum \u0219i loca\u021bie.<\/p>\n<p>[\/et_pb_toggle][et_pb_toggle title=&#8221;Oferi\u021bi consultan\u021b\u0103 pentru alegerea sistemelor?&#8221; _builder_version=&#8221;4.27.4&#8243; _module_preset=&#8221;default&#8221; global_colors_info=&#8221;{}&#8221;]<\/p>\n<p>Desigur. Echipa noastr\u0103 \u00ee\u021bi ofer\u0103 consultan\u021b\u0103 gratuit\u0103 pentru alegerea celor mai potrivite sisteme din aluminiu, \u00een func\u021bie de nevoile proiectului. Te a\u0219tept\u0103m \u0219i \u00een <strong data-start=\"604\" data-end=\"640\">showroom-ul Exalco din Bucure\u0219ti<\/strong>, unde po\u021bi vedea produse reale \u0219i primi recomand\u0103ri direct de la speciali\u0219tii no\u0219tri.<\/p>\n<p>[\/et_pb_toggle][et_pb_toggle title=&#8221;Produsele beneficiaz\u0103 de garan\u021bie?&#8221; _builder_version=&#8221;4.27.4&#8243; _module_preset=&#8221;default&#8221; global_colors_info=&#8221;{}&#8221;]<\/p>\n<p>Toate produsele noastre beneficiaz\u0103 de garan\u021bie conform legisla\u021biei \u0219i standardelor europene \u00een vigoare.<\/p>\n<p>[\/et_pb_toggle][\/et_pb_column][\/et_pb_row][\/et_pb_section]<\/p>\n","protected":false},"excerpt":{"rendered":"<p>Tamplarie Aluminiu Pentru Proiecte Rezidentiale \u0219i Comerciale Usi \u2022 Ferestre \u2022 Glisante \u2022 Pereti Cortina \u2022 Pergole \u2022 Balustrade \u2022 Profile industrialeExalco Rom\u00e2nia ofer\u0103 solu\u021bii complete de tamplarie aluminiu pentru proiecte reziden\u021biale \u0219i comerciale. Sistemele noastre includ usi, ferestre, balustrade, fatade, glisante, pergole \u0219i profile industriale fabricate la standarde europene.Showroom-ul EXALCO Vino s\u0103 descoperi gama [&hellip;]<\/p>\n","protected":false},"author":1,"featured_media":0,"parent":0,"menu_order":0,"comment_status":"closed","ping_status":"closed","template":"","meta":{"_acf_changed":false,"_et_pb_use_builder":"on","_et_pb_old_content":"","_et_gb_content_width":"","footnotes":""},"categories":[],"tags":[],"class_list":["post-31","page","type-page","status-publish","hentry"],"acf":[],"_links":{"self":[{"href":"https:\/\/exalco.ro\/en\/wp-json\/wp\/v2\/pages\/31","targetHints":{"allow":["GET"]}}],"collection":[{"href":"https:\/\/exalco.ro\/en\/wp-json\/wp\/v2\/pages"}],"about":[{"href":"https:\/\/exalco.ro\/en\/wp-json\/wp\/v2\/types\/page"}],"author":[{"embeddable":true,"href":"https:\/\/exalco.ro\/en\/wp-json\/wp\/v2\/users\/1"}],"replies":[{"embeddable":true,"href":"https:\/\/exalco.ro\/en\/wp-json\/wp\/v2\/comments?post=31"}],"version-history":[{"count":13,"href":"https:\/\/exalco.ro\/en\/wp-json\/wp\/v2\/pages\/31\/revisions"}],"predecessor-version":[{"id":10432,"href":"https:\/\/exalco.ro\/en\/wp-json\/wp\/v2\/pages\/31\/revisions\/10432"}],"wp:attachment":[{"href":"https:\/\/exalco.ro\/en\/wp-json\/wp\/v2\/media?parent=31"}],"wp:term":[{"taxonomy":"category","embeddable":true,"href":"https:\/\/exalco.ro\/en\/wp-json\/wp\/v2\/categories?post=31"},{"taxonomy":"post_tag","embeddable":true,"href":"https:\/\/exalco.ro\/en\/wp-json\/wp\/v2\/tags?post=31"}],"curies":[{"name":"wp","href":"https:\/\/api.w.org\/{rel}","templated":true}]}}