{"id":7601,"date":"2024-04-18T11:37:31","date_gmt":"2024-04-18T11:37:31","guid":{"rendered":"https:\/\/test.exalco.ro\/?page_id=7601"},"modified":"2025-07-17T14:31:02","modified_gmt":"2025-07-17T12:31:02","slug":"despre-exalco","status":"publish","type":"page","link":"https:\/\/exalco.ro\/en\/despre-exalco\/","title":{"rendered":"About EXALCO"},"content":{"rendered":"<p>[et_pb_section fb_built=&#8221;1&#8243; _builder_version=&#8221;4.27.4&#8243; _module_preset=&#8221;default&#8221; custom_margin=&#8221;||0px||false|false&#8221; custom_padding=&#8221;||0px||false|false&#8221; animation_style=&#8221;fade&#8221; global_colors_info=&#8221;{}&#8221;][et_pb_row _builder_version=&#8221;4.27.4&#8243; _module_preset=&#8221;default&#8221; width_tablet=&#8221;&#8221; width_phone=&#8221;90%&#8221; width_last_edited=&#8221;on|phone&#8221; custom_margin=&#8221;25px||||false|false&#8221; custom_padding=&#8221;20px|20px|20px|20px|true|true&#8221; animation_direction=&#8221;top&#8221; border_width_bottom=&#8221;1px&#8221; border_width_left=&#8221;1px&#8221; global_colors_info=&#8221;{}&#8221;][et_pb_column type=&#8221;4_4&#8243; _builder_version=&#8221;4.27.2&#8243; _module_preset=&#8221;default&#8221; global_colors_info=&#8221;{}&#8221;][et_pb_heading title=&#8221;Despre Exalco Rom\u00e2nia&#8221; _builder_version=&#8221;4.27.4&#8243; _module_preset=&#8221;default&#8221; title_text_color=&#8221;#DF192B&#8221; animation_direction=&#8221;right&#8221; hover_enabled=&#8221;0&#8243; global_colors_info=&#8221;{}&#8221; sticky_enabled=&#8221;0&#8243; title_font_size=&#8221;26px&#8221;][\/et_pb_heading][et_pb_text _builder_version=&#8221;4.27.4&#8243; text_font=&#8221;||||||||&#8221; custom_margin=&#8221;0px|0px|0px|0px|true|true&#8221; custom_padding=&#8221;0px|0px|10px|0px|false|true&#8221; animation_direction=&#8221;right&#8221; hover_enabled=&#8221;0&#8243; locked=&#8221;off&#8221; global_colors_info=&#8221;{}&#8221; sticky_enabled=&#8221;0&#8243;]<\/p>\n<p><strong>Exalco Rom\u00e2nia<\/strong> este parte a companiei interna\u021bionale <strong>Exalco S.A.<\/strong>, unul dintre liderii europeni \u00een produc\u021bia de <strong>profile din aluminiu<\/strong>. Cu peste 50 de ani de experien\u021b\u0103 \u00een <strong>extrudare aluminiu<\/strong> \u0219i prezen\u021b\u0103 \u00een peste 20 de \u021b\u0103ri, oferim solu\u021bii moderne \u0219i sustenabile pentru construc\u021bii reziden\u021biale, comerciale \u0219i industriale.<\/p>\n<p>[\/et_pb_text][et_pb_video src=&#8221;https:\/\/www.youtube.com\/watch?v=rtMdkcDHDTM&#038;t=84s&#8221; _builder_version=&#8221;4.27.3&#8243; _module_preset=&#8221;default&#8221; global_colors_info=&#8221;{}&#8221;][\/et_pb_video][\/et_pb_column][\/et_pb_row][et_pb_row _builder_version=&#8221;4.27.4&#8243; _module_preset=&#8221;default&#8221; width_tablet=&#8221;&#8221; width_phone=&#8221;90%&#8221; width_last_edited=&#8221;on|phone&#8221; custom_padding=&#8221;20px|20px|20px|20px|true|true&#8221; animation_direction=&#8221;top&#8221; border_width_right=&#8221;1px&#8221; border_width_bottom=&#8221;1px&#8221; global_colors_info=&#8221;{}&#8221;][et_pb_column type=&#8221;4_4&#8243; _builder_version=&#8221;4.27.2&#8243; _module_preset=&#8221;default&#8221; global_colors_info=&#8221;{}&#8221;][et_pb_heading title=&#8221;Cine suntem&#8221; _builder_version=&#8221;4.27.4&#8243; _module_preset=&#8221;default&#8221; title_level=&#8221;h2&#8243; title_text_color=&#8221;#DF192B&#8221; animation_direction=&#8221;right&#8221; hover_enabled=&#8221;0&#8243; global_colors_info=&#8221;{}&#8221; sticky_enabled=&#8221;0&#8243;][\/et_pb_heading][et_pb_text _builder_version=&#8221;4.27.4&#8243; text_font=&#8221;||||||||&#8221; custom_margin=&#8221;0px|0px|0px|0px|true|true&#8221; custom_padding=&#8221;0px|0px|10px|0px|false|true&#8221; animation_direction=&#8221;right&#8221; hover_enabled=&#8221;0&#8243; locked=&#8221;off&#8221; global_colors_info=&#8221;{}&#8221; sticky_enabled=&#8221;0&#8243;]<\/p>\n<p>Fondat\u0103 \u00een 2003, Exalco Rom\u00e2nia opereaz\u0103 dintr-un centru logistic de 10.000 mp \u00een Bragadiru \u2013 Ilfov \u0219i distribuie o gam\u0103 complet\u0103 de <strong>sisteme din aluminiu<\/strong>:<\/p>\n<ul>\n<li>t\u00e2mpl\u0103rie pentru u\u0219i \u0219i ferestre<\/li>\n<li>sisteme glisante<\/li>\n<li>pere\u021bi cortin\u0103<\/li>\n<li>sisteme de umbrire \u0219i balustrade<\/li>\n<li>profile industriale pentru aplica\u021bii tehnice<\/li>\n<\/ul>\n<p>[\/et_pb_text][et_pb_image src=&#8221;https:\/\/exalco.ro\/wp-content\/uploads\/2025\/01\/exalco-depozit-out.jpg&#8221; title_text=&#8221;exalco-depozit-out&#8221; _builder_version=&#8221;4.27.4&#8243; _module_preset=&#8221;default&#8221; hover_enabled=&#8221;0&#8243; global_colors_info=&#8221;{}&#8221; sticky_enabled=&#8221;0&#8243;][\/et_pb_image][\/et_pb_column][\/et_pb_row][et_pb_row column_structure=&#8221;1_2,1_2&#8243; _builder_version=&#8221;4.27.4&#8243; width_tablet=&#8221;&#8221; width_phone=&#8221;90%&#8221; width_last_edited=&#8221;on|phone&#8221; custom_padding=&#8221;20px|20px|20px|20px|true|true&#8221; border_width_bottom=&#8221;1px&#8221; border_width_left=&#8221;1px&#8221; global_colors_info=&#8221;{}&#8221;][et_pb_column type=&#8221;1_2&#8243; _builder_version=&#8221;4.27.4&#8243; background_enable_image=&#8221;off&#8221; parallax=&#8221;on&#8221; custom_padding=&#8221;|||&#8221; global_colors_info=&#8221;{}&#8221; custom_padding__hover=&#8221;|||&#8221;][et_pb_image src=&#8221;https:\/\/exalco.ro\/wp-content\/uploads\/2025\/01\/exalco-depozit.jpg&#8221; title_text=&#8221;exalco-depozit&#8221; _builder_version=&#8221;4.27.4&#8243; _module_preset=&#8221;default&#8221; hover_enabled=&#8221;0&#8243; global_colors_info=&#8221;{}&#8221; sticky_enabled=&#8221;0&#8243;][\/et_pb_image][\/et_pb_column][et_pb_column type=&#8221;1_2&#8243; _builder_version=&#8221;4.27.4&#8243; background_image=&#8221;https:\/\/test.exalco.ro\/wp-content\/uploads\/2024\/04\/exalco_ocupam.svg&#8221; background_size=&#8221;custom&#8221; background_position=&#8221;center_right&#8221; background_blend=&#8221;luminosity&#8221; custom_padding=&#8221;|||&#8221; background_last_edited=&#8221;on|phone&#8221; custom_css_main_element=&#8221;margin: auto;&#8221; global_colors_info=&#8221;{}&#8221; custom_padding__hover=&#8221;|||&#8221;][et_pb_heading title=&#8221;Misiunea noastr\u0103&#8221; _builder_version=&#8221;4.27.4&#8243; _module_preset=&#8221;default&#8221; title_level=&#8221;h2&#8243; title_text_color=&#8221;#DF192B&#8221; animation_direction=&#8221;right&#8221; global_colors_info=&#8221;{}&#8221;][\/et_pb_heading][et_pb_text _builder_version=&#8221;4.27.4&#8243; text_font=&#8221;||||||||&#8221; custom_margin=&#8221;0px|0px|0px|0px|true|true&#8221; custom_padding=&#8221;0px|0px|10px|0px|false|true&#8221; animation_direction=&#8221;right&#8221; hover_enabled=&#8221;0&#8243; locked=&#8221;off&#8221; global_colors_info=&#8221;{}&#8221; sticky_enabled=&#8221;0&#8243;]<\/p>\n<p>Ne propunem s\u0103 oferim <strong>solu\u021bii complete din aluminiu<\/strong>, inovatoare, eficiente energetic \u0219i adaptate cerin\u021belor moderne de siguran\u021b\u0103, design \u0219i sustenabilitate.<\/p>\n<p>[\/et_pb_text][et_pb_heading title=&#8221;Ce facem&#8221; _builder_version=&#8221;4.27.4&#8243; _module_preset=&#8221;default&#8221; title_level=&#8221;h2&#8243; title_text_color=&#8221;#DF192B&#8221; animation_direction=&#8221;right&#8221; hover_enabled=&#8221;0&#8243; global_colors_info=&#8221;{}&#8221; sticky_enabled=&#8221;0&#8243;][\/et_pb_heading][et_pb_text _builder_version=&#8221;4.27.4&#8243; text_font=&#8221;||||||||&#8221; animation_direction=&#8221;right&#8221; hover_enabled=&#8221;0&#8243; locked=&#8221;off&#8221; global_colors_info=&#8221;{}&#8221; sticky_enabled=&#8221;0&#8243;]<\/p>\n<p>Furniz\u0103m <strong>sisteme de aluminiu<\/strong> pentru orice tip de cl\u0103dire \u0219i oferim <strong>consultan\u021b\u0103 tehnic\u0103<\/strong> \u00een toate etapele proiectului: proiectare, bugetare, selec\u021bie, implementare. Colabor\u0103m cu:<\/p>\n<ul>\n<li>arhitec\u021bi \u0219i proiectan\u021bi<\/li>\n<li>constructori \u0219i montatori<\/li>\n<li>antreprenori generali<\/li>\n<\/ul>\n<p>[\/et_pb_text][\/et_pb_column][\/et_pb_row][et_pb_row make_equal=&#8221;on&#8221; _builder_version=&#8221;4.27.4&#8243; background_image=&#8221;https:\/\/test.exalco.ro\/wp-content\/uploads\/2024\/04\/exalco-folozofie.svg&#8221; background_size=&#8221;initial&#8221; background_position=&#8221;center_right&#8221; background_horizontal_offset=&#8221;1%&#8221; background_blend=&#8221;exclusion&#8221; width_tablet=&#8221;&#8221; width_phone=&#8221;90%&#8221; width_last_edited=&#8221;on|phone&#8221; custom_padding=&#8221;20px|20px|20px|20px|true|true&#8221; animation_direction=&#8221;top&#8221; border_width_right=&#8221;1px&#8221; border_width_bottom=&#8221;1px&#8221; global_colors_info=&#8221;{}&#8221;][et_pb_column type=&#8221;4_4&#8243; _builder_version=&#8221;4.16&#8243; custom_padding=&#8221;|||&#8221; global_colors_info=&#8221;{}&#8221; custom_padding__hover=&#8221;|||&#8221;][et_pb_heading title=&#8221;Valorile noastre&#8221; _builder_version=&#8221;4.27.4&#8243; _module_preset=&#8221;default&#8221; title_level=&#8221;h2&#8243; title_text_color=&#8221;#DF192B&#8221; custom_padding=&#8221;0px|0px|0px|0px|true|true&#8221; global_colors_info=&#8221;{}&#8221;][\/et_pb_heading][et_pb_text _builder_version=&#8221;4.27.4&#8243; text_font=&#8221;||||||||&#8221; custom_margin=&#8221;0px|0px|0px|0px|true|true&#8221; custom_padding=&#8221;0px|0px|0px|0px|true|true&#8221; animation_direction=&#8221;right&#8221; hover_enabled=&#8221;0&#8243; locked=&#8221;off&#8221; global_colors_info=&#8221;{}&#8221; sticky_enabled=&#8221;0&#8243;]<\/p>\n<ul>\n<li>Comunicare deschis\u0103 \u0219i colaborare pe termen lung<\/li>\n<li>Traininguri tehnice \u0219i transfer de know-how<\/li>\n<li>Adaptare la standarde locale \u0219i interna\u021bionale<\/li>\n<li>Sustenabilitate integrat\u0103<\/li>\n<li>Control al calit\u0103\u021bii \u00een fiecare etap\u0103<\/li>\n<\/ul>\n<p>[\/et_pb_text][\/et_pb_column][\/et_pb_row][et_pb_row make_equal=&#8221;on&#8221; _builder_version=&#8221;4.27.4&#8243; background_enable_image=&#8221;off&#8221; background_size=&#8221;contain&#8221; background_position=&#8221;center_right&#8221; width_tablet=&#8221;&#8221; width_phone=&#8221;90%&#8221; width_last_edited=&#8221;on|phone&#8221; module_alignment=&#8221;center&#8221; custom_padding=&#8221;20px|20px|20px|20px|true|true&#8221; animation_direction=&#8221;top&#8221; border_width_bottom=&#8221;1px&#8221; border_width_left=&#8221;1px&#8221; global_colors_info=&#8221;{}&#8221;][et_pb_column type=&#8221;4_4&#8243; _builder_version=&#8221;4.16&#8243; custom_padding=&#8221;|||&#8221; global_colors_info=&#8221;{}&#8221; custom_padding__hover=&#8221;|||&#8221;][et_pb_heading title=&#8221;Showroom Virtual Exalco&#8221; _builder_version=&#8221;4.27.4&#8243; _module_preset=&#8221;default&#8221; title_level=&#8221;h2&#8243; title_text_color=&#8221;#DF192B&#8221; custom_padding=&#8221;0px|0px|0px|0px|true|true&#8221; hover_enabled=&#8221;0&#8243; global_colors_info=&#8221;{}&#8221; sticky_enabled=&#8221;0&#8243;][\/et_pb_heading][et_pb_text _builder_version=&#8221;4.27.4&#8243; text_font=&#8221;||||||||&#8221; custom_margin=&#8221;0px|0px|0px|0px|true|true&#8221; custom_padding=&#8221;0px|0px|10px|0px|false|true&#8221; animation_direction=&#8221;right&#8221; hover_enabled=&#8221;0&#8243; locked=&#8221;off&#8221; global_colors_info=&#8221;{}&#8221; sticky_enabled=&#8221;0&#8243;]<\/p>\n<p>Viziteaz\u0103 showroomul Exalco din Otopeni prin turul nostru virtual interactiv. Descoper\u0103 cele mai noi <strong>sisteme din aluminiu<\/strong> \u2013 de la <strong>t\u00e2mpl\u0103rie<\/strong> \u0219i <strong>glisante<\/strong> p\u00e2n\u0103 la <strong>balustrade<\/strong> \u0219i <strong>fa\u021bade moderne<\/strong> \u2013 \u00eentr-un spa\u021biu real amenajat.<\/p>\n<p>[\/et_pb_text][et_pb_code _builder_version=&#8221;4.27.4&#8243; _module_preset=&#8221;default&#8221; text_orientation=&#8221;center&#8221; module_alignment=&#8221;center&#8221; global_colors_info=&#8221;{}&#8221;]<iframe loading=\"lazy\" width=\"853\" height=\"480\" src=\"https:\/\/my.matterport.com\/show\/?m=pENoaJzHfNT\" frameborder=\"0\" allowfullscreen=\"\" allow=\"xr-spatial-tracking\"><\/iframe>[\/et_pb_code][\/et_pb_column][\/et_pb_row][et_pb_row _builder_version=&#8221;4.27.4&#8243; _module_preset=&#8221;default&#8221; width_tablet=&#8221;&#8221; width_phone=&#8221;90%&#8221; width_last_edited=&#8221;on|phone&#8221; custom_padding=&#8221;20px|20px|20px|20px|true|true&#8221; border_width_right=&#8221;1px&#8221; global_colors_info=&#8221;{}&#8221;][et_pb_column type=&#8221;4_4&#8243; _builder_version=&#8221;4.24.3&#8243; _module_preset=&#8221;default&#8221; global_colors_info=&#8221;{}&#8221;][et_pb_heading title=&#8221;Unde ne gasiti?&#8221; _builder_version=&#8221;4.27.4&#8243; _module_preset=&#8221;default&#8221; title_level=&#8221;h2&#8243; title_text_color=&#8221;#DF192B&#8221; custom_padding=&#8221;0px|0px|0px|0px|true|true&#8221; global_colors_info=&#8221;{}&#8221;][\/et_pb_heading][et_pb_text _builder_version=&#8221;4.27.4&#8243; text_font=&#8221;||||||||&#8221; custom_margin=&#8221;0px|0px|0px|0px|true|true&#8221; custom_padding=&#8221;0px|0px|10px|0px|false|true&#8221; animation_direction=&#8221;right&#8221; hover_enabled=&#8221;0&#8243; locked=&#8221;off&#8221; global_colors_info=&#8221;{}&#8221; sticky_enabled=&#8221;0&#8243;]<\/p>\n<p>Ne g\u0103se\u0219ti \u00een <strong>Bragadiru<\/strong> \u0219i <strong>Otopeni \u2013 Ilfov<\/strong>. Contacteaz\u0103-ne pentru detalii despre produse, proiecte sau parteneriate. Echipa noastr\u0103 \u00ee\u021bi st\u0103 la dispozi\u021bie cu solu\u021bii eficiente \u0219i suport complet.<\/p>\n<p>[\/et_pb_text][et_pb_map address=&#8221;Bucharest, Romania&#8221; zoom_level=&#8221;10&#8243; address_lat=&#8221;44.455201648492&#8243; address_lng=&#8221;26.099791817969&#8243; _builder_version=&#8221;4.24.3&#8243; _module_preset=&#8221;default&#8221; global_colors_info=&#8221;{}&#8221;][et_pb_map_pin title=&#8221;Exalco Showroom&#8221; pin_address=&#8221;Calea Bucure\u0219tilor 252, Otopeni 075100, Romania&#8221; pin_address_lat=&#8221;44.5835809&#8243; pin_address_lng=&#8221;26.0708698&#8243; _builder_version=&#8221;4.24.3&#8243; _module_preset=&#8221;default&#8221; global_colors_info=&#8221;{}&#8221;]<\/p>\n<p>Calea Bucure\u0219tilor 252, Otopeni<\/p>\n<p><a href=\"mailto:office@exalco.ro\">office@exalco.ro<\/a>\u00a0<\/p>\n<p>021 369 32 76<\/p>\n<p>&nbsp;<\/p>\n<p>&nbsp;<\/p>\n<p>&nbsp;<\/p>\n<p>[\/et_pb_map_pin][et_pb_map_pin title=&#8221;Exalco Depozit&#8221; pin_address=&#8221;Centura Bucure\u0219ti 11, Bragadiru 077025, Romania&#8221; pin_address_lat=&#8221;44.3816385&#8243; pin_address_lng=&#8221;25.9942658&#8243; _builder_version=&#8221;4.24.3&#8243; _module_preset=&#8221;default&#8221; global_colors_info=&#8221;{}&#8221;]<\/p>\n<p>Centura Bucure\u0219ti 11, Bragadiru<\/p>\n<p><a href=\"mailto:office@exalco.ro\">office@exalco.ro<\/a><\/p>\n<p>021 369 32 75<\/p>\n<p>[\/et_pb_map_pin][\/et_pb_map][\/et_pb_column][\/et_pb_row][\/et_pb_section]<\/p>\n","protected":false},"excerpt":{"rendered":"<p>Exalco Rom\u00e2nia este parte a companiei interna\u021bionale Exalco S.A., unul dintre liderii europeni \u00een produc\u021bia de profile din aluminiu. Cu peste 50 de ani de experien\u021b\u0103 \u00een extrudare aluminiu \u0219i prezen\u021b\u0103 \u00een peste 20 de \u021b\u0103ri, oferim solu\u021bii moderne \u0219i sustenabile pentru construc\u021bii reziden\u021biale, comerciale \u0219i industriale.Fondat\u0103 \u00een 2003, Exalco Rom\u00e2nia opereaz\u0103 dintr-un centru logistic [&hellip;]<\/p>\n","protected":false},"author":1,"featured_media":0,"parent":0,"menu_order":0,"comment_status":"closed","ping_status":"closed","template":"","meta":{"_acf_changed":false,"_et_pb_use_builder":"on","_et_pb_old_content":"","_et_gb_content_width":"","footnotes":""},"categories":[],"tags":[],"class_list":["post-7601","page","type-page","status-publish","hentry"],"acf":[],"_links":{"self":[{"href":"https:\/\/exalco.ro\/en\/wp-json\/wp\/v2\/pages\/7601","targetHints":{"allow":["GET"]}}],"collection":[{"href":"https:\/\/exalco.ro\/en\/wp-json\/wp\/v2\/pages"}],"about":[{"href":"https:\/\/exalco.ro\/en\/wp-json\/wp\/v2\/types\/page"}],"author":[{"embeddable":true,"href":"https:\/\/exalco.ro\/en\/wp-json\/wp\/v2\/users\/1"}],"replies":[{"embeddable":true,"href":"https:\/\/exalco.ro\/en\/wp-json\/wp\/v2\/comments?post=7601"}],"version-history":[{"count":1,"href":"https:\/\/exalco.ro\/en\/wp-json\/wp\/v2\/pages\/7601\/revisions"}],"predecessor-version":[{"id":10034,"href":"https:\/\/exalco.ro\/en\/wp-json\/wp\/v2\/pages\/7601\/revisions\/10034"}],"wp:attachment":[{"href":"https:\/\/exalco.ro\/en\/wp-json\/wp\/v2\/media?parent=7601"}],"wp:term":[{"taxonomy":"category","embeddable":true,"href":"https:\/\/exalco.ro\/en\/wp-json\/wp\/v2\/categories?post=7601"},{"taxonomy":"post_tag","embeddable":true,"href":"https:\/\/exalco.ro\/en\/wp-json\/wp\/v2\/tags?post=7601"}],"curies":[{"name":"wp","href":"https:\/\/api.w.org\/{rel}","templated":true}]}}