{"id":7730,"date":"2024-04-19T09:14:44","date_gmt":"2024-04-19T09:14:44","guid":{"rendered":"https:\/\/test.exalco.ro\/?page_id=7730"},"modified":"2025-07-30T09:24:33","modified_gmt":"2025-07-30T07:24:33","slug":"sustenabilitate","status":"publish","type":"page","link":"https:\/\/exalco.ro\/en\/sustenabilitate\/","title":{"rendered":"Sustainability"},"content":{"rendered":"<p>[et_pb_section fb_built=&#8221;1&#8243; _builder_version=&#8221;4.27.4&#8243; _module_preset=&#8221;default&#8221; custom_margin=&#8221;||0px||false|false&#8221; custom_padding=&#8221;||0px||false|false&#8221; animation_style=&#8221;fade&#8221; global_colors_info=&#8221;{}&#8221;][et_pb_row column_structure=&#8221;1_2,1_2&#8243; make_equal=&#8221;on&#8221; _builder_version=&#8221;4.27.4&#8243; parallax=&#8221;on&#8221; width_tablet=&#8221;&#8221; width_phone=&#8221;90%&#8221; width_last_edited=&#8221;on|phone&#8221; custom_margin=&#8221;25px||||false|false&#8221; custom_padding=&#8221;20px|20px|20px|20px|true|true&#8221; custom_css_main_element=&#8221;margin: auto;\t \t&#8221; border_width_bottom=&#8221;1px&#8221; border_width_left=&#8221;1px&#8221; border_color_left=&#8221;#000000&#8243; global_colors_info=&#8221;{}&#8221;][et_pb_column type=&#8221;1_2&#8243; _builder_version=&#8221;4.27.4&#8243; background_enable_image=&#8221;off&#8221; parallax=&#8221;on&#8221; custom_padding=&#8221;|||&#8221; global_colors_info=&#8221;{}&#8221; custom_padding__hover=&#8221;|||&#8221;][et_pb_image src=&#8221;https:\/\/test.exalco.ro\/wp-content\/uploads\/2024\/04\/exalco-sustenabilitate_1-copy.webp&#8221; title_text=&#8221;exalco-sustenabilitate_1 copy&#8221; _builder_version=&#8221;4.27.4&#8243; _module_preset=&#8221;default&#8221; animation_direction=&#8221;left&#8221; global_colors_info=&#8221;{}&#8221;][\/et_pb_image][\/et_pb_column][et_pb_column type=&#8221;1_2&#8243; _builder_version=&#8221;4.24.3&#8243; custom_padding=&#8221;|||&#8221; custom_css_main_element=&#8221;margin: auto;&#8221; global_colors_info=&#8221;{}&#8221; custom_padding__hover=&#8221;|||&#8221;][et_pb_heading title=&#8221;Sustenabilitate&#8221; _builder_version=&#8221;4.27.4&#8243; _module_preset=&#8221;default&#8221; title_level=&#8221;h2&#8243; title_text_color=&#8221;#000000&#8243; animation_direction=&#8221;right&#8221; global_colors_info=&#8221;{}&#8221;][\/et_pb_heading][et_pb_text _builder_version=&#8221;4.27.4&#8243; text_font=&#8221;||||||||&#8221; animation_direction=&#8221;right&#8221; locked=&#8221;off&#8221; global_colors_info=&#8221;{}&#8221;]<\/p>\n<p>Acesta este motivul pentru care ne-am angajat s\u0103 o protej\u0103m \u00een fiecare etap\u0103 a procesului nostru de produc\u021bie.<br \/>\u00centr-un mod care respect\u0103 mediul natural \u0219i social, Exalco \u2013 \u00een mod similar cu \u00eenlocuirea sistemelor \u2013 investe\u0219te \u00een energie verde \u0219i dezvoltare durabil\u0103, cu scopul de a produce aluminiu 100% \u201everde\u201d \u00een urm\u0103torii 3 ani, adic\u0103 sisteme din aluminiu cu zero amprent\u0103 energetic\u0103.<br \/>Pentru un viitor mai durabil \u00een ecosistemul de ne\u00eenlocuit al P\u0103m\u00e2ntului!<\/p>\n<p>[\/et_pb_text][\/et_pb_column][\/et_pb_row][et_pb_row column_structure=&#8221;1_2,1_2&#8243; make_equal=&#8221;on&#8221; _builder_version=&#8221;4.27.4&#8243; parallax=&#8221;on&#8221; width_tablet=&#8221;&#8221; width_phone=&#8221;90%&#8221; width_last_edited=&#8221;on|phone&#8221; custom_padding=&#8221;20px|20px|20px|20px|true|true&#8221; custom_css_main_element=&#8221;margin: auto;\t \t&#8221; border_width_right=&#8221;1px&#8221; border_width_bottom=&#8221;1px&#8221; global_colors_info=&#8221;{}&#8221;][et_pb_column type=&#8221;1_2&#8243; _builder_version=&#8221;4.24.3&#8243; background_enable_image=&#8221;off&#8221; parallax=&#8221;on&#8221; custom_padding=&#8221;|||&#8221; global_colors_info=&#8221;{}&#8221; custom_padding__hover=&#8221;|||&#8221;][et_pb_heading title=&#8221;Sustenabilitate \u00een practic\u0103&#8221; _builder_version=&#8221;4.27.4&#8243; _module_preset=&#8221;default&#8221; title_level=&#8221;h2&#8243; title_text_color=&#8221;#000000&#8243; animation_direction=&#8221;left&#8221; global_colors_info=&#8221;{}&#8221;][\/et_pb_heading][et_pb_text _builder_version=&#8221;4.27.4&#8243; text_font=&#8221;||||||||&#8221; animation_direction=&#8221;left&#8221; locked=&#8221;off&#8221; global_colors_info=&#8221;{}&#8221;]<\/p>\n<p>De aproape 50 de ani, Exalco furnizeaz\u0103 caselor noastre sisteme de aluminiu de \u00eenalt\u0103 calitate care ne protejeaz\u0103 via\u021ba \u00een ele. Prin extinderea abord\u0103rii noastre fa\u021b\u0103 de mediu, dezvolt\u0103m practici durabile prin crearea condi\u021biilor \u0219i infrastructurii adecvate pentru prosperitatea pe termen lung, pentru o planet\u0103 mai \u201everde\u201d.<\/p>\n<h4>Certificare standard interna\u021bional\u0103<\/h4>\n<p>Exalco este certificat\u0103 conform Standardului Interna\u021bional ISO 14001:2015 pentru Managementul Mediului \u0219i Standardului Interna\u021bional ISO 50001:2018 pentru Managementul Energiei. Contribuim \u00een fiecare zi la economisirea energiei, la minimizarea amprentei de carbon \u0219i la reducerea costurilor prin promovarea utiliz\u0103rii durabile a energiei.<\/p>\n<h4>Reciclare<\/h4>\n<p>Recicl\u0103m 100% de\u0219eurile provenite din produc\u021bia primar\u0103 (\u00een colaborare cu compania \u201eEPALME\u201d) \u0219i secundar\u0103 de materii prime, precum h\u00e2rtie, plastic \u0219i lemn (\u00een colaborare cu diverse companii de reciclare), \u0219i aplic\u0103m procesul de piroliz\u0103 pentru gestionarea de\u0219eurilor (unde de\u0219eurile reziduale sunt livrate companiei \u201ePOLYECO\u201d), contribuind astfel la \u00eembun\u0103t\u0103\u021birea calit\u0103\u021bii vie\u021bii \u0219i la crearea unui mediu curat.<\/p>\n<h4>Instalarea centralelor fotovoltaice<\/h4>\n<p>Pentru producerea de energie \u201everde\u201d, Exalco a instalat sisteme fotovoltaice pe acoperi\u0219urile industriale ale fabricilor \u0219i \u00een parcuri fotovoltaice private, gener\u00e2nd energie pentru uz propriu. \u00cen prezent, 50% din energia consumat\u0103 provine din surse regenerabile. Scopul nostru este s\u0103 satisfacem 100% din nevoile noastre \u00een urm\u0103torii 3 ani (p\u00e2n\u0103 \u00een 2024).<\/p>\n<p>[\/et_pb_text][\/et_pb_column][et_pb_column type=&#8221;1_2&#8243; _builder_version=&#8221;4.24.3&#8243; custom_padding=&#8221;|||&#8221; custom_css_main_element=&#8221;margin: auto;&#8221; global_colors_info=&#8221;{}&#8221; custom_padding__hover=&#8221;|||&#8221;][et_pb_image src=&#8221;https:\/\/test.exalco.ro\/wp-content\/uploads\/2024\/04\/exalco-sustenabilitate_2.webp&#8221; title_text=&#8221;exalco-sustenabilitate_2&#8243; _builder_version=&#8221;4.27.4&#8243; _module_preset=&#8221;default&#8221; animation_direction=&#8221;right&#8221; global_colors_info=&#8221;{}&#8221;][\/et_pb_image][\/et_pb_column][\/et_pb_row][et_pb_row make_equal=&#8221;on&#8221; _builder_version=&#8221;4.27.4&#8243; parallax=&#8221;on&#8221; width_tablet=&#8221;&#8221; width_phone=&#8221;90%&#8221; width_last_edited=&#8221;on|phone&#8221; custom_padding=&#8221;20px|20px|20px|20px|true|true&#8221; custom_css_main_element=&#8221;margin: auto;\t \t&#8221; border_width_left=&#8221;1px&#8221; global_colors_info=&#8221;{}&#8221;][et_pb_column type=&#8221;4_4&#8243; _builder_version=&#8221;4.24.3&#8243; background_enable_image=&#8221;off&#8221; parallax=&#8221;on&#8221; custom_padding=&#8221;|||&#8221; global_colors_info=&#8221;{}&#8221; custom_padding__hover=&#8221;|||&#8221;][et_pb_heading title=&#8221;Numerele vorbesc mai tare dec\u00e2t ac\u021biunile&#8221; _builder_version=&#8221;4.27.4&#8243; _module_preset=&#8221;default&#8221; title_level=&#8221;h2&#8243; title_text_color=&#8221;#000000&#8243; global_colors_info=&#8221;{}&#8221;][\/et_pb_heading][et_pb_text _builder_version=&#8221;4.27.4&#8243; text_font=&#8221;||||||||&#8221; animation_direction=&#8221;right&#8221; locked=&#8221;off&#8221; global_colors_info=&#8221;{}&#8221;]<\/p>\n<h4>Economie de energie<\/h4>\n<ul>\n<li>Exalco dispune de contoare interne pentru consumul de energie \u0219i monitorizeaz\u0103, cu ajutorul indicatorilor KPI \u0219i al software-ului ERP \u0219i Data Analytics, performan\u021ba \u00een utilizarea energiei electrice \u0219i a gazelor naturale pe unitate de produs.<\/li>\n<li>\u00cen ultimii zece ani, economia de energie electric\u0103 \u0219i gaze naturale a fost de 24%, respectiv 44% pe unitate de produs.<\/li>\n<li>Comparativ cu anul de referin\u021b\u0103 2019, care serve\u0219te ca model pentru compararea consumului de energie \u00een Utiliz\u0103rile Semnificative de Energie, compania a economisit 3.640 MWh \u00een 2020 \u0219i 6.450 MWh \u00een 2021, contribuind astfel la reducerea continu\u0103 a amprentei de carbon.<\/li>\n<li>Exalco dore\u0219te s\u0103 colaboreze cu furnizorii care implementeaz\u0103 sisteme de management al energiei.<\/li>\n<li>Achizi\u021bioneaz\u0103 echipamente \u0219i consumabile \u021bin\u00e2nd cont de clasificarea lor energetic\u0103.<\/li>\n<\/ul>\n<p>[\/et_pb_text][et_pb_image src=&#8221;https:\/\/test.exalco.ro\/wp-content\/uploads\/2024\/04\/exalco-sustenabilitate_3.webp&#8221; title_text=&#8221;exalco-sustenabilitate_3&#8243; _builder_version=&#8221;4.27.4&#8243; _module_preset=&#8221;default&#8221; global_colors_info=&#8221;{}&#8221;][\/et_pb_image][et_pb_text _builder_version=&#8221;4.27.4&#8243; text_font=&#8221;||||||||&#8221; animation_direction=&#8221;right&#8221; locked=&#8221;off&#8221; global_colors_info=&#8221;{}&#8221;]<\/p>\n<h4>Mediu \u00eenconjur\u0103tor<\/h4>\n<h5>Gestionarea consumului de ap\u0103<\/h5>\n<ul>\n<li>Exalco monitorizeaz\u0103 indicele de consum de ap\u0103 al unit\u0103\u021bilor de produc\u021bie \u0219i realizeaz\u0103 economii prin proiecte tehnice, cum ar fi conversia sistemelor r\u0103cite cu ap\u0103 \u00een sisteme r\u0103cite cu aer.<\/li>\n<li>\u00cen ultimii 10 ani, consumul de ap\u0103 a sc\u0103zut cu 30%.<\/li>\n<\/ul>\n<h5>Calitatea apelor uzate<\/h5>\n<ul>\n<li>Se monitorizeaz\u0103 calitatea Sta\u021biei de Epurare Biologic\u0103 a Apelor Uzate, f\u0103r\u0103 abateri de la normele de mediu \u00een ultimul deceniu.<\/li>\n<\/ul>\n<h5>Respectarea legisla\u021biei \u0219i colabor\u0103ri<\/h5>\n<ul>\n<li>Respect\u0103m legisla\u021bia na\u021bional\u0103 \u0219i interna\u021bional\u0103 de mediu, precum \u0219i cerin\u021bele organismelor de reglementare (HMA, EOAN, Registrul UE, E-PRTR).<\/li>\n<li>Colabor\u0103m exclusiv cu firme autorizate pentru reciclarea de\u0219eurilor periculoase \u0219i nepericuloase.<\/li>\n<\/ul>\n<h5>Reciclare \u0219i gestionarea de\u0219eurilor<\/h5>\n<ul>\n<li>Recicl\u0103m 100% din de\u0219eurile de aluminiu rezultate din extrudare, trimise c\u0103tre o unitate autorizat\u0103 de turnare.<\/li>\n<li>Recicl\u0103m integral materialele periculoase (ex. lubrifian\u021bi) \u0219i de\u0219eurile solide nepericuloase (ex. materiale de ambalare) prin companii specializate.<\/li>\n<li>Recicl\u0103m 100% din echipamentele electrice consumabile, cum ar fi l\u0103mpi \u0219i baterii.<\/li>\n<li>Punem la dispozi\u021bie pubele din materiale reciclabile pentru men\u021binerea unui mediu curat.<\/li>\n<\/ul>\n<h5>Optimizarea consumabilelor \u0219i colaborarea cu furnizorii<\/h5>\n<ul>\n<li>Folosim tehnologie avansat\u0103 \u0219i software ERP\/Data Analytics pentru o planificare optim\u0103 a consumabilelor.<\/li>\n<li>Colabor\u0103m cu furnizori con\u0219tien\u021bi de importan\u021ba protec\u021biei mediului.<\/li>\n<li>Achizi\u021bion\u0103m consumabile complet reciclabile \u0219i\/sau ecologice.<\/li>\n<\/ul>\n<h5>Monitorizarea emisiilor de poluan\u021bi<\/h5>\n<ul>\n<li>Monitoriz\u0103m emisiile directe \u0219i indirecte de poluan\u021bi gazo\u0219i (tCO2eq\/an).<\/li>\n<li>Progresul \u00een reducerea emisiilor este corelat cu cre\u0219terea produc\u021biei \u0219i optimizarea planific\u0103rii realizate prin ERP \u0219i Data Analytics.<\/li>\n<li>Raport\u0103m anual emisiile \u0219i calitatea mediului \u00eenconjur\u0103tor.<\/li>\n<\/ul>\n<p>[\/et_pb_text][\/et_pb_column][\/et_pb_row][\/et_pb_section]<\/p>\n","protected":false},"excerpt":{"rendered":"<p>Acesta este motivul pentru care ne-am angajat s\u0103 o protej\u0103m \u00een fiecare etap\u0103 a procesului nostru de produc\u021bie.\u00centr-un mod care respect\u0103 mediul natural \u0219i social, Exalco \u2013 \u00een mod similar cu \u00eenlocuirea sistemelor \u2013 investe\u0219te \u00een energie verde \u0219i dezvoltare durabil\u0103, cu scopul de a produce aluminiu 100% \u201everde\u201d \u00een urm\u0103torii 3 ani, adic\u0103 sisteme [&hellip;]<\/p>\n","protected":false},"author":1,"featured_media":0,"parent":0,"menu_order":0,"comment_status":"closed","ping_status":"closed","template":"","meta":{"_acf_changed":false,"_et_pb_use_builder":"on","_et_pb_old_content":"","_et_gb_content_width":"","footnotes":""},"categories":[],"tags":[],"class_list":["post-7730","page","type-page","status-publish","hentry"],"acf":[],"_links":{"self":[{"href":"https:\/\/exalco.ro\/en\/wp-json\/wp\/v2\/pages\/7730","targetHints":{"allow":["GET"]}}],"collection":[{"href":"https:\/\/exalco.ro\/en\/wp-json\/wp\/v2\/pages"}],"about":[{"href":"https:\/\/exalco.ro\/en\/wp-json\/wp\/v2\/types\/page"}],"author":[{"embeddable":true,"href":"https:\/\/exalco.ro\/en\/wp-json\/wp\/v2\/users\/1"}],"replies":[{"embeddable":true,"href":"https:\/\/exalco.ro\/en\/wp-json\/wp\/v2\/comments?post=7730"}],"version-history":[{"count":4,"href":"https:\/\/exalco.ro\/en\/wp-json\/wp\/v2\/pages\/7730\/revisions"}],"predecessor-version":[{"id":10126,"href":"https:\/\/exalco.ro\/en\/wp-json\/wp\/v2\/pages\/7730\/revisions\/10126"}],"wp:attachment":[{"href":"https:\/\/exalco.ro\/en\/wp-json\/wp\/v2\/media?parent=7730"}],"wp:term":[{"taxonomy":"category","embeddable":true,"href":"https:\/\/exalco.ro\/en\/wp-json\/wp\/v2\/categories?post=7730"},{"taxonomy":"post_tag","embeddable":true,"href":"https:\/\/exalco.ro\/en\/wp-json\/wp\/v2\/tags?post=7730"}],"curies":[{"name":"wp","href":"https:\/\/api.w.org\/{rel}","templated":true}]}}