{"id":7834,"date":"2024-04-23T14:31:27","date_gmt":"2024-04-23T14:31:27","guid":{"rendered":"https:\/\/test.exalco.ro\/?page_id=7834"},"modified":"2025-12-09T10:04:20","modified_gmt":"2025-12-09T08:04:20","slug":"proiecte","status":"publish","type":"page","link":"https:\/\/exalco.ro\/en\/proiecte\/","title":{"rendered":"Projects"},"content":{"rendered":"<p>[et_pb_section fb_built=&#8221;1&#8243; _builder_version=&#8221;4.25.0&#8243; _module_preset=&#8221;default&#8221; custom_padding=&#8221;||0px||false|false&#8221; global_colors_info=&#8221;{}&#8221;][et_pb_row _builder_version=&#8221;4.27.4&#8243; _module_preset=&#8221;default&#8221; custom_margin=&#8221;25px||||false|false&#8221; custom_padding=&#8221;||0px||false|false&#8221; animation_style=&#8221;fade&#8221; global_colors_info=&#8221;{}&#8221;][et_pb_column type=&#8221;4_4&#8243; _builder_version=&#8221;4.25.0&#8243; _module_preset=&#8221;default&#8221; global_colors_info=&#8221;{}&#8221;][et_pb_heading title=&#8221;Proiecte realizate cu sisteme EXALCO&#8221; _builder_version=&#8221;4.25.0&#8243; _module_preset=&#8221;default&#8221; global_colors_info=&#8221;{}&#8221;][\/et_pb_heading][et_pb_text _builder_version=&#8221;4.27.4&#8243; _module_preset=&#8221;default&#8221; global_colors_info=&#8221;{}&#8221;]Exalco este furnizorul solu\u021biilor de sisteme din aluminiu pentru o gam\u0103 larg\u0103 de proiecte comerciale, reziden\u021biale \u0219i industriale, at\u00e2t \u00een Rom\u00e2nia, c\u00e2t \u0219i la nivel interna\u021bional. V\u0103 prezent\u0103m c\u00e2teva dintre proiectele realizate de partenerii no\u0219tri de-a lungul timpului, folosind solu\u021biile de sisteme din aluminiu furnizate de Exalco \u0219i sus\u021binute de echipa sa tehnic\u0103 \u0219i comercial\u0103. De\u0219i arhitectura \u0219i designul cl\u0103dirilor sunt rezultatul muncii arhitec\u021bilor, inginerilor \u0219i investitorilor, suntem m\u00e2ndri c\u0103 am contribuit la realizarea acestora.[\/et_pb_text][dpdfg_filtergrid custom_query=&#8221;archive&#8221; multiple_cpt=&#8221;project&#8221; orderby=&#8221;rand&#8221; show_author=&#8221;off&#8221; filter_layout=&#8221;select&#8221; filter_dropdown_placeholder=&#8221;Selectati Locatia&#8221; filter_taxonomies=&#8221;project_category&#8221; filter_terms=&#8221;9,10&#8243; all_text=&#8221;Tot&#8221; overlay_icon_color=&#8221;#E02B20&#8243; dfg_loader=&#8221;c1&#8243; dfg_lc1=&#8221;#FFFFFF&#8221; dfg_lc2=&#8221;#E02B20&#8243; _builder_version=&#8221;4.25.1&#8243; _module_preset=&#8221;default&#8221; dpdfg_entry_title_text_align=&#8221;center&#8221; global_colors_info=&#8221;{}&#8221;][\/dpdfg_filtergrid][\/et_pb_column][\/et_pb_row][\/et_pb_section]<\/p>\n","protected":false},"excerpt":{"rendered":"<p>Exalco este furnizorul solu\u021biilor de sisteme din aluminiu pentru o gam\u0103 larg\u0103 de proiecte comerciale, reziden\u021biale \u0219i industriale, at\u00e2t \u00een Rom\u00e2nia, c\u00e2t \u0219i la nivel interna\u021bional. V\u0103 prezent\u0103m c\u00e2teva dintre proiectele realizate de partenerii no\u0219tri de-a lungul timpului, folosind solu\u021biile de sisteme din aluminiu furnizate de Exalco \u0219i sus\u021binute de echipa sa tehnic\u0103 \u0219i comercial\u0103. [&hellip;]<\/p>\n","protected":false},"author":1,"featured_media":0,"parent":0,"menu_order":0,"comment_status":"closed","ping_status":"closed","template":"","meta":{"_acf_changed":false,"_et_pb_use_builder":"on","_et_pb_old_content":"","_et_gb_content_width":"","footnotes":""},"categories":[],"tags":[],"class_list":["post-7834","page","type-page","status-publish","hentry"],"acf":[],"_links":{"self":[{"href":"https:\/\/exalco.ro\/en\/wp-json\/wp\/v2\/pages\/7834","targetHints":{"allow":["GET"]}}],"collection":[{"href":"https:\/\/exalco.ro\/en\/wp-json\/wp\/v2\/pages"}],"about":[{"href":"https:\/\/exalco.ro\/en\/wp-json\/wp\/v2\/types\/page"}],"author":[{"embeddable":true,"href":"https:\/\/exalco.ro\/en\/wp-json\/wp\/v2\/users\/1"}],"replies":[{"embeddable":true,"href":"https:\/\/exalco.ro\/en\/wp-json\/wp\/v2\/comments?post=7834"}],"version-history":[{"count":1,"href":"https:\/\/exalco.ro\/en\/wp-json\/wp\/v2\/pages\/7834\/revisions"}],"predecessor-version":[{"id":10449,"href":"https:\/\/exalco.ro\/en\/wp-json\/wp\/v2\/pages\/7834\/revisions\/10449"}],"wp:attachment":[{"href":"https:\/\/exalco.ro\/en\/wp-json\/wp\/v2\/media?parent=7834"}],"wp:term":[{"taxonomy":"category","embeddable":true,"href":"https:\/\/exalco.ro\/en\/wp-json\/wp\/v2\/categories?post=7834"},{"taxonomy":"post_tag","embeddable":true,"href":"https:\/\/exalco.ro\/en\/wp-json\/wp\/v2\/tags?post=7834"}],"curies":[{"name":"wp","href":"https:\/\/api.w.org\/{rel}","templated":true}]}}