{"id":8401,"date":"2025-01-01T00:03:35","date_gmt":"2025-01-01T00:03:35","guid":{"rendered":"https:\/\/test.exalco.ro\/?page_id=8401"},"modified":"2026-03-02T16:51:06","modified_gmt":"2026-03-02T14:51:06","slug":"albio-109","status":"publish","type":"page","link":"https:\/\/exalco.ro\/en\/sisteme\/albio-109\/","title":{"rendered":"Albio 109"},"content":{"rendered":"<p>[et_pb_section fb_built=&#8221;1&#8243; _builder_version=&#8221;4.27.4&#8243; _module_preset=&#8221;default&#8221; custom_padding=&#8221;||0px|||&#8221; animation_style=&#8221;fade&#8221; global_colors_info=&#8221;{}&#8221;][et_pb_row column_structure=&#8221;1_2,1_2&#8243; _builder_version=&#8221;4.27.4&#8243; _module_preset=&#8221;default&#8221; width_tablet=&#8221;80%&#8221; width_phone=&#8221;80%&#8221; width_last_edited=&#8221;on|tablet&#8221; custom_margin=&#8221;||||false|false&#8221; custom_padding=&#8221;||||false|false&#8221; global_colors_info=&#8221;{}&#8221;][et_pb_column type=&#8221;1_2&#8243; _builder_version=&#8221;4.24.3&#8243; _module_preset=&#8221;default&#8221; animation_style=&#8221;slide&#8221; animation_direction=&#8221;left&#8221; global_colors_info=&#8221;{}&#8221;][et_pb_heading title=&#8221;Albio 109&#8243; disabled_on=&#8221;off|off|on&#8221; _builder_version=&#8221;4.27.4&#8243; _module_preset=&#8221;default&#8221; title_font=&#8221;|700|||||||&#8221; title_text_color=&#8221;#000000&#8243; global_colors_info=&#8221;{}&#8221;][\/et_pb_heading][et_pb_slider show_image_video_mobile=&#8221;on&#8221; use_bg_overlay=&#8221;off&#8221; use_text_overlay=&#8221;off&#8221; arrows_custom_color=&#8221;#E02B20&#8243; dot_nav_custom_color=&#8221;#E02B20&#8243; _builder_version=&#8221;4.27.4&#8243; _module_preset=&#8221;default&#8221; background_color=&#8221;RGBA(255,255,255,0)&#8221; min_height_tablet=&#8221;600px&#8221; min_height_phone=&#8221;350px&#8221; min_height_last_edited=&#8221;on|phone&#8221; height=&#8221;80vh&#8221; height_tablet=&#8221;80vh&#8221; height_phone=&#8221;80vh&#8221; height_last_edited=&#8221;on|phone&#8221; global_colors_info=&#8221;{}&#8221;][et_pb_slide _builder_version=&#8221;4.27.4&#8243; _module_preset=&#8221;default&#8221; background_enable_color=&#8221;off&#8221; background_image=&#8221;https:\/\/exalco.ro\/wp-content\/uploads\/2025\/06\/exalco-sistem-usi-si-feretre-aluminiu-109.webp&#8221; background_enable_image=&#8221;on&#8221; background_size=&#8221;contain&#8221; background_position=&#8221;top_center&#8221; global_colors_info=&#8221;{}&#8221; sticky_transition=&#8221;on&#8221;][\/et_pb_slide][\/et_pb_slider][\/et_pb_column][et_pb_column type=&#8221;1_2&#8243; _builder_version=&#8221;4.24.3&#8243; _module_preset=&#8221;default&#8221; animation_style=&#8221;slide&#8221; animation_direction=&#8221;right&#8221; global_colors_info=&#8221;{}&#8221;][et_pb_heading title=&#8221;Albio 109&#8243; disabled_on=&#8221;on|on|off&#8221; _builder_version=&#8221;4.27.4&#8243; _module_preset=&#8221;default&#8221; title_font=&#8221;|700|||||||&#8221; title_text_color=&#8221;#000000&#8243; custom_margin=&#8221;10px|0px|0px|0px|false|true&#8221; custom_padding=&#8221;0px|0px|0px|0px|true|true&#8221; global_colors_info=&#8221;{}&#8221;][\/et_pb_heading][et_pb_accordion open_toggle_text_color=&#8221;#E02B20&#8243; open_toggle_background_color=&#8221;#FFFFFF&#8221; closed_toggle_background_color=&#8221;#FFFFFF&#8221; toggle_icon=&#8221;&#x3b;||divi||400&#8243; icon_color=&#8221;#E02B20&#8243; _builder_version=&#8221;4.27.5&#8243; _module_preset=&#8221;default&#8221; toggle_text_color=&#8221;#E02B20&#8243; toggle_font=&#8221;|600|||||||&#8221; custom_margin=&#8221;0px|0px|0px|0px|true|true&#8221; custom_padding=&#8221;0px|0px|0px|0px|true|true&#8221; hover_enabled=&#8221;0&#8243; global_colors_info=&#8221;{}&#8221; sticky_enabled=&#8221;0&#8243;][et_pb_accordion_item title=&#8221;Descriere&#8221; open=&#8221;on&#8221; _builder_version=&#8221;4.27.4&#8243; _module_preset=&#8221;default&#8221; global_colors_info=&#8221;{}&#8221; toggle_font=&#8221;|600|||||||&#8221;]<strong>ALBIO 109<\/strong> este un sistem de <strong>u\u0219i \u0219i ferestre<\/strong> bazat pe cea mai nou\u0103 tehnologie de <strong>izolare termic\u0103<\/strong> pentru t\u00e2mpl\u0103rie.<br \/>\nSistemul este proiectat pentru a satisface o gam\u0103 variat\u0103 de cerin\u021be func\u021bionale \u0219i estetice \u0219i \u00eendepline\u0219te cele mai \u00eenalte standarde \u00een <strong>construc\u021bii<\/strong> \u0219i <strong>eficien\u021b\u0103 energetic\u0103<\/strong>.<br \/>\n<strong>ALBIO 109<\/strong> este special conceput pentru a oferi o protec\u021bie excelent\u0103 \u00eempotriva c\u0103ldurii \u0219i frigului, asigur\u00e2nd un climat interior confortabil pe tot parcursul anului, \u00een timp ce reduce semnificativ propagarea <strong>zgomotului<\/strong> din exterior.<br \/>\nImplementarea poliamidei cu o l\u0103\u021bime de <strong>24 mm<\/strong> asigur\u0103 economii importante de energie \u0219i contribuie la reducerea considerabil\u0103 a costurilor de \u00eenc\u0103lzire<br \/>\nSistemul <strong>ALBIO 109<\/strong> ofer\u0103 o gam\u0103 variat\u0103 de profile \u0219i accesorii care permit o <strong>flexibilitate ridicat\u0103<\/strong>, adaptabil\u0103 cerin\u021belor estetice \u0219i func\u021bionale ale fiec\u0103rui client.[\/et_pb_accordion_item][et_pb_accordion_item title=&#8221;Performan\u021bele Sistemului&#8221; _builder_version=&#8221;4.27.4&#8243; _module_preset=&#8221;default&#8221; global_colors_info=&#8221;{}&#8221; open=&#8221;off&#8221;]<\/p>\n<table style=\"width: 100%; border-collapse: collapse; border-style: hidden;\">\n<tbody>\n<tr>\n<td style=\"width: 50%;\">Permeabilitate la aer<\/td>\n<td style=\"width: 50%;\">Clasa 4<\/td>\n<\/tr>\n<tr style=\"background: #E6E7E8;\">\n<td style=\"width: 50%;\">Etan\u0219eitate la ap\u0103<\/td>\n<td style=\"width: 50%;\">Clasa A9<\/td>\n<\/tr>\n<tr>\n<td style=\"width: 50%;\">Rezisten\u021b\u0103 la \u00eenc\u0103rcarea din v\u00e2nt<\/td>\n<td style=\"width: 50%;\">Clasa C5<\/td>\n<\/tr>\n<tr style=\"background: #E6E7E8;\">\n<td style=\"width: 50%;\">Coeficient de transmisie termic\u0103 Uf<\/td>\n<td style=\"width: 50%;\">2,2 \u2013 2,8 W\/(m\u00b2K)<\/td>\n<\/tr>\n<tr>\n<td style=\"width: 50%;\">Indice de atenuare fonic\u0103<\/td>\n<td style=\"width: 50%;\">Rw = 43 dB<\/td>\n<\/tr>\n<\/tbody>\n<\/table>\n<p>[\/et_pb_accordion_item][et_pb_accordion_item title=&#8221;Specifica\u021bii Tehnice&#8221; _builder_version=&#8221;4.27.4&#8243; _module_preset=&#8221;default&#8221; global_colors_info=&#8221;{}&#8221; open=&#8221;off&#8221;]<\/p>\n<table style=\"width: 100%; border-collapse: collapse; border-style: hidden;\">\n<tbody>\n<tr>\n<td style=\"width: 50%;\">Dimensiunea tocului<\/td>\n<td>L\u0103\u021bime: 72,7 \u2013 100 mm<br \/>\u00cen\u0103l\u021bime: 53,1 \u2013 70 mm<\/td>\n<\/tr>\n<tr style=\"background: #E6E7E8;\">\n<td>Dimensiunea cercevelei<\/td>\n<td>L\u0103\u021bime: 75,7 mm<br \/>\u00cen\u0103l\u021bime: 74,3 \u2013 96,1 mm<\/td>\n<\/tr>\n<tr>\n<td>Grosimea vitrajelor<\/td>\n<td>22 \u2013 50 mm<\/td>\n<\/tr>\n<tr style=\"background: #E6E7E8;\">\n<td>Poliamid\u0103 barier\u0103 termic\u0103<\/td>\n<td>20 mm, 24 mm (PA 6.6, 25% GF)<\/td>\n<\/tr>\n<\/tbody>\n<\/table>\n<p>[\/et_pb_accordion_item][et_pb_accordion_item title=&#8221;Tipologii&#8221; toggle_icon=&#8221;&#x3b;||divi||400&#8243; _builder_version=&#8221;4.27.4&#8243; _module_preset=&#8221;default&#8221; global_colors_info=&#8221;{}&#8221; open=&#8221;off&#8221;]<\/p>\n<div style=\"overflow-x: auto; width: 100%;\">\n<table style=\"min-width: 600px; border-collapse: collapse; border-style: hidden;\">\n<tbody>\n<tr>\n<td><img decoding=\"async\" src=\"\/wp-content\/uploads\/2024\/04\/simpla-1.png\" alt=\"Deschidere simpl\u0103\" style=\"height: 75px; width: auto;\" \/><\/td>\n<td><img decoding=\"async\" src=\"\/wp-content\/uploads\/2024\/04\/dubla.png\" alt=\"Deschidere dubl\u0103\" style=\"height: 75px; width: auto;\" \/><\/td>\n<td><img decoding=\"async\" src=\"\/wp-content\/uploads\/2025\/06\/deschidere-dubla-150x150.webp\" alt=\"Deschidere dubl\u0103 2025\" style=\"height: 75px; width: auto;\" \/><\/td>\n<td><img decoding=\"async\" src=\"\/wp-content\/uploads\/2025\/06\/deschidere-fixa-dubla.webp\" alt=\"Deschidere fix\u0103 dubl\u0103 2025\" style=\"height: 75px; width: auto;\" \/><\/td>\n<\/tr>\n<\/tbody>\n<\/table>\n<\/div>\n<p>[\/et_pb_accordion_item][et_pb_accordion_item title=&#8221;Desc\u0103rc\u0103ri&#8221; toggle_icon=&#8221;&#x3b;||divi||400&#8243; _builder_version=&#8221;4.27.5&#8243; _module_preset=&#8221;default&#8221; hover_enabled=&#8221;0&#8243; global_colors_info=&#8221;{}&#8221; open=&#8221;off&#8221; sticky_enabled=&#8221;0&#8243;]<\/p>\n<p>\ud83d\udcc4 <a href=\"\/pdf\/brosuri\/leaflet-109.pdf\" target=\"_blank\" rel=\"noopener\">Bro\u0219ur\u0103 ALBIO 109<\/a><br \/>\ud83d\udcc4 <a href=\"\/myexalco\/\" rel=\"noopener\"><span style=\"color: gray;\">Catalog Tehnic ALBIO 109 <em>(accesibil \u00een MyExalco)<\/em><\/span><\/a><\/p>\n<p>[\/et_pb_accordion_item][\/et_pb_accordion][\/et_pb_column][\/et_pb_row][et_pb_row _builder_version=&#8221;4.27.4&#8243; _module_preset=&#8221;default&#8221; width_tablet=&#8221;100%&#8221; width_phone=&#8221;100%&#8221; width_last_edited=&#8221;on|phone&#8221; custom_margin=&#8221;0px||0px||true|false&#8221; custom_padding=&#8221;0px||0px||true|false&#8221; locked=&#8221;off&#8221; global_colors_info=&#8221;{}&#8221;][et_pb_column type=&#8221;4_4&#8243; _builder_version=&#8221;4.24.3&#8243; _module_preset=&#8221;default&#8221; global_colors_info=&#8221;{}&#8221;][et_pb_post_nav in_same_term=&#8221;on&#8221; prev_text=&#8221;Anterior&#8221; next_text=&#8221;Urm\u0103tor&#8221; _builder_version=&#8221;4.27.4&#8243; _module_preset=&#8221;default&#8221; global_colors_info=&#8221;{}&#8221;][\/et_pb_post_nav][\/et_pb_column][\/et_pb_row][et_pb_row _builder_version=&#8221;4.24.3&#8243; _module_preset=&#8221;default&#8221; width_tablet=&#8221;100%&#8221; width_phone=&#8221;100%&#8221; width_last_edited=&#8221;on|phone&#8221; custom_padding=&#8221;||||true|false&#8221; locked=&#8221;off&#8221; global_colors_info=&#8221;{}&#8221;][et_pb_column type=&#8221;4_4&#8243; _builder_version=&#8221;4.24.3&#8243; _module_preset=&#8221;default&#8221; global_colors_info=&#8221;{}&#8221;][et_pb_text _builder_version=&#8221;4.25.1&#8243; _module_preset=&#8221;default&#8221; custom_margin=&#8221;||0px||false|false&#8221; animation_style=&#8221;slide&#8221; animation_direction=&#8221;left&#8221; global_colors_info=&#8221;{}&#8221;]<\/p>\n<h3>Proiecte realizate cu sisteme Exalco<\/h3>\n<p>[\/et_pb_text][dpdfg_filtergrid custom_query=&#8221;archive&#8221; current_post_type=&#8221;off&#8221; multiple_cpt=&#8221;project&#8221; post_number=&#8221;4&#8243; orderby=&#8221;rand&#8221; title_link=&#8221;on&#8221; show_post_meta=&#8221;off&#8221; custom_content_container=&#8221;off&#8221; show_filters=&#8221;off&#8221; items_layout=&#8221;dp-dfg-layout-masonry&#8221; items_width=&#8221;25%&#8221; column_gutter=&#8221;0em&#8221; row_gutter=&#8221;1em&#8221; items_skin=&#8221;dp-dfg-skin-default dp-dfg-skin-zoomimage&#8221; primary_view=&#8221;%91{%22name%22:%22overlay%22,%22show%22:%22on%22},{%22name%22:%22title%22,%22show%22:%22off%22},{%22name%22:%22ext%22,%22show%22:%22off%22},{%22name%22:%22thumbnail%22,%22show%22:%22on%22},{%22name%22:%22meta%22,%22show%22:%22off%22},{%22name%22:%22content%22,%22show%22:%22off%22},{%22name%22:%22action_button%22,%22show%22:%22off%22},{%22name%22:%22read_more_button%22,%22show%22:%22off%22},{%22name%22:%22custom_content%22,%22show%22:%22off%22}%93&#8243; popup_bg=&#8221;#000000&#8243; overlay_icon_color=&#8221;#000000&#8243; hover_overlay_color=&#8221;#000000&#8243; dfg_loader=&#8221;c1&#8243; dfg_lc1=&#8221;#FFFFFF&#8221; dfg_lc2=&#8221;#E02B20&#8243; items_width_last_edited=&#8221;off|desktop&#8221; _builder_version=&#8221;4.25.1&#8243; _module_preset=&#8221;default&#8221; dpdfg_entry_title_text_align=&#8221;center&#8221; dpdfg_entry_title_text_color=&#8221;#FFFFFF&#8221; dpdfg_entry_title_font_size=&#8221;26px&#8221; animation_style=&#8221;slide&#8221; locked=&#8221;off&#8221; global_colors_info=&#8221;{}&#8221;][\/dpdfg_filtergrid][\/et_pb_column][\/et_pb_row][\/et_pb_section]<\/p>\n","protected":false},"excerpt":{"rendered":"<p>ALBIO 109 este un sistem de u\u0219i \u0219i ferestre bazat pe cea mai nou\u0103 tehnologie de izolare termic\u0103 pentru t\u00e2mpl\u0103rie. Sistemul este proiectat pentru a satisface o gam\u0103 variat\u0103 de cerin\u021be func\u021bionale \u0219i estetice \u0219i \u00eendepline\u0219te cele mai \u00eenalte standarde \u00een construc\u021bii \u0219i eficien\u021b\u0103 energetic\u0103. ALBIO 109 este special conceput pentru a oferi o protec\u021bie [&hellip;]<\/p>\n","protected":false},"author":1,"featured_media":9622,"parent":7872,"menu_order":53,"comment_status":"closed","ping_status":"closed","template":"","meta":{"_acf_changed":false,"_et_pb_use_builder":"on","_et_pb_old_content":"","_et_gb_content_width":"","footnotes":""},"categories":[32],"tags":[],"class_list":["post-8401","page","type-page","status-publish","has-post-thumbnail","hentry","category-usiferestre"],"acf":[],"_links":{"self":[{"href":"https:\/\/exalco.ro\/en\/wp-json\/wp\/v2\/pages\/8401","targetHints":{"allow":["GET"]}}],"collection":[{"href":"https:\/\/exalco.ro\/en\/wp-json\/wp\/v2\/pages"}],"about":[{"href":"https:\/\/exalco.ro\/en\/wp-json\/wp\/v2\/types\/page"}],"author":[{"embeddable":true,"href":"https:\/\/exalco.ro\/en\/wp-json\/wp\/v2\/users\/1"}],"replies":[{"embeddable":true,"href":"https:\/\/exalco.ro\/en\/wp-json\/wp\/v2\/comments?post=8401"}],"version-history":[{"count":1,"href":"https:\/\/exalco.ro\/en\/wp-json\/wp\/v2\/pages\/8401\/revisions"}],"predecessor-version":[{"id":10573,"href":"https:\/\/exalco.ro\/en\/wp-json\/wp\/v2\/pages\/8401\/revisions\/10573"}],"up":[{"embeddable":true,"href":"https:\/\/exalco.ro\/en\/wp-json\/wp\/v2\/pages\/7872"}],"wp:featuredmedia":[{"embeddable":true,"href":"https:\/\/exalco.ro\/en\/wp-json\/wp\/v2\/media\/9622"}],"wp:attachment":[{"href":"https:\/\/exalco.ro\/en\/wp-json\/wp\/v2\/media?parent=8401"}],"wp:term":[{"taxonomy":"category","embeddable":true,"href":"https:\/\/exalco.ro\/en\/wp-json\/wp\/v2\/categories?post=8401"},{"taxonomy":"post_tag","embeddable":true,"href":"https:\/\/exalco.ro\/en\/wp-json\/wp\/v2\/tags?post=8401"}],"curies":[{"name":"wp","href":"https:\/\/api.w.org\/{rel}","templated":true}]}}