{"id":8435,"date":"2025-01-01T00:05:28","date_gmt":"2025-01-01T00:05:28","guid":{"rendered":"https:\/\/test.exalco.ro\/?page_id=8435"},"modified":"2025-07-09T12:40:02","modified_gmt":"2025-07-09T10:40:02","slug":"albio-135","status":"publish","type":"page","link":"https:\/\/exalco.ro\/en\/sisteme\/albio-135\/","title":{"rendered":"Albio 135"},"content":{"rendered":"<p>[et_pb_section fb_built=&#8221;1&#8243; _builder_version=&#8221;4.24.3&#8243; _module_preset=&#8221;default&#8221; custom_padding=&#8221;||0px|||&#8221; global_colors_info=&#8221;{}&#8221;][et_pb_row column_structure=&#8221;1_2,1_2&#8243; _builder_version=&#8221;4.27.4&#8243; _module_preset=&#8221;default&#8221; width_tablet=&#8221;80%&#8221; width_phone=&#8221;80%&#8221; width_last_edited=&#8221;on|tablet&#8221; custom_margin=&#8221;0px||||false|false&#8221; custom_padding=&#8221;||||false|false&#8221; global_colors_info=&#8221;{}&#8221;][et_pb_column type=&#8221;1_2&#8243; _builder_version=&#8221;4.24.3&#8243; _module_preset=&#8221;default&#8221; animation_style=&#8221;slide&#8221; animation_direction=&#8221;left&#8221; global_colors_info=&#8221;{}&#8221;][et_pb_heading title=&#8221;Albio 135&#8243; disabled_on=&#8221;off|off|on&#8221; _builder_version=&#8221;4.27.0&#8243; _module_preset=&#8221;default&#8221; title_font=&#8221;|700|||||||&#8221; title_text_color=&#8221;#000000&#8243; global_colors_info=&#8221;{}&#8221;][\/et_pb_heading][et_pb_slider show_image_video_mobile=&#8221;on&#8221; use_bg_overlay=&#8221;off&#8221; use_text_overlay=&#8221;off&#8221; arrows_custom_color=&#8221;#E02B20&#8243; dot_nav_custom_color=&#8221;#E02B20&#8243; _builder_version=&#8221;4.27.4&#8243; _module_preset=&#8221;default&#8221; background_color=&#8221;RGBA(255,255,255,0)&#8221; min_height_tablet=&#8221;600px&#8221; min_height_phone=&#8221;350px&#8221; min_height_last_edited=&#8221;on|phone&#8221; height=&#8221;80vh&#8221; height_tablet=&#8221;80vh&#8221; height_phone=&#8221;80vh&#8221; height_last_edited=&#8221;on|phone&#8221; global_colors_info=&#8221;{}&#8221;][et_pb_slide _builder_version=&#8221;4.27.4&#8243; _module_preset=&#8221;default&#8221; background_enable_color=&#8221;off&#8221; background_image=&#8221;https:\/\/exalco.ro\/wp-content\/uploads\/2025\/06\/exalco-sistem-usi-aluminiu-135.webp&#8221; background_enable_image=&#8221;on&#8221; background_size=&#8221;contain&#8221; background_position=&#8221;top_center&#8221; global_colors_info=&#8221;{}&#8221; sticky_transition=&#8221;on&#8221;][\/et_pb_slide][\/et_pb_slider][\/et_pb_column][et_pb_column type=&#8221;1_2&#8243; _builder_version=&#8221;4.24.3&#8243; _module_preset=&#8221;default&#8221; animation_style=&#8221;slide&#8221; animation_direction=&#8221;right&#8221; global_colors_info=&#8221;{}&#8221;][et_pb_heading title=&#8221;Albio 135&#8243; disabled_on=&#8221;on|on|off&#8221; _builder_version=&#8221;4.27.0&#8243; _module_preset=&#8221;default&#8221; title_font=&#8221;|700|||||||&#8221; title_text_color=&#8221;#000000&#8243; custom_margin=&#8221;10px|0px|0px|0px|false|true&#8221; custom_padding=&#8221;0px|0px|0px|0px|true|true&#8221; global_colors_info=&#8221;{}&#8221;][\/et_pb_heading][et_pb_accordion open_toggle_text_color=&#8221;#E02B20&#8243; open_toggle_background_color=&#8221;#FFFFFF&#8221; closed_toggle_background_color=&#8221;#FFFFFF&#8221; toggle_icon=&#8221;&#x3b;||divi||400&#8243; icon_color=&#8221;#E02B20&#8243; _builder_version=&#8221;4.27.4&#8243; _module_preset=&#8221;default&#8221; toggle_text_color=&#8221;#E02B20&#8243; toggle_font=&#8221;|600|||||||&#8221; custom_margin=&#8221;0px|0px|0px|0px|true|true&#8221; custom_padding=&#8221;0px|0px|0px|0px|true|true&#8221; hover_enabled=&#8221;0&#8243; global_colors_info=&#8221;{}&#8221; sticky_enabled=&#8221;0&#8243;][et_pb_accordion_item title=&#8221;Descriere&#8221; open=&#8221;on&#8221; _builder_version=&#8221;4.27.4&#8243; _module_preset=&#8221;default&#8221; global_colors_info=&#8221;{}&#8221; toggle_font=&#8221;|600|||||||&#8221;]<\/p>\n<p>Sistem de acces cu barier\u0103 termic\u0103, potrivit pentru construc\u021bii cu cerin\u021be ridicate, disponibil \u00eentr-o varietate de tipologii cu panouri sau geamuri. Datorit\u0103 designului s\u0103u robust, este ideal pentru aplica\u021bii cu utilizare frecvent\u0103, precum locuin\u021be, blocuri sau cl\u0103diri publice. \u00cen acela\u0219i timp, ofer\u0103 izolare termic\u0103, fonic\u0103 \u0219i protec\u021bie \u00eempotriva apei, completate de un design estetic elegant. Sistemul combin\u0103 aspectul clasic cu tehnologii moderne, respect\u00e2nd cele mai \u00eenalte standarde de construc\u021bie.<\/p>\n<p>[\/et_pb_accordion_item][et_pb_accordion_item title=&#8221;Performantele Sistemului&#8221; _builder_version=&#8221;4.27.4&#8243; _module_preset=&#8221;default&#8221; global_colors_info=&#8221;{}&#8221; open=&#8221;off&#8221;]<\/p>\n<table style=\"width: 100%; border-collapse: collapse; border-style: hidden;\">\n<tbody>\n<tr>\n<td style=\"width: 50%;\">Permeabilitate la aer<\/td>\n<td style=\"width: 50%;\">Class 4<\/td>\n<\/tr>\n<tr style=\"background: #E6E7E8;\">\n<td style=\"width: 50%;\">Etan\u015feitatea la ap\u0103<\/td>\n<td style=\"width: 50%;\">Class 4A<\/td>\n<\/tr>\n<tr>\n<td style=\"width: 50%;\">Rezisten\u0163a la \u00eencarcarea din v\u00e2nt<\/td>\n<td style=\"width: 50%;\">Class C4\/B4<\/td>\n<\/tr>\n<tr style=\"background: #E6E7E8;\">\n<td style=\"width: 50%;\">Coeficientul de transmisie termic\u0103 uf<\/td>\n<td style=\"width: 50%;\">1.6 \u2013 2.3 W\/(M\u00b2K)<\/td>\n<\/tr>\n<\/tbody>\n<\/table>\n<p>[\/et_pb_accordion_item][et_pb_accordion_item title=&#8221;Specifica\u021bii Tehnice&#8221; _builder_version=&#8221;4.27.4&#8243; _module_preset=&#8221;default&#8221; global_colors_info=&#8221;{}&#8221; open=&#8221;off&#8221;]<\/p>\n<table style=\"width: 100%; border-collapse: collapse; border-style: hidden;\">\n<tbody>\n<tr>\n<td style=\"width: 50%;\">Dimensiunea Tocului<\/td>\n<td>Latime 86 mm<br \/>Inaltime 69 mm<\/td>\n<\/tr>\n<tr style=\"background: #E6E7E8;\">\n<td>Dimensiunea Cercevelei<\/td>\n<td>Latime 86 mm<br \/>Inaltime 76,5 \u2013 98 mm<\/td>\n<\/tr>\n<tr>\n<td>Grosimea Vitrajelor<\/td>\n<td>24 \u2013 64 mm<\/td>\n<\/tr>\n<tr style=\"background: #E6E7E8;\">\n<td>Poliamid\u0103 Barier\u0103 Termic\u0103<\/td>\n<td>34 mm (PA 6.6, 25%GF)<\/td>\n<\/tr>\n<\/tbody>\n<\/table>\n<p>[\/et_pb_accordion_item][et_pb_accordion_item title=&#8221;Tipologii&#8221; toggle_icon=&#8221;&#x3b;||divi||400&#8243; _builder_version=&#8221;4.27.4&#8243; _module_preset=&#8221;default&#8221; hover_enabled=&#8221;0&#8243; global_colors_info=&#8221;{}&#8221; open=&#8221;off&#8221; sticky_enabled=&#8221;0&#8243;]<\/p>\n<div style=\"overflow-x: auto; width: 100%;\">\n<table style=\"min-width: 500px; border-collapse: collapse; border-style: hidden;\">\n<tbody>\n<tr>\n<td style=\"text-align: center;\"><img decoding=\"async\" src=\"\/wp-content\/uploads\/2025\/06\/usa-deschidere-simpla.webp\" alt=\"U\u0219\u0103 cu deschidere simpl\u0103\" style=\"height: 100px; width: auto;\" \/><\/td>\n<td style=\"text-align: center;\"><img decoding=\"async\" src=\"\/wp-content\/uploads\/2025\/06\/usa-deschidere-dubla.webp\" alt=\"U\u0219\u0103 cu deschidere dubl\u0103\" style=\"height: 100px; width: auto;\" \/><\/td>\n<td style=\"text-align: center;\"><img decoding=\"async\" src=\"\/wp-content\/uploads\/2025\/06\/usa-deschidere-fixa-dubla.webp\" alt=\"U\u0219\u0103 cu deschidere fix\u0103 dubl\u0103\" style=\"height: 100px; width: auto;\" \/><\/td>\n<\/tr>\n<\/tbody>\n<\/table>\n<\/div>\n<p>[\/et_pb_accordion_item][et_pb_accordion_item title=&#8221;Desc\u0103rc\u0103ri &#8221; toggle_icon=&#8221;&#x3b;||divi||400&#8243; _builder_version=&#8221;4.27.4&#8243; _module_preset=&#8221;default&#8221; global_colors_info=&#8221;{}&#8221; open=&#8221;off&#8221;]\ud83d\udcc4 <a href=\"\/pdf\/brosuri\/leaflet-135.pdf\" target=\"_blank\" rel=\"noopener\">Bro\u0219ur\u0103 Albio 135<\/a><br \/>\n\ud83d\udcc4 <a href=\"\/myexalco\/\" target=\"_blank\" rel=\"noopener\"><span style=\"color: gray;\">Catalog Tehnic Albio 135 <em>(accesibil \u00een MyExalco)<\/em><\/span><\/a>[\/et_pb_accordion_item][\/et_pb_accordion][\/et_pb_column][\/et_pb_row][et_pb_row _builder_version=&#8221;4.27.4&#8243; _module_preset=&#8221;default&#8221; width_tablet=&#8221;100%&#8221; width_phone=&#8221;100%&#8221; width_last_edited=&#8221;on|phone&#8221; custom_margin=&#8221;0px||0px||true|false&#8221; custom_padding=&#8221;0px||0px||true|false&#8221; locked=&#8221;off&#8221; global_colors_info=&#8221;{}&#8221;][et_pb_column type=&#8221;4_4&#8243; _builder_version=&#8221;4.24.3&#8243; _module_preset=&#8221;default&#8221; global_colors_info=&#8221;{}&#8221;][et_pb_post_nav in_same_term=&#8221;on&#8221; prev_text=&#8221;Anterior&#8221; next_text=&#8221;Urm\u0103tor&#8221; _builder_version=&#8221;4.27.4&#8243; _module_preset=&#8221;default&#8221; global_colors_info=&#8221;{}&#8221;][\/et_pb_post_nav][\/et_pb_column][\/et_pb_row][et_pb_row _builder_version=&#8221;4.24.3&#8243; _module_preset=&#8221;default&#8221; width_tablet=&#8221;100%&#8221; width_phone=&#8221;100%&#8221; width_last_edited=&#8221;on|phone&#8221; custom_padding=&#8221;||||true|false&#8221; locked=&#8221;off&#8221; global_colors_info=&#8221;{}&#8221;][et_pb_column type=&#8221;4_4&#8243; _builder_version=&#8221;4.24.3&#8243; _module_preset=&#8221;default&#8221; global_colors_info=&#8221;{}&#8221;][et_pb_text _builder_version=&#8221;4.25.1&#8243; _module_preset=&#8221;default&#8221; custom_margin=&#8221;||0px||false|false&#8221; animation_style=&#8221;slide&#8221; animation_direction=&#8221;left&#8221; global_colors_info=&#8221;{}&#8221;]<\/p>\n<h3>Proiecte realizate cu sisteme Exalco<\/h3>\n<p>[\/et_pb_text][dpdfg_filtergrid custom_query=&#8221;archive&#8221; current_post_type=&#8221;off&#8221; multiple_cpt=&#8221;project&#8221; post_number=&#8221;4&#8243; orderby=&#8221;rand&#8221; title_link=&#8221;on&#8221; show_post_meta=&#8221;off&#8221; custom_content_container=&#8221;off&#8221; show_filters=&#8221;off&#8221; items_layout=&#8221;dp-dfg-layout-masonry&#8221; items_width=&#8221;25%&#8221; column_gutter=&#8221;0em&#8221; row_gutter=&#8221;1em&#8221; items_skin=&#8221;dp-dfg-skin-default dp-dfg-skin-zoomimage&#8221; primary_view=&#8221;%91{%22name%22:%22overlay%22,%22show%22:%22on%22},{%22name%22:%22title%22,%22show%22:%22off%22},{%22name%22:%22ext%22,%22show%22:%22off%22},{%22name%22:%22thumbnail%22,%22show%22:%22on%22},{%22name%22:%22meta%22,%22show%22:%22off%22},{%22name%22:%22content%22,%22show%22:%22off%22},{%22name%22:%22action_button%22,%22show%22:%22off%22},{%22name%22:%22read_more_button%22,%22show%22:%22off%22},{%22name%22:%22custom_content%22,%22show%22:%22off%22}%93&#8243; popup_bg=&#8221;#000000&#8243; overlay_icon_color=&#8221;#000000&#8243; hover_overlay_color=&#8221;#000000&#8243; dfg_loader=&#8221;c1&#8243; dfg_lc1=&#8221;#FFFFFF&#8221; dfg_lc2=&#8221;#E02B20&#8243; items_width_last_edited=&#8221;off|desktop&#8221; _builder_version=&#8221;4.25.1&#8243; _module_preset=&#8221;default&#8221; dpdfg_entry_title_text_align=&#8221;center&#8221; dpdfg_entry_title_text_color=&#8221;#FFFFFF&#8221; dpdfg_entry_title_font_size=&#8221;26px&#8221; animation_style=&#8221;slide&#8221; locked=&#8221;off&#8221; global_colors_info=&#8221;{}&#8221;][\/dpdfg_filtergrid][\/et_pb_column][\/et_pb_row][\/et_pb_section]<\/p>\n","protected":false},"excerpt":{"rendered":"<p>Sistem de acces cu barier\u0103 termic\u0103, potrivit pentru construc\u021bii cu cerin\u021be ridicate, disponibil \u00eentr-o varietate de tipologii cu panouri sau geamuri. Datorit\u0103 designului s\u0103u robust, este ideal pentru aplica\u021bii cu utilizare frecvent\u0103, precum locuin\u021be, blocuri sau cl\u0103diri publice. \u00cen acela\u0219i timp, ofer\u0103 izolare termic\u0103, fonic\u0103 \u0219i protec\u021bie \u00eempotriva apei, completate de un design estetic elegant. [&hellip;]<\/p>\n","protected":false},"author":1,"featured_media":9633,"parent":7872,"menu_order":55,"comment_status":"closed","ping_status":"closed","template":"","meta":{"_acf_changed":false,"_et_pb_use_builder":"on","_et_pb_old_content":"","_et_gb_content_width":"","footnotes":""},"categories":[32],"tags":[],"class_list":["post-8435","page","type-page","status-publish","has-post-thumbnail","hentry","category-usiferestre"],"acf":[],"_links":{"self":[{"href":"https:\/\/exalco.ro\/en\/wp-json\/wp\/v2\/pages\/8435","targetHints":{"allow":["GET"]}}],"collection":[{"href":"https:\/\/exalco.ro\/en\/wp-json\/wp\/v2\/pages"}],"about":[{"href":"https:\/\/exalco.ro\/en\/wp-json\/wp\/v2\/types\/page"}],"author":[{"embeddable":true,"href":"https:\/\/exalco.ro\/en\/wp-json\/wp\/v2\/users\/1"}],"replies":[{"embeddable":true,"href":"https:\/\/exalco.ro\/en\/wp-json\/wp\/v2\/comments?post=8435"}],"version-history":[{"count":0,"href":"https:\/\/exalco.ro\/en\/wp-json\/wp\/v2\/pages\/8435\/revisions"}],"up":[{"embeddable":true,"href":"https:\/\/exalco.ro\/en\/wp-json\/wp\/v2\/pages\/7872"}],"wp:featuredmedia":[{"embeddable":true,"href":"https:\/\/exalco.ro\/en\/wp-json\/wp\/v2\/media\/9633"}],"wp:attachment":[{"href":"https:\/\/exalco.ro\/en\/wp-json\/wp\/v2\/media?parent=8435"}],"wp:term":[{"taxonomy":"category","embeddable":true,"href":"https:\/\/exalco.ro\/en\/wp-json\/wp\/v2\/categories?post=8435"},{"taxonomy":"post_tag","embeddable":true,"href":"https:\/\/exalco.ro\/en\/wp-json\/wp\/v2\/tags?post=8435"}],"curies":[{"name":"wp","href":"https:\/\/api.w.org\/{rel}","templated":true}]}}