{"id":8515,"date":"2025-01-01T00:46:04","date_gmt":"2025-01-01T00:46:04","guid":{"rendered":"https:\/\/test.exalco.ro\/?page_id=8515"},"modified":"2025-07-09T12:49:49","modified_gmt":"2025-07-09T10:49:49","slug":"hotelia","status":"publish","type":"page","link":"https:\/\/exalco.ro\/en\/sisteme\/hotelia\/","title":{"rendered":"Hotelia"},"content":{"rendered":"<p>[et_pb_section fb_built=&#8221;1&#8243; _builder_version=&#8221;4.24.3&#8243; _module_preset=&#8221;default&#8221; custom_padding=&#8221;||0px|||&#8221; global_colors_info=&#8221;{}&#8221;][et_pb_row column_structure=&#8221;1_2,1_2&#8243; _builder_version=&#8221;4.24.3&#8243; _module_preset=&#8221;default&#8221; width_tablet=&#8221;80%&#8221; width_phone=&#8221;80%&#8221; width_last_edited=&#8221;on|tablet&#8221; custom_padding=&#8221;||||false|false&#8221; global_colors_info=&#8221;{}&#8221;][et_pb_column type=&#8221;1_2&#8243; _builder_version=&#8221;4.24.3&#8243; _module_preset=&#8221;default&#8221; animation_style=&#8221;slide&#8221; animation_direction=&#8221;left&#8221; global_colors_info=&#8221;{}&#8221;][et_pb_heading title=&#8221;Hotelia Doors&#8221; disabled_on=&#8221;off|off|on&#8221; _builder_version=&#8221;4.27.0&#8243; _module_preset=&#8221;default&#8221; title_font=&#8221;|700|||||||&#8221; title_text_color=&#8221;#000000&#8243; global_colors_info=&#8221;{}&#8221;][\/et_pb_heading][et_pb_slider show_image_video_mobile=&#8221;on&#8221; use_bg_overlay=&#8221;off&#8221; use_text_overlay=&#8221;off&#8221; arrows_custom_color=&#8221;#E02B20&#8243; dot_nav_custom_color=&#8221;#E02B20&#8243; _builder_version=&#8221;4.27.4&#8243; _module_preset=&#8221;default&#8221; background_color=&#8221;RGBA(255,255,255,0)&#8221; background_image=&#8221;https:\/\/test.exalco.ro\/wp-content\/uploads\/2024\/08\/hotelia101.jpg&#8221; min_height_tablet=&#8221;600px&#8221; min_height_phone=&#8221;350px&#8221; min_height_last_edited=&#8221;on|phone&#8221; height=&#8221;80vh&#8221; height_tablet=&#8221;80vh&#8221; height_phone=&#8221;80vh&#8221; height_last_edited=&#8221;on|phone&#8221; hover_enabled=&#8221;0&#8243; global_colors_info=&#8221;{}&#8221; sticky_enabled=&#8221;0&#8243;][et_pb_slide _builder_version=&#8221;4.27.4&#8243; _module_preset=&#8221;default&#8221; background_enable_color=&#8221;off&#8221; background_image=&#8221;https:\/\/exalco.ro\/wp-content\/uploads\/2025\/06\/exalco-usi-de-intrare-hotelia.webp&#8221; background_enable_image=&#8221;on&#8221; background_size=&#8221;contain&#8221; background_position=&#8221;top_center&#8221; hover_enabled=&#8221;0&#8243; global_colors_info=&#8221;{}&#8221; sticky_transition=&#8221;on&#8221; title_text=&#8221;exalco-usi-de-intrare-hotelia&#8221; sticky_enabled=&#8221;0&#8243;][\/et_pb_slide][\/et_pb_slider][\/et_pb_column][et_pb_column type=&#8221;1_2&#8243; _builder_version=&#8221;4.24.3&#8243; _module_preset=&#8221;default&#8221; animation_style=&#8221;slide&#8221; animation_direction=&#8221;right&#8221; global_colors_info=&#8221;{}&#8221;][et_pb_heading title=&#8221;Hotelia Doors&#8221; disabled_on=&#8221;on|on|off&#8221; _builder_version=&#8221;4.27.0&#8243; _module_preset=&#8221;default&#8221; title_font=&#8221;|700|||||||&#8221; title_text_color=&#8221;#000000&#8243; custom_margin=&#8221;10px|0px|0px|0px|false|true&#8221; custom_padding=&#8221;0px|0px|0px|0px|true|true&#8221; global_colors_info=&#8221;{}&#8221;][\/et_pb_heading][et_pb_accordion open_toggle_text_color=&#8221;#E02B20&#8243; open_toggle_background_color=&#8221;#FFFFFF&#8221; closed_toggle_background_color=&#8221;#FFFFFF&#8221; toggle_icon=&#8221;&#x3b;||divi||400&#8243; icon_color=&#8221;#E02B20&#8243; _builder_version=&#8221;4.27.4&#8243; _module_preset=&#8221;default&#8221; toggle_text_color=&#8221;#E02B20&#8243; toggle_font=&#8221;|600|||||||&#8221; custom_margin=&#8221;0px|0px|0px|0px|true|true&#8221; custom_padding=&#8221;0px|0px|0px|0px|true|true&#8221; global_colors_info=&#8221;{}&#8221;][et_pb_accordion_item title=&#8221;Descriere&#8221; open=&#8221;on&#8221; _builder_version=&#8221;4.27.4&#8243; _module_preset=&#8221;default&#8221; global_colors_info=&#8221;{}&#8221; toggle_font=&#8221;|600|||||||&#8221;]<\/p>\n<p><strong>HOTELIA DOORS<\/strong> este un sistem de u\u0219\u0103 pentru camere de hotel, prev\u0103zut cu un panou izolant de <strong>60 mm<\/strong>, destinat realiz\u0103rii separ\u0103rii fonice necesare \u00eentre coridor \u0219i dormitor. Designul s\u0103u robust permite utilizarea \u00een condi\u021bii de trafic intens, iar aspectul poate fi personalizat pentru a se potrivi diferitelor cerin\u021be estetice ale operatorilor hotelieri.<br \/>Sistemul este <strong>compatibil cu toate cititoarele de carduri<\/strong> utilizate \u00een industria hotelier\u0103.<\/p>\n<p>[\/et_pb_accordion_item][et_pb_accordion_item title=&#8221;Performan\u021bele Sistemului&#8221; _builder_version=&#8221;4.27.4&#8243; _module_preset=&#8221;default&#8221; global_colors_info=&#8221;{}&#8221; open=&#8221;off&#8221;]<\/p>\n<table style=\"width: 100%; border-collapse: collapse; border-style: hidden;\">\n<tbody>\n<tr>\n<td style=\"width: 50%;\">Permeabilitate la aer<\/td>\n<td style=\"width: 50%;\">Class 4<\/td>\n<\/tr>\n<tr style=\"background: #E6E7E8;\">\n<td style=\"width: 50%;\">Etan\u015feitatea la ap\u0103<\/td>\n<td style=\"width: 50%;\">Class 9A<\/td>\n<\/tr>\n<tr>\n<td style=\"width: 50%;\">Rezisten\u0163a la \u00eenc\u0103rcarea din v\u00e2nt<\/td>\n<td style=\"width: 50%;\">Class C3\/B4<\/td>\n<\/tr>\n<tr style=\"background: #E6E7E8;\">\n<td style=\"width: 50%;\">Coeficientul de transmisie termic\u0103 Uf<\/td>\n<td style=\"width: 50%;\">1 W\/(m<sup>2<\/sup>K)<\/td>\n<\/tr>\n<\/tbody>\n<\/table>\n<p>[\/et_pb_accordion_item][et_pb_accordion_item title=&#8221;Specifica\u021bii Tehnice&#8221; _builder_version=&#8221;4.27.4&#8243; _module_preset=&#8221;default&#8221; global_colors_info=&#8221;{}&#8221; open=&#8221;off&#8221;]<\/p>\n<table style=\"width: 100%; border-collapse: collapse; border-style: hidden;\">\n<tbody>\n<tr style=\"background: #E6E7E8;\">\n<td style=\"width: 50%;\">Dimensiunea Cercevelei<\/td>\n<td>Latime 33 mm<br \/>\u00cen\u0103l\u021bime 74.4 \u2013 85 mm<\/td>\n<\/tr>\n<tr>\n<td>Grosimea Vitrajelor<\/td>\n<td>5 \u2013 22 mm<\/td>\n<\/tr>\n<tr style=\"background: #E6E7E8;\">\n<td>Role de glisare<\/td>\n<td>Role reglabile, din teflon<\/td>\n<\/tr>\n<\/tbody>\n<\/table>\n<p>[\/et_pb_accordion_item][et_pb_accordion_item title=&#8221;Desc\u0103rc\u0103ri&#8221; _builder_version=&#8221;4.27.4&#8243; _module_preset=&#8221;default&#8221; global_colors_info=&#8221;{}&#8221; open=&#8221;off&#8221;]\ud83d\udcc4 <a href=\"\/pdf\/brosuri\/hotelia_doors.pdf\" target=\"_blank\" rel=\"noopener\">Bro\u0219ur\u0103 Hotelia Doors<\/a><br \/>\n\ud83d\udcc4 <a href=\"\/pdf\/brosuri\/leaflet-doors.pdf\" target=\"_blank\" rel=\"noopener\">Bro\u0219ur\u0103 Entrance Doors<\/a><br \/>\n\ud83d\udcc4 <a href=\"\/myexalco\/\" rel=\"noopener\"><span style=\"color: gray;\">Catalog Tehnic <em>(accesibil \u00een MyExalco)<\/em><\/span><\/a>[\/et_pb_accordion_item][\/et_pb_accordion][\/et_pb_column][\/et_pb_row][et_pb_row _builder_version=&#8221;4.27.4&#8243; _module_preset=&#8221;default&#8221; width_tablet=&#8221;100%&#8221; width_phone=&#8221;100%&#8221; width_last_edited=&#8221;on|phone&#8221; custom_margin=&#8221;0px||0px||true|false&#8221; custom_padding=&#8221;0px||0px||true|false&#8221; locked=&#8221;off&#8221; global_colors_info=&#8221;{}&#8221;][et_pb_column type=&#8221;4_4&#8243; _builder_version=&#8221;4.24.3&#8243; _module_preset=&#8221;default&#8221; global_colors_info=&#8221;{}&#8221;][et_pb_post_nav in_same_term=&#8221;on&#8221; prev_text=&#8221;Anterior&#8221; next_text=&#8221;Urm\u0103tor&#8221; _builder_version=&#8221;4.27.4&#8243; _module_preset=&#8221;default&#8221; global_colors_info=&#8221;{}&#8221;][\/et_pb_post_nav][\/et_pb_column][\/et_pb_row][et_pb_row _builder_version=&#8221;4.24.3&#8243; _module_preset=&#8221;default&#8221; width_tablet=&#8221;100%&#8221; width_phone=&#8221;100%&#8221; width_last_edited=&#8221;on|phone&#8221; custom_padding=&#8221;||||true|false&#8221; locked=&#8221;off&#8221; global_colors_info=&#8221;{}&#8221;][et_pb_column type=&#8221;4_4&#8243; _builder_version=&#8221;4.24.3&#8243; _module_preset=&#8221;default&#8221; global_colors_info=&#8221;{}&#8221;][et_pb_text _builder_version=&#8221;4.25.1&#8243; _module_preset=&#8221;default&#8221; custom_margin=&#8221;||0px||false|false&#8221; animation_style=&#8221;slide&#8221; animation_direction=&#8221;left&#8221; global_colors_info=&#8221;{}&#8221;]<\/p>\n<h3>Proiecte realizate cu sisteme Exalco<\/h3>\n<p>[\/et_pb_text][dpdfg_filtergrid custom_query=&#8221;archive&#8221; current_post_type=&#8221;off&#8221; multiple_cpt=&#8221;project&#8221; post_number=&#8221;4&#8243; orderby=&#8221;rand&#8221; title_link=&#8221;on&#8221; show_post_meta=&#8221;off&#8221; custom_content_container=&#8221;off&#8221; show_filters=&#8221;off&#8221; items_layout=&#8221;dp-dfg-layout-masonry&#8221; items_width=&#8221;25%&#8221; column_gutter=&#8221;0em&#8221; row_gutter=&#8221;1em&#8221; items_skin=&#8221;dp-dfg-skin-default dp-dfg-skin-zoomimage&#8221; primary_view=&#8221;%91{%22name%22:%22overlay%22,%22show%22:%22on%22},{%22name%22:%22title%22,%22show%22:%22off%22},{%22name%22:%22ext%22,%22show%22:%22off%22},{%22name%22:%22thumbnail%22,%22show%22:%22on%22},{%22name%22:%22meta%22,%22show%22:%22off%22},{%22name%22:%22content%22,%22show%22:%22off%22},{%22name%22:%22action_button%22,%22show%22:%22off%22},{%22name%22:%22read_more_button%22,%22show%22:%22off%22},{%22name%22:%22custom_content%22,%22show%22:%22off%22}%93&#8243; popup_bg=&#8221;#000000&#8243; overlay_icon_color=&#8221;#000000&#8243; hover_overlay_color=&#8221;#000000&#8243; dfg_loader=&#8221;c1&#8243; dfg_lc1=&#8221;#FFFFFF&#8221; dfg_lc2=&#8221;#E02B20&#8243; items_width_last_edited=&#8221;off|desktop&#8221; _builder_version=&#8221;4.25.1&#8243; _module_preset=&#8221;default&#8221; dpdfg_entry_title_text_align=&#8221;center&#8221; dpdfg_entry_title_text_color=&#8221;#FFFFFF&#8221; dpdfg_entry_title_font_size=&#8221;26px&#8221; animation_style=&#8221;slide&#8221; locked=&#8221;off&#8221; global_colors_info=&#8221;{}&#8221;][\/dpdfg_filtergrid][\/et_pb_column][\/et_pb_row][\/et_pb_section]<\/p>\n","protected":false},"excerpt":{"rendered":"<p>HOTELIA DOORS este un sistem de u\u0219\u0103 pentru camere de hotel, prev\u0103zut cu un panou izolant de 60 mm, destinat realiz\u0103rii separ\u0103rii fonice necesare \u00eentre coridor \u0219i dormitor. Designul s\u0103u robust permite utilizarea \u00een condi\u021bii de trafic intens, iar aspectul poate fi personalizat pentru a se potrivi diferitelor cerin\u021be estetice ale operatorilor hotelieri.Sistemul este compatibil [&hellip;]<\/p>\n","protected":false},"author":1,"featured_media":9709,"parent":7872,"menu_order":86,"comment_status":"closed","ping_status":"closed","template":"","meta":{"_acf_changed":false,"_et_pb_use_builder":"on","_et_pb_old_content":"","_et_gb_content_width":"","footnotes":""},"categories":[34],"tags":[],"class_list":["post-8515","page","type-page","status-publish","has-post-thumbnail","hentry","category-usi-de-intrare"],"acf":[],"_links":{"self":[{"href":"https:\/\/exalco.ro\/en\/wp-json\/wp\/v2\/pages\/8515","targetHints":{"allow":["GET"]}}],"collection":[{"href":"https:\/\/exalco.ro\/en\/wp-json\/wp\/v2\/pages"}],"about":[{"href":"https:\/\/exalco.ro\/en\/wp-json\/wp\/v2\/types\/page"}],"author":[{"embeddable":true,"href":"https:\/\/exalco.ro\/en\/wp-json\/wp\/v2\/users\/1"}],"replies":[{"embeddable":true,"href":"https:\/\/exalco.ro\/en\/wp-json\/wp\/v2\/comments?post=8515"}],"version-history":[{"count":0,"href":"https:\/\/exalco.ro\/en\/wp-json\/wp\/v2\/pages\/8515\/revisions"}],"up":[{"embeddable":true,"href":"https:\/\/exalco.ro\/en\/wp-json\/wp\/v2\/pages\/7872"}],"wp:featuredmedia":[{"embeddable":true,"href":"https:\/\/exalco.ro\/en\/wp-json\/wp\/v2\/media\/9709"}],"wp:attachment":[{"href":"https:\/\/exalco.ro\/en\/wp-json\/wp\/v2\/media?parent=8515"}],"wp:term":[{"taxonomy":"category","embeddable":true,"href":"https:\/\/exalco.ro\/en\/wp-json\/wp\/v2\/categories?post=8515"},{"taxonomy":"post_tag","embeddable":true,"href":"https:\/\/exalco.ro\/en\/wp-json\/wp\/v2\/tags?post=8515"}],"curies":[{"name":"wp","href":"https:\/\/api.w.org\/{rel}","templated":true}]}}