{"id":8540,"date":"2025-01-01T00:45:37","date_gmt":"2025-01-01T00:45:37","guid":{"rendered":"https:\/\/test.exalco.ro\/?page_id=8540"},"modified":"2026-04-16T11:59:02","modified_gmt":"2026-04-16T09:59:02","slug":"residence","status":"publish","type":"page","link":"https:\/\/exalco.ro\/en\/sisteme\/residence\/","title":{"rendered":"Residence"},"content":{"rendered":"<p>[et_pb_section fb_built=&#8221;1&#8243; _builder_version=&#8221;4.24.3&#8243; _module_preset=&#8221;default&#8221; custom_padding=&#8221;||0px|||&#8221; global_colors_info=&#8221;{}&#8221;][et_pb_row column_structure=&#8221;1_2,1_2&#8243; _builder_version=&#8221;4.24.3&#8243; _module_preset=&#8221;default&#8221; width_tablet=&#8221;80%&#8221; width_phone=&#8221;80%&#8221; width_last_edited=&#8221;on|tablet&#8221; custom_padding=&#8221;||||false|false&#8221; global_colors_info=&#8221;{}&#8221;][et_pb_column type=&#8221;1_2&#8243; _builder_version=&#8221;4.24.3&#8243; _module_preset=&#8221;default&#8221; animation_style=&#8221;slide&#8221; animation_direction=&#8221;left&#8221; global_colors_info=&#8221;{}&#8221;][et_pb_heading title=&#8221;Residence Doors&#8221; disabled_on=&#8221;off|off|on&#8221; _builder_version=&#8221;4.27.0&#8243; _module_preset=&#8221;default&#8221; title_font=&#8221;|700|||||||&#8221; title_text_color=&#8221;#000000&#8243; global_colors_info=&#8221;{}&#8221;][\/et_pb_heading][et_pb_slider show_image_video_mobile=&#8221;on&#8221; use_bg_overlay=&#8221;off&#8221; use_text_overlay=&#8221;off&#8221; arrows_custom_color=&#8221;#E02B20&#8243; dot_nav_custom_color=&#8221;#E02B20&#8243; _builder_version=&#8221;4.27.4&#8243; _module_preset=&#8221;default&#8221; background_color=&#8221;RGBA(255,255,255,0)&#8221; background_image=&#8221;https:\/\/test.exalco.ro\/wp-content\/uploads\/2024\/08\/hotelia101.jpg&#8221; min_height_tablet=&#8221;600px&#8221; min_height_phone=&#8221;350px&#8221; min_height_last_edited=&#8221;on|phone&#8221; height=&#8221;80vh&#8221; height_tablet=&#8221;80vh&#8221; height_phone=&#8221;80vh&#8221; height_last_edited=&#8221;on|phone&#8221; global_colors_info=&#8221;{}&#8221;][et_pb_slide _builder_version=&#8221;4.27.4&#8243; _module_preset=&#8221;default&#8221; background_enable_color=&#8221;off&#8221; background_image=&#8221;https:\/\/exalco.ro\/wp-content\/uploads\/2025\/06\/exalco-usi-de-intrare-residence.webp&#8221; background_enable_image=&#8221;on&#8221; background_size=&#8221;contain&#8221; background_position=&#8221;top_center&#8221; global_colors_info=&#8221;{}&#8221; sticky_transition=&#8221;on&#8221;][\/et_pb_slide][\/et_pb_slider][\/et_pb_column][et_pb_column type=&#8221;1_2&#8243; _builder_version=&#8221;4.24.3&#8243; _module_preset=&#8221;default&#8221; animation_style=&#8221;slide&#8221; animation_direction=&#8221;right&#8221; global_colors_info=&#8221;{}&#8221;][et_pb_heading title=&#8221;Residence Doors&#8221; disabled_on=&#8221;on|on|off&#8221; _builder_version=&#8221;4.27.0&#8243; _module_preset=&#8221;default&#8221; title_font=&#8221;|700|||||||&#8221; title_text_color=&#8221;#000000&#8243; custom_margin=&#8221;10px|0px|0px|0px|false|true&#8221; custom_padding=&#8221;0px|0px|0px|0px|true|true&#8221; global_colors_info=&#8221;{}&#8221;][\/et_pb_heading][et_pb_accordion open_toggle_text_color=&#8221;#E02B20&#8243; open_toggle_background_color=&#8221;#FFFFFF&#8221; closed_toggle_background_color=&#8221;#FFFFFF&#8221; toggle_icon=&#8221;&#x3b;||divi||400&#8243; icon_color=&#8221;#E02B20&#8243; _builder_version=&#8221;4.27.6&#8243; _module_preset=&#8221;default&#8221; toggle_text_color=&#8221;#E02B20&#8243; toggle_font=&#8221;|600|||||||&#8221; custom_margin=&#8221;0px|0px|0px|0px|true|true&#8221; custom_padding=&#8221;0px|0px|0px|0px|true|true&#8221; hover_enabled=&#8221;0&#8243; global_colors_info=&#8221;{}&#8221; sticky_enabled=&#8221;0&#8243;][et_pb_accordion_item title=&#8221;Descriere&#8221; open=&#8221;on&#8221; _builder_version=&#8221;4.27.4&#8243; _module_preset=&#8221;default&#8221; global_colors_info=&#8221;{}&#8221; toggle_font=&#8221;|600|||||||&#8221;]<\/p>\n<p><strong>Este un nou sistem de u\u0219i de acces de lux<\/strong>, destinat aplica\u021biilor comerciale \u0219i reziden\u021biale, care combin\u0103 estetica cu func\u021bionalitatea.<br \/><strong>Cu un design robust<\/strong>, este alegerea ideal\u0103 pentru utilizarea frecvent\u0103 \u00een centre comerciale, birouri, cl\u0103diri reziden\u021biale \u0219i publice.<br \/>Sistemul are un <strong>design liniar modern<\/strong>, cu barier\u0103 termic\u0103 de 34\u202fmm din poliamid\u0103, oferind performan\u021be excelente \u00een ceea ce prive\u0219te <strong>izolarea termic\u0103, fonic\u0103 \u0219i protec\u021bia \u00eempotriva umezelii<\/strong>, f\u0103r\u0103 a compromite aspectul estetic.<br \/>Este complet compatibil cu sistemele moderne de control acces, permi\u021b\u00e2nd utilizarea cititoarelor de carduri, RFID, cititoare de amprente sau tastaturi.<\/p>\n<p>[\/et_pb_accordion_item][et_pb_accordion_item title=&#8221;Performan\u021bele Sistemului&#8221; _builder_version=&#8221;4.27.4&#8243; _module_preset=&#8221;default&#8221; global_colors_info=&#8221;{}&#8221; open=&#8221;off&#8221;]<\/p>\n<table style=\"width: 100%; border-collapse: collapse; border-style: hidden;\">\n<tbody>\n<tr>\n<td style=\"width: 50%;\">Permeabilitate la aer<\/td>\n<td style=\"width: 50%;\">Class 4<\/td>\n<\/tr>\n<tr style=\"background: #E6E7E8;\">\n<td style=\"width: 50%;\">Etan\u015feitatea la ap\u0103<\/td>\n<td style=\"width: 50%;\">Class 4E<\/td>\n<\/tr>\n<tr>\n<td style=\"width: 50%;\">Rezisten\u0163a la \u00eencarcarea din v\u00e2nt<\/td>\n<td style=\"width: 50%;\">Class C3\/B4<\/td>\n<\/tr>\n<tr style=\"background: #E6E7E8;\">\n<td style=\"width: 50%;\">Coeficientul de transmisie termic\u0103 Uf<\/td>\n<td style=\"width: 50%;\">1.6 \u2013 2.3 W\/(m<sup>2<\/sup>K)<\/td>\n<\/tr>\n<\/tbody>\n<\/table>\n<p>[\/et_pb_accordion_item][et_pb_accordion_item title=&#8221;Specificatii Tehnice&#8221; _builder_version=&#8221;4.27.4&#8243; _module_preset=&#8221;default&#8221; global_colors_info=&#8221;{}&#8221; open=&#8221;off&#8221;]<\/p>\n<table style=\"width: 100%; border-collapse: collapse; border-style: hidden;\">\n<tbody>\n<tr style=\"background: #E6E7E8;\">\n<td>Dimensiunea tocului<\/td>\n<td>L\u0103\u021bime 86mm<br \/>\u00cen\u0103l\u021bime 69mm<\/td>\n<\/tr>\n<tr>\n<td>Dimensiunea cercevelei<\/td>\n<td>L\u0103\u021bime 86mm<br \/>\u00cen\u0103l\u021bime 74.3\u201396.1mm<\/td>\n<\/tr>\n<tr style=\"background: #E6E7E8;\">\n<td>Grosimea vitrajelor<\/td>\n<td>25\u201360mm<\/td>\n<\/tr>\n<tr>\n<td>Poliamid\u0103 barier\u0103 termic\u0103<\/td>\n<td>34mm (PA 6.6, 25%GF)<\/td>\n<\/tr>\n<tr style=\"background: #E6E7E8;\">\n<td>Etan\u0219are la partea inferioar\u0103<\/td>\n<td>Automat\u0103 \u201cAirlock\u201d \u0219i perie<\/td>\n<\/tr>\n<tr>\n<td>Balamale<\/td>\n<td>Aplicate, de trafic intens, tip Heavy Duty<\/td>\n<\/tr>\n<tr style=\"background: #E6E7E8;\">\n<td>Ac\u021bionare<\/td>\n<td>\u00cenchidere manual\u0103 sau electric\u0103, m\u00e2ner<\/td>\n<\/tr>\n<\/tbody>\n<\/table>\n<p>[\/et_pb_accordion_item][et_pb_accordion_item title=&#8221;Desc\u0103rc\u0103ri&#8221; _builder_version=&#8221;4.27.6&#8243; _module_preset=&#8221;default&#8221; hover_enabled=&#8221;0&#8243; global_colors_info=&#8221;{}&#8221; open=&#8221;off&#8221; sticky_enabled=&#8221;0&#8243;]\ud83d\udcc4 <a href=\"\/pdf\/brosuri\/residence-doors.pdf\" target=\"_blank\" rel=\"noopener\">Bro\u0219ur\u0103 Residence Doors<\/a><br \/>\n\ud83d\udcc4 <a href=\"\/pdf\/brosuri\/leaflet-doors.pdf\" target=\"_blank\" rel=\"noopener\">Bro\u0219ur\u0103 Entance Doors<\/a><br \/>\n\ud83d\udcc4 <a href=\"\/myexalco\/\" rel=\"noopener\"><span style=\"color: gray;\">Catalog Tehnic <em>(accesibil \u00een MyExalco)<\/em><\/span><\/a>[\/et_pb_accordion_item][\/et_pb_accordion][\/et_pb_column][\/et_pb_row][et_pb_row _builder_version=&#8221;4.27.4&#8243; _module_preset=&#8221;default&#8221; width_tablet=&#8221;100%&#8221; width_phone=&#8221;100%&#8221; width_last_edited=&#8221;on|phone&#8221; custom_margin=&#8221;0px||0px||true|false&#8221; custom_padding=&#8221;0px||0px||true|false&#8221; locked=&#8221;off&#8221; global_colors_info=&#8221;{}&#8221;][et_pb_column type=&#8221;4_4&#8243; _builder_version=&#8221;4.24.3&#8243; _module_preset=&#8221;default&#8221; global_colors_info=&#8221;{}&#8221;][et_pb_post_nav in_same_term=&#8221;on&#8221; prev_text=&#8221;Anterior&#8221; next_text=&#8221;Urm\u0103tor&#8221; _builder_version=&#8221;4.27.4&#8243; _module_preset=&#8221;default&#8221; global_colors_info=&#8221;{}&#8221;][\/et_pb_post_nav][\/et_pb_column][\/et_pb_row][et_pb_row _builder_version=&#8221;4.24.3&#8243; _module_preset=&#8221;default&#8221; width_tablet=&#8221;100%&#8221; width_phone=&#8221;100%&#8221; width_last_edited=&#8221;on|phone&#8221; custom_padding=&#8221;||||true|false&#8221; locked=&#8221;off&#8221; global_colors_info=&#8221;{}&#8221;][et_pb_column type=&#8221;4_4&#8243; _builder_version=&#8221;4.24.3&#8243; _module_preset=&#8221;default&#8221; global_colors_info=&#8221;{}&#8221;][et_pb_text _builder_version=&#8221;4.25.1&#8243; _module_preset=&#8221;default&#8221; custom_margin=&#8221;||0px||false|false&#8221; animation_style=&#8221;slide&#8221; animation_direction=&#8221;left&#8221; global_colors_info=&#8221;{}&#8221;]<\/p>\n<h3>Proiecte realizate cu sisteme Exalco<\/h3>\n<p>[\/et_pb_text][dpdfg_filtergrid custom_query=&#8221;archive&#8221; current_post_type=&#8221;off&#8221; multiple_cpt=&#8221;project&#8221; post_number=&#8221;4&#8243; orderby=&#8221;rand&#8221; title_link=&#8221;on&#8221; show_post_meta=&#8221;off&#8221; custom_content_container=&#8221;off&#8221; show_filters=&#8221;off&#8221; items_layout=&#8221;dp-dfg-layout-masonry&#8221; items_width=&#8221;25%&#8221; column_gutter=&#8221;0em&#8221; row_gutter=&#8221;1em&#8221; items_skin=&#8221;dp-dfg-skin-default dp-dfg-skin-zoomimage&#8221; primary_view=&#8221;%91{%22name%22:%22overlay%22,%22show%22:%22on%22},{%22name%22:%22title%22,%22show%22:%22off%22},{%22name%22:%22ext%22,%22show%22:%22off%22},{%22name%22:%22thumbnail%22,%22show%22:%22on%22},{%22name%22:%22meta%22,%22show%22:%22off%22},{%22name%22:%22content%22,%22show%22:%22off%22},{%22name%22:%22action_button%22,%22show%22:%22off%22},{%22name%22:%22read_more_button%22,%22show%22:%22off%22},{%22name%22:%22custom_content%22,%22show%22:%22off%22}%93&#8243; popup_bg=&#8221;#000000&#8243; overlay_icon_color=&#8221;#000000&#8243; hover_overlay_color=&#8221;#000000&#8243; dfg_loader=&#8221;c1&#8243; dfg_lc1=&#8221;#FFFFFF&#8221; dfg_lc2=&#8221;#E02B20&#8243; items_width_last_edited=&#8221;off|desktop&#8221; _builder_version=&#8221;4.25.1&#8243; _module_preset=&#8221;default&#8221; dpdfg_entry_title_text_align=&#8221;center&#8221; dpdfg_entry_title_text_color=&#8221;#FFFFFF&#8221; dpdfg_entry_title_font_size=&#8221;26px&#8221; animation_style=&#8221;slide&#8221; locked=&#8221;off&#8221; global_colors_info=&#8221;{}&#8221;][\/dpdfg_filtergrid][\/et_pb_column][\/et_pb_row][\/et_pb_section]<\/p>\n","protected":false},"excerpt":{"rendered":"<p>Este un nou sistem de u\u0219i de acces de lux, destinat aplica\u021biilor comerciale \u0219i reziden\u021biale, care combin\u0103 estetica cu func\u021bionalitatea.Cu un design robust, este alegerea ideal\u0103 pentru utilizarea frecvent\u0103 \u00een centre comerciale, birouri, cl\u0103diri reziden\u021biale \u0219i publice.Sistemul are un design liniar modern, cu barier\u0103 termic\u0103 de 34\u202fmm din poliamid\u0103, oferind performan\u021be excelente \u00een ceea ce [&hellip;]<\/p>\n","protected":false},"author":1,"featured_media":9711,"parent":7872,"menu_order":85,"comment_status":"closed","ping_status":"closed","template":"","meta":{"_acf_changed":false,"_et_pb_use_builder":"on","_et_pb_old_content":"","_et_gb_content_width":"","footnotes":""},"categories":[34],"tags":[],"class_list":["post-8540","page","type-page","status-publish","has-post-thumbnail","hentry","category-usi-de-intrare"],"acf":[],"_links":{"self":[{"href":"https:\/\/exalco.ro\/en\/wp-json\/wp\/v2\/pages\/8540","targetHints":{"allow":["GET"]}}],"collection":[{"href":"https:\/\/exalco.ro\/en\/wp-json\/wp\/v2\/pages"}],"about":[{"href":"https:\/\/exalco.ro\/en\/wp-json\/wp\/v2\/types\/page"}],"author":[{"embeddable":true,"href":"https:\/\/exalco.ro\/en\/wp-json\/wp\/v2\/users\/1"}],"replies":[{"embeddable":true,"href":"https:\/\/exalco.ro\/en\/wp-json\/wp\/v2\/comments?post=8540"}],"version-history":[{"count":2,"href":"https:\/\/exalco.ro\/en\/wp-json\/wp\/v2\/pages\/8540\/revisions"}],"predecessor-version":[{"id":10626,"href":"https:\/\/exalco.ro\/en\/wp-json\/wp\/v2\/pages\/8540\/revisions\/10626"}],"up":[{"embeddable":true,"href":"https:\/\/exalco.ro\/en\/wp-json\/wp\/v2\/pages\/7872"}],"wp:featuredmedia":[{"embeddable":true,"href":"https:\/\/exalco.ro\/en\/wp-json\/wp\/v2\/media\/9711"}],"wp:attachment":[{"href":"https:\/\/exalco.ro\/en\/wp-json\/wp\/v2\/media?parent=8540"}],"wp:term":[{"taxonomy":"category","embeddable":true,"href":"https:\/\/exalco.ro\/en\/wp-json\/wp\/v2\/categories?post=8540"},{"taxonomy":"post_tag","embeddable":true,"href":"https:\/\/exalco.ro\/en\/wp-json\/wp\/v2\/tags?post=8540"}],"curies":[{"name":"wp","href":"https:\/\/api.w.org\/{rel}","templated":true}]}}