{"id":8648,"date":"2025-01-01T00:35:36","date_gmt":"2025-01-01T00:35:36","guid":{"rendered":"https:\/\/test.exalco.ro\/?page_id=8648"},"modified":"2025-07-09T12:24:53","modified_gmt":"2025-07-09T10:24:53","slug":"exalcobond-panou-compozit","status":"publish","type":"page","link":"https:\/\/exalco.ro\/en\/sisteme\/exalcobond-panou-compozit\/","title":{"rendered":"ExalcoBond \u2013 Composite Panels"},"content":{"rendered":"<p>[et_pb_section fb_built=&#8221;1&#8243; _builder_version=&#8221;4.24.3&#8243; _module_preset=&#8221;default&#8221; custom_padding=&#8221;||0px|||&#8221; global_colors_info=&#8221;{}&#8221;][et_pb_row column_structure=&#8221;1_2,1_2&#8243; _builder_version=&#8221;4.24.3&#8243; _module_preset=&#8221;default&#8221; width_tablet=&#8221;80%&#8221; width_phone=&#8221;80%&#8221; width_last_edited=&#8221;on|tablet&#8221; custom_padding=&#8221;||||false|false&#8221; global_colors_info=&#8221;{}&#8221;][et_pb_column type=&#8221;1_2&#8243; _builder_version=&#8221;4.24.3&#8243; _module_preset=&#8221;default&#8221; animation_style=&#8221;slide&#8221; animation_direction=&#8221;left&#8221; global_colors_info=&#8221;{}&#8221;][et_pb_heading title=&#8221;ExalcoBond \u2013 Panou Compozit din Aluminiu&#8221; disabled_on=&#8221;off|off|on&#8221; _builder_version=&#8221;4.27.4&#8243; _module_preset=&#8221;default&#8221; title_font=&#8221;|700|||||||&#8221; title_text_color=&#8221;#000000&#8243; global_colors_info=&#8221;{}&#8221;][\/et_pb_heading][et_pb_slider show_image_video_mobile=&#8221;on&#8221; use_bg_overlay=&#8221;off&#8221; use_text_overlay=&#8221;off&#8221; arrows_custom_color=&#8221;#E02B20&#8243; dot_nav_custom_color=&#8221;#E02B20&#8243; _builder_version=&#8221;4.27.4&#8243; _module_preset=&#8221;default&#8221; background_color=&#8221;RGBA(255,255,255,0)&#8221; min_height_tablet=&#8221;600px&#8221; min_height_phone=&#8221;350px&#8221; min_height_last_edited=&#8221;on|phone&#8221; height=&#8221;80vh&#8221; height_tablet=&#8221;80vh&#8221; height_phone=&#8221;80vh&#8221; height_last_edited=&#8221;on|phone&#8221; hover_enabled=&#8221;0&#8243; global_colors_info=&#8221;{}&#8221; sticky_enabled=&#8221;0&#8243;][et_pb_slide _builder_version=&#8221;4.27.4&#8243; _module_preset=&#8221;default&#8221; background_enable_color=&#8221;off&#8221; background_image=&#8221;https:\/\/exalco.ro\/wp-content\/uploads\/2025\/06\/exalcobond-panou-compozit-din-aluminiu.webp&#8221; background_enable_image=&#8221;on&#8221; background_size=&#8221;contain&#8221; background_position=&#8221;top_center&#8221; hover_enabled=&#8221;0&#8243; global_colors_info=&#8221;{}&#8221; sticky_transition=&#8221;on&#8221; title_text=&#8221;exalcobond-panou-compozit-din-aluminiu&#8221; sticky_enabled=&#8221;0&#8243;][\/et_pb_slide][\/et_pb_slider][\/et_pb_column][et_pb_column type=&#8221;1_2&#8243; _builder_version=&#8221;4.24.3&#8243; _module_preset=&#8221;default&#8221; animation_style=&#8221;slide&#8221; animation_direction=&#8221;right&#8221; global_colors_info=&#8221;{}&#8221;][et_pb_heading title=&#8221;ExalcoBond \u2013 Panou Compozit din Aluminiu&#8221; disabled_on=&#8221;on|on|off&#8221; _builder_version=&#8221;4.27.2&#8243; _module_preset=&#8221;default&#8221; title_font=&#8221;|700|||||||&#8221; title_text_color=&#8221;#000000&#8243; custom_margin=&#8221;10px|0px|0px|0px|false|true&#8221; custom_padding=&#8221;0px|0px|0px|0px|true|true&#8221; global_colors_info=&#8221;{}&#8221;][\/et_pb_heading][et_pb_accordion open_toggle_text_color=&#8221;#E02B20&#8243; open_toggle_background_color=&#8221;#FFFFFF&#8221; closed_toggle_background_color=&#8221;#FFFFFF&#8221; toggle_icon=&#8221;&#x3b;||divi||400&#8243; icon_color=&#8221;#E02B20&#8243; _builder_version=&#8221;4.27.4&#8243; _module_preset=&#8221;default&#8221; toggle_text_color=&#8221;#E02B20&#8243; toggle_font=&#8221;|600|||||||&#8221; custom_margin=&#8221;0px|0px|0px|0px|true|true&#8221; custom_padding=&#8221;0px|0px|0px|0px|true|true&#8221; locked=&#8221;off&#8221; global_colors_info=&#8221;{}&#8221;][et_pb_accordion_item title=&#8221;Descriere&#8221; open=&#8221;on&#8221; _builder_version=&#8221;4.27.4&#8243; _module_preset=&#8221;default&#8221; global_colors_info=&#8221;{}&#8221; toggle_font=&#8221;|600|||||||&#8221;]<\/p>\n<p>Panoul compozit din aluminiu <strong>ExalcoBond<\/strong> se remarc\u0103 prin <strong>planeitate excelent\u0103<\/strong>, <strong>rezisten\u021b\u0103 mecanic\u0103<\/strong> \u0219i <strong>greutate redus\u0103<\/strong>, fiind solu\u021bia ideal\u0103 pentru o gam\u0103 larg\u0103 de aplica\u021bii arhitecturale, at\u00e2t \u00een spa\u021bii interioare, c\u00e2t \u0219i exterioare. Este conceput pentru a r\u0103spunde cerin\u021belor moderne de design \u0219i func\u021bionalitate, oferind \u00een acela\u0219i timp durabilitate \u0219i versatilitate ridicat\u0103.<\/p>\n<ul>\n<li>Plac\u0103ri exterioare;<\/li>\n<li>Restaur\u0103ri de cl\u0103diri;<\/li>\n<li>Tavane false, intradosuri \u0219i copertine;<\/li>\n<li>Compartiment\u0103ri \u0219i plac\u0103ri de pere\u021bi interiori;<\/li>\n<li>Decora\u021biuni interioare.<\/li>\n<\/ul>\n<p>[\/et_pb_accordion_item][et_pb_accordion_item title=&#8221;Avantaje&#8221; _builder_version=&#8221;4.27.4&#8243; _module_preset=&#8221;default&#8221; global_colors_info=&#8221;{}&#8221; open=&#8221;off&#8221;]<\/p>\n<ul>\n<li>Poate fi utilizat pentru crearea structurilor plane \u0219i curbe, \u00een orice culoare \u2013 ofer\u0103 flexibilitate arhitectural\u0103 ridicat\u0103.<\/li>\n<li>Ideal pentru utilizare \u00een condi\u021bii de mediu severe, \u00een zone urbane \u0219i industriale cu poluare ridicat\u0103.<\/li>\n<li>Greutate redus\u0103 \u2013 permite utilizarea unei structuri de sus\u021binere din profile de aluminiu, men\u021bin\u00e2nd o construc\u021bie u\u0219oar\u0103.<\/li>\n<li>Calitate superioar\u0103, durabilitate \u00eendelungat\u0103 \u0219i rezisten\u021b\u0103 UV, potrivit pentru temperaturi \u00eentre -50\u00b0C \u0219i +80\u00b0C.<\/li>\n<li>Planeitate superioar\u0103 \u0219i netezime a suprafe\u021bei, disponibil \u00eentr-o gam\u0103 larg\u0103 de culori.<\/li>\n<li>Greutate mic\u0103 \u0219i rigiditate extrem\u0103.<\/li>\n<li>U\u0219or de fabricat, configurat \u0219i prelucrat cu unelte obi\u0219nuite.<\/li>\n<li>Produc\u021bie rapid\u0103, care contribuie la reducerea costurilor totale.<\/li>\n<li>100% reciclabil \u0219i ecologic.<\/li>\n<li>U\u0219or de cur\u0103\u021bat \u0219i de \u00eentre\u021binut.<\/li>\n<\/ul>\n<p>[\/et_pb_accordion_item][et_pb_accordion_item title=&#8221;Detalii Tehnice&#8221; _builder_version=&#8221;4.27.4&#8243; _module_preset=&#8221;default&#8221; global_colors_info=&#8221;{}&#8221; open=&#8221;off&#8221;]<\/p>\n<p>Alegerea tipului de <strong>panou compozit din aluminiu<\/strong> se face \u00een func\u021bie de materialul din care este realizat <strong>miezul izolant<\/strong>, cu diferite clase de reac\u021bie la foc, \u00een conformitate cu <strong>clasa de reac\u021bie la foc impus\u0103 \u00een proiectul de execu\u021bie<\/strong>.<\/p>\n<p><strong>Compozi\u021bie panou ExalcoBond:<\/strong><\/p>\n<ul>\n<li>Strat de protec\u021bie aluminiu \u2013 baz\u0103;<\/li>\n<li>Tabl\u0103 aluminiu spate \u2013 0,50 (\u00b10,02) mm;<\/li>\n<li>Miez: PE \/ FR \/ A2 (\u00een func\u021bie de clas\u0103 de reac\u021bie la foc);<\/li>\n<li>Tabl\u0103 aluminiu fa\u021b\u0103 \u2013 0,50 (\u00b10,02) mm;<\/li>\n<li>Strat de protec\u021bie aluminiu (exterior);<\/li>\n<li>Primer pentru vopsire;<\/li>\n<li>Strat de vopsea PVDF;<\/li>\n<li>Strat de lac incolor (de protec\u021bie UV);<\/li>\n<li>Folie PE de protec\u021bie temporar\u0103 \u2013 se \u00eendep\u0103rteaz\u0103 la instalare.<\/li>\n<\/ul>\n<p>[\/et_pb_accordion_item][et_pb_accordion_item title=&#8221;Desc\u0103rc\u0103ri&#8221; _builder_version=&#8221;4.27.4&#8243; _module_preset=&#8221;default&#8221; global_colors_info=&#8221;{}&#8221; open=&#8221;off&#8221;]\ud83d\udcc4 <a href=\"\/pdf\/brosuri\/leaflet-bond.pdf\" target=\"_blank\" rel=\"noopener\">Bro\u0219ur\u0103 ExalcoBond<\/a><br \/>\n\ud83d\udcc4 <a href=\"\/myexalco\/\" rel=\"noopener\"><span style=\"color: gray;\">Catalog Tehnic ExalcoBond <em>(accesibil \u00een MyExalco)<\/em><\/span><\/a>[\/et_pb_accordion_item][\/et_pb_accordion][\/et_pb_column][\/et_pb_row][et_pb_row _builder_version=&#8221;4.27.4&#8243; _module_preset=&#8221;default&#8221; width_tablet=&#8221;100%&#8221; width_phone=&#8221;100%&#8221; width_last_edited=&#8221;on|phone&#8221; custom_margin=&#8221;0px||0px||true|false&#8221; custom_padding=&#8221;0px||0px||true|false&#8221; locked=&#8221;off&#8221; global_colors_info=&#8221;{}&#8221;][et_pb_column type=&#8221;4_4&#8243; _builder_version=&#8221;4.24.3&#8243; _module_preset=&#8221;default&#8221; global_colors_info=&#8221;{}&#8221;][et_pb_post_nav in_same_term=&#8221;on&#8221; prev_text=&#8221;Anterior&#8221; next_text=&#8221;Urm\u0103tor&#8221; _builder_version=&#8221;4.27.4&#8243; _module_preset=&#8221;default&#8221; global_colors_info=&#8221;{}&#8221;][\/et_pb_post_nav][\/et_pb_column][\/et_pb_row][et_pb_row _builder_version=&#8221;4.24.3&#8243; _module_preset=&#8221;default&#8221; width_tablet=&#8221;100%&#8221; width_phone=&#8221;100%&#8221; width_last_edited=&#8221;on|phone&#8221; custom_padding=&#8221;||||true|false&#8221; locked=&#8221;off&#8221; global_colors_info=&#8221;{}&#8221;][et_pb_column type=&#8221;4_4&#8243; _builder_version=&#8221;4.24.3&#8243; _module_preset=&#8221;default&#8221; global_colors_info=&#8221;{}&#8221;][et_pb_text _builder_version=&#8221;4.25.1&#8243; _module_preset=&#8221;default&#8221; custom_margin=&#8221;||0px||false|false&#8221; animation_style=&#8221;slide&#8221; animation_direction=&#8221;left&#8221; global_colors_info=&#8221;{}&#8221;]<\/p>\n<h3>Proiecte realizate cu sisteme Exalco<\/h3>\n<p>[\/et_pb_text][dpdfg_filtergrid custom_query=&#8221;archive&#8221; current_post_type=&#8221;off&#8221; multiple_cpt=&#8221;project&#8221; post_number=&#8221;4&#8243; orderby=&#8221;rand&#8221; title_link=&#8221;on&#8221; show_post_meta=&#8221;off&#8221; custom_content_container=&#8221;off&#8221; show_filters=&#8221;off&#8221; items_layout=&#8221;dp-dfg-layout-masonry&#8221; items_width=&#8221;25%&#8221; column_gutter=&#8221;0em&#8221; row_gutter=&#8221;1em&#8221; items_skin=&#8221;dp-dfg-skin-default dp-dfg-skin-zoomimage&#8221; primary_view=&#8221;%91{%22name%22:%22overlay%22,%22show%22:%22on%22},{%22name%22:%22title%22,%22show%22:%22off%22},{%22name%22:%22ext%22,%22show%22:%22off%22},{%22name%22:%22thumbnail%22,%22show%22:%22on%22},{%22name%22:%22meta%22,%22show%22:%22off%22},{%22name%22:%22content%22,%22show%22:%22off%22},{%22name%22:%22action_button%22,%22show%22:%22off%22},{%22name%22:%22read_more_button%22,%22show%22:%22off%22},{%22name%22:%22custom_content%22,%22show%22:%22off%22}%93&#8243; popup_bg=&#8221;#000000&#8243; overlay_icon_color=&#8221;#000000&#8243; hover_overlay_color=&#8221;#000000&#8243; dfg_loader=&#8221;c1&#8243; dfg_lc1=&#8221;#FFFFFF&#8221; dfg_lc2=&#8221;#E02B20&#8243; items_width_last_edited=&#8221;off|desktop&#8221; _builder_version=&#8221;4.25.1&#8243; _module_preset=&#8221;default&#8221; dpdfg_entry_title_text_align=&#8221;center&#8221; dpdfg_entry_title_text_color=&#8221;#FFFFFF&#8221; dpdfg_entry_title_font_size=&#8221;26px&#8221; animation_style=&#8221;slide&#8221; locked=&#8221;off&#8221; global_colors_info=&#8221;{}&#8221;][\/dpdfg_filtergrid][\/et_pb_column][\/et_pb_row][\/et_pb_section]<\/p>\n","protected":false},"excerpt":{"rendered":"<p>Panoul compozit din aluminiu ExalcoBond se remarc\u0103 prin planeitate excelent\u0103, rezisten\u021b\u0103 mecanic\u0103 \u0219i greutate redus\u0103, fiind solu\u021bia ideal\u0103 pentru o gam\u0103 larg\u0103 de aplica\u021bii arhitecturale, at\u00e2t \u00een spa\u021bii interioare, c\u00e2t \u0219i exterioare. Este conceput pentru a r\u0103spunde cerin\u021belor moderne de design \u0219i func\u021bionalitate, oferind \u00een acela\u0219i timp durabilitate \u0219i versatilitate ridicat\u0103. Plac\u0103ri exterioare; Restaur\u0103ri de [&hellip;]<\/p>\n","protected":false},"author":1,"featured_media":9663,"parent":7872,"menu_order":75,"comment_status":"closed","ping_status":"closed","template":"","meta":{"_acf_changed":false,"_et_pb_use_builder":"on","_et_pb_old_content":"","_et_gb_content_width":"","footnotes":""},"categories":[37],"tags":[],"class_list":["post-8648","page","type-page","status-publish","has-post-thumbnail","hentry","category-fatadeumbrire"],"acf":[],"_links":{"self":[{"href":"https:\/\/exalco.ro\/en\/wp-json\/wp\/v2\/pages\/8648","targetHints":{"allow":["GET"]}}],"collection":[{"href":"https:\/\/exalco.ro\/en\/wp-json\/wp\/v2\/pages"}],"about":[{"href":"https:\/\/exalco.ro\/en\/wp-json\/wp\/v2\/types\/page"}],"author":[{"embeddable":true,"href":"https:\/\/exalco.ro\/en\/wp-json\/wp\/v2\/users\/1"}],"replies":[{"embeddable":true,"href":"https:\/\/exalco.ro\/en\/wp-json\/wp\/v2\/comments?post=8648"}],"version-history":[{"count":0,"href":"https:\/\/exalco.ro\/en\/wp-json\/wp\/v2\/pages\/8648\/revisions"}],"up":[{"embeddable":true,"href":"https:\/\/exalco.ro\/en\/wp-json\/wp\/v2\/pages\/7872"}],"wp:featuredmedia":[{"embeddable":true,"href":"https:\/\/exalco.ro\/en\/wp-json\/wp\/v2\/media\/9663"}],"wp:attachment":[{"href":"https:\/\/exalco.ro\/en\/wp-json\/wp\/v2\/media?parent=8648"}],"wp:term":[{"taxonomy":"category","embeddable":true,"href":"https:\/\/exalco.ro\/en\/wp-json\/wp\/v2\/categories?post=8648"},{"taxonomy":"post_tag","embeddable":true,"href":"https:\/\/exalco.ro\/en\/wp-json\/wp\/v2\/tags?post=8648"}],"curies":[{"name":"wp","href":"https:\/\/api.w.org\/{rel}","templated":true}]}}