{"id":9204,"date":"2025-06-10T09:59:04","date_gmt":"2025-06-10T09:59:04","guid":{"rendered":"https:\/\/test.exalco.ro\/?page_id=9204"},"modified":"2026-03-03T16:26:42","modified_gmt":"2026-03-03T14:26:42","slug":"solicita-oferta","status":"publish","type":"page","link":"https:\/\/exalco.ro\/en\/solicita-oferta\/","title":{"rendered":"Solicita Oferta"},"content":{"rendered":"<p>[et_pb_section fb_built=&#8221;1&#8243; _builder_version=&#8221;4.27.4&#8243; _module_preset=&#8221;default&#8221; animation_style=&#8221;fade&#8221; global_colors_info=&#8221;{}&#8221;][et_pb_row _builder_version=&#8221;4.27.4&#8243; _module_preset=&#8221;default&#8221; positioning=&#8221;none&#8221; width_tablet=&#8221;&#8221; width_phone=&#8221;90%&#8221; width_last_edited=&#8221;on|phone&#8221; custom_margin=&#8221;25px||||false|false&#8221; custom_margin_tablet=&#8221;25px||||false|false&#8221; custom_margin_phone=&#8221;25px||||false|false&#8221; custom_margin_last_edited=&#8221;on|desktop&#8221; custom_padding=&#8221;20px|20px|20px|20px|false|true&#8221; animation_direction=&#8221;top&#8221; border_width_bottom=&#8221;1px&#8221; border_width_left=&#8221;1px&#8221; global_colors_info=&#8221;{}&#8221; custom_margin__hover_enabled=&#8221;off|desktop&#8221;][et_pb_column type=&#8221;4_4&#8243; _builder_version=&#8221;4.27.2&#8243; _module_preset=&#8221;default&#8221; global_colors_info=&#8221;{}&#8221;][et_pb_heading title=&#8221;Ofert\u0103 personalizat\u0103 pentru proiectul t\u0103u?&#8221; _builder_version=&#8221;4.27.4&#8243; _module_preset=&#8221;default&#8221; title_level=&#8221;h2&#8243; title_text_color=&#8221;#000000&#8243; animation_direction=&#8221;right&#8221; global_colors_info=&#8221;{}&#8221;][\/et_pb_heading][\/et_pb_column][\/et_pb_row][et_pb_row make_equal=&#8221;on&#8221; _builder_version=&#8221;4.27.4&#8243; background_enable_image=&#8221;off&#8221; background_size=&#8221;initial&#8221; background_position=&#8221;center_right&#8221; background_horizontal_offset=&#8221;1%&#8221; background_blend=&#8221;exclusion&#8221; width_tablet=&#8221;&#8221; width_phone=&#8221;90%&#8221; width_last_edited=&#8221;on|phone&#8221; custom_padding=&#8221;20px|20px|20px|20px|true|true&#8221; animation_direction=&#8221;top&#8221; border_width_right=&#8221;1px&#8221; border_width_bottom=&#8221;1px&#8221; global_colors_info=&#8221;{}&#8221;][et_pb_column type=&#8221;4_4&#8243; _builder_version=&#8221;4.16&#8243; custom_padding=&#8221;|||&#8221; global_colors_info=&#8221;{}&#8221; custom_padding__hover=&#8221;|||&#8221;][et_pb_text _builder_version=&#8221;4.27.5&#8243; text_font=&#8221;||||||||&#8221; custom_margin=&#8221;0px|0px|0px|0px|true|true&#8221; custom_padding=&#8221;0px|0px|0px|0px|true|true&#8221; animation_direction=&#8221;right&#8221; hover_enabled=&#8221;0&#8243; locked=&#8221;off&#8221; global_colors_info=&#8221;{}&#8221; sticky_enabled=&#8221;0&#8243;]<strong>Vrei o ofert\u0103 personalizat\u0103 pentru proiectul t\u0103u?<\/strong> Fie c\u0103 este vorba despre un apartament, o vil\u0103, o hal\u0103 sau un spa\u021biu comercial, completeaz\u0103 formularul de mai jos \u0219i vei fi contactat rapid de un consultant tehnic Exalco.<\/p>\n<p>Preferi contact direct? Sun\u0103-ne la <strong>0728 063 000<\/strong> sau scrie-ne pe email la <strong><a href=\"mailto:ofertare@exalco.ro\">ofertare@exalco.ro<\/a><\/strong>. R\u0103spundem rapid \u0219i eficient![\/et_pb_text][\/et_pb_column][\/et_pb_row][et_pb_row _builder_version=&#8221;4.27.4&#8243; _module_preset=&#8221;default&#8221; positioning=&#8221;none&#8221; width_tablet=&#8221;&#8221; width_phone=&#8221;90%&#8221; width_last_edited=&#8221;on|phone&#8221; custom_margin=&#8221;0px||||false|false&#8221; custom_margin_tablet=&#8221;0px||||false|false&#8221; custom_margin_phone=&#8221;0px||||false|false&#8221; custom_margin_last_edited=&#8221;on|desktop&#8221; custom_padding=&#8221;20px|20px|20px|20px|false|true&#8221; animation_direction=&#8221;top&#8221; border_width_bottom=&#8221;0px&#8221; border_width_left=&#8221;1px&#8221; global_colors_info=&#8221;{}&#8221; custom_margin__hover_enabled=&#8221;on|desktop&#8221; custom_margin__hover=&#8221;0px||||false|false&#8221;][et_pb_column type=&#8221;4_4&#8243; _builder_version=&#8221;4.27.2&#8243; _module_preset=&#8221;default&#8221; global_colors_info=&#8221;{}&#8221;][et_pb_contact_form captcha=&#8221;off&#8221; email=&#8221;ofertare@exalco.ro&#8221; custom_message=&#8221;Ai primit cerere de ofeta noua pe site:||et_pb_line_break_holder||||et_pb_line_break_holder||Nume: %%name%%||et_pb_line_break_holder||Email: %%email%%||et_pb_line_break_holder||Telefon: %%telefon%%||et_pb_line_break_holder||Interes: %%interes%%||et_pb_line_break_holder||Mesaj:||et_pb_line_break_holder||%%message%%&#8221; success_message=&#8221;<\/p>\n<p class=%22ds-markdown-paragraph%22><strong>Va multumim ca ne-ati contactat!<\/strong><\/p>\n<p class=%22ds-markdown-paragraph%22>Mesajul dumneavoastra a fost primit si va fi analizat de echipa Exalco Romania.<span> <\/span><strong>Va vom raspunde in cel mai scurt timp posibil.<\/strong><\/p>\n<p class=%22ds-markdown-paragraph%22>Daca aveti nevoie de asistenta urgenta, nu ezitati sa ne contactati telefonic la<span> <\/span><strong>0728 063 000<\/strong>.<\/p>\n<p class=%22ds-markdown-paragraph%22>Va apreciem increderea acordata!<\/p>\n<p class=%22ds-markdown-paragraph%22>Echipa Exalco Romania<\/p>\n<p>&#8221; submit_button_text=&#8221;Trimite&#8221; admin_label=&#8221;solicita-oferta&#8221; _builder_version=&#8221;4.27.5&#8243; _module_preset=&#8221;default&#8221; _unique_id=&#8221;112a7660-0cd0-42cb-9da6-706dd7f9537a&#8221; form_field_background_color=&#8221;#FFFFFF&#8221; custom_button=&#8221;on&#8221; button_text_color=&#8221;#FFFFFF&#8221; button_bg_color=&#8221;#000000&#8243; hover_enabled=&#8221;0&#8243; admin_email_subject=&#8221; EXALCO WEBSITE &#8211; Cerere Oferta&#8221; admin_email_from_name=&#8221;EXALCO WEBSITE&#8221; file_button_background=&#8221;#000000&#8243; file_button_color=&#8221;#FFFFFF&#8221; file_button_border_color=&#8221;#FFFFFF&#8221; border_width_bottom=&#8221;1px&#8221; global_colors_info=&#8221;{}&#8221; sticky_enabled=&#8221;0&#8243;][et_pb_contact_field field_id=&#8221;name&#8221; field_title=&#8221;Nume&#8221; _builder_version=&#8221;4.27.4&#8243; global_colors_info=&#8221;{}&#8221; button_text_size__hover_enabled=&#8221;off&#8221; button_one_text_size__hover_enabled=&#8221;off&#8221; button_two_text_size__hover_enabled=&#8221;off&#8221; button_text_color__hover_enabled=&#8221;off&#8221; button_one_text_color__hover_enabled=&#8221;off&#8221; button_two_text_color__hover_enabled=&#8221;off&#8221; button_border_width__hover_enabled=&#8221;off&#8221; button_one_border_width__hover_enabled=&#8221;off&#8221; button_two_border_width__hover_enabled=&#8221;off&#8221; button_border_color__hover_enabled=&#8221;off&#8221; button_one_border_color__hover_enabled=&#8221;off&#8221; button_two_border_color__hover_enabled=&#8221;off&#8221; button_border_radius__hover_enabled=&#8221;off&#8221; button_one_border_radius__hover_enabled=&#8221;off&#8221; button_two_border_radius__hover_enabled=&#8221;off&#8221; button_letter_spacing__hover_enabled=&#8221;off&#8221; button_one_letter_spacing__hover_enabled=&#8221;off&#8221; button_two_letter_spacing__hover_enabled=&#8221;off&#8221; button_bg_color__hover_enabled=&#8221;off&#8221; button_one_bg_color__hover_enabled=&#8221;off&#8221; button_two_bg_color__hover_enabled=&#8221;off&#8221;][\/et_pb_contact_field][et_pb_contact_field field_id=&#8221;email&#8221; field_title=&#8221;Adres\u0103 Email&#8221; field_type=&#8221;email&#8221; _builder_version=&#8221;4.27.4&#8243; global_colors_info=&#8221;{}&#8221; button_text_size__hover_enabled=&#8221;off&#8221; button_one_text_size__hover_enabled=&#8221;off&#8221; button_two_text_size__hover_enabled=&#8221;off&#8221; button_text_color__hover_enabled=&#8221;off&#8221; button_one_text_color__hover_enabled=&#8221;off&#8221; button_two_text_color__hover_enabled=&#8221;off&#8221; button_border_width__hover_enabled=&#8221;off&#8221; button_one_border_width__hover_enabled=&#8221;off&#8221; button_two_border_width__hover_enabled=&#8221;off&#8221; button_border_color__hover_enabled=&#8221;off&#8221; button_one_border_color__hover_enabled=&#8221;off&#8221; button_two_border_color__hover_enabled=&#8221;off&#8221; button_border_radius__hover_enabled=&#8221;off&#8221; button_one_border_radius__hover_enabled=&#8221;off&#8221; button_two_border_radius__hover_enabled=&#8221;off&#8221; button_letter_spacing__hover_enabled=&#8221;off&#8221; button_one_letter_spacing__hover_enabled=&#8221;off&#8221; button_two_letter_spacing__hover_enabled=&#8221;off&#8221; button_bg_color__hover_enabled=&#8221;off&#8221; button_one_bg_color__hover_enabled=&#8221;off&#8221; button_two_bg_color__hover_enabled=&#8221;off&#8221;][\/et_pb_contact_field][et_pb_contact_field field_id=&#8221;telefon&#8221; field_title=&#8221;Telefon&#8221; _builder_version=&#8221;4.27.4&#8243; _module_preset=&#8221;default&#8221; global_colors_info=&#8221;{}&#8221;][\/et_pb_contact_field][et_pb_contact_field field_id=&#8221;interes&#8221; field_title=&#8221;Sunt Interesat de&#8221; field_type=&#8221;select&#8221; select_options=&#8221;%91{%22value%22:%22Usi\/Ferestre%22,%22checked%22:0,%22dragID%22:-1},{%22value%22:%22Fatade\/Umbrire%22,%22checked%22:0,%22dragID%22:0},{%22value%22:%22Glisante%22,%22checked%22:0,%22dragID%22:1},{%22value%22:%22Balustrade%22,%22checked%22:0,%22dragID%22:2},{%22value%22:%22Industriale%22,%22checked%22:0,%22dragID%22:3}%93&#8243; required_mark=&#8221;off&#8221; _builder_version=&#8221;4.27.4&#8243; _module_preset=&#8221;default&#8221; global_colors_info=&#8221;{}&#8221;][\/et_pb_contact_field][et_pb_contact_field field_id=&#8221;message&#8221; field_title=&#8221;Mesaj&#8221; field_type=&#8221;text&#8221; fullwidth_field=&#8221;on&#8221; _builder_version=&#8221;4.27.4&#8243; global_colors_info=&#8221;{}&#8221; button_text_size__hover_enabled=&#8221;off&#8221; button_one_text_size__hover_enabled=&#8221;off&#8221; button_two_text_size__hover_enabled=&#8221;off&#8221; button_text_color__hover_enabled=&#8221;off&#8221; button_one_text_color__hover_enabled=&#8221;off&#8221; button_two_text_color__hover_enabled=&#8221;off&#8221; button_border_width__hover_enabled=&#8221;off&#8221; button_one_border_width__hover_enabled=&#8221;off&#8221; button_two_border_width__hover_enabled=&#8221;off&#8221; button_border_color__hover_enabled=&#8221;off&#8221; button_one_border_color__hover_enabled=&#8221;off&#8221; button_two_border_color__hover_enabled=&#8221;off&#8221; button_border_radius__hover_enabled=&#8221;off&#8221; button_one_border_radius__hover_enabled=&#8221;off&#8221; button_two_border_radius__hover_enabled=&#8221;off&#8221; button_letter_spacing__hover_enabled=&#8221;off&#8221; button_one_letter_spacing__hover_enabled=&#8221;off&#8221; button_two_letter_spacing__hover_enabled=&#8221;off&#8221; button_bg_color__hover_enabled=&#8221;off&#8221; button_one_bg_color__hover_enabled=&#8221;off&#8221; button_two_bg_color__hover_enabled=&#8221;off&#8221;][\/et_pb_contact_field][et_pb_contact_field field_id=&#8221;atasament&#8221; field_title=&#8221;Atasament&#8221; required_mark=&#8221;off&#8221; fullwidth_field=&#8221;on&#8221; _builder_version=&#8221;4.27.4&#8243; _module_preset=&#8221;default&#8221; use_file_upload=&#8221;on&#8221; file_size=&#8221;20000&#8243; files_limit=&#8221;4&#8243; file_mime=&#8221;on|on|on|on|off|off|off|off|off|off|off|off|off|off|off|off|off|off|off|off|off|off|off|off|off|off|off|off|off|off|off|off|off|off|off|off|off|off|off|off|off|off|off|off|off|off|off|off|on|off|off|off|off|off|off|off|off|on|off|off|off|off|off|on|off|off|off|on|off|off|off|off|off|off|off|off|off|off|off|off|off|off|off|off|off|off|off|off|off|off|off|off|off|off|off|off&#8221; global_colors_info=&#8221;{}&#8221;][\/et_pb_contact_field][\/et_pb_contact_form][\/et_pb_column][\/et_pb_row][\/et_pb_section]<\/p>\n","protected":false},"excerpt":{"rendered":"<p>Vrei o ofert\u0103 personalizat\u0103 pentru proiectul t\u0103u? Fie c\u0103 este vorba despre un apartament, o vil\u0103, o hal\u0103 sau un spa\u021biu comercial, completeaz\u0103 formularul de mai jos \u0219i vei fi contactat rapid de un consultant tehnic Exalco. Preferi contact direct? Sun\u0103-ne la 0728 063 000 sau scrie-ne pe email la ofertare@exalco.ro. R\u0103spundem rapid \u0219i eficient!<\/p>","protected":false},"author":1,"featured_media":0,"parent":0,"menu_order":0,"comment_status":"closed","ping_status":"closed","template":"","meta":{"_acf_changed":false,"_et_pb_use_builder":"on","_et_pb_old_content":"","_et_gb_content_width":"","footnotes":""},"categories":[],"tags":[],"class_list":["post-9204","page","type-page","status-publish","hentry"],"acf":[],"_links":{"self":[{"href":"https:\/\/exalco.ro\/en\/wp-json\/wp\/v2\/pages\/9204","targetHints":{"allow":["GET"]}}],"collection":[{"href":"https:\/\/exalco.ro\/en\/wp-json\/wp\/v2\/pages"}],"about":[{"href":"https:\/\/exalco.ro\/en\/wp-json\/wp\/v2\/types\/page"}],"author":[{"embeddable":true,"href":"https:\/\/exalco.ro\/en\/wp-json\/wp\/v2\/users\/1"}],"replies":[{"embeddable":true,"href":"https:\/\/exalco.ro\/en\/wp-json\/wp\/v2\/comments?post=9204"}],"version-history":[{"count":5,"href":"https:\/\/exalco.ro\/en\/wp-json\/wp\/v2\/pages\/9204\/revisions"}],"predecessor-version":[{"id":10580,"href":"https:\/\/exalco.ro\/en\/wp-json\/wp\/v2\/pages\/9204\/revisions\/10580"}],"wp:attachment":[{"href":"https:\/\/exalco.ro\/en\/wp-json\/wp\/v2\/media?parent=9204"}],"wp:term":[{"taxonomy":"category","embeddable":true,"href":"https:\/\/exalco.ro\/en\/wp-json\/wp\/v2\/categories?post=9204"},{"taxonomy":"post_tag","embeddable":true,"href":"https:\/\/exalco.ro\/en\/wp-json\/wp\/v2\/tags?post=9204"}],"curies":[{"name":"wp","href":"https:\/\/api.w.org\/{rel}","templated":true}]}}