{"id":9425,"date":"2025-06-20T08:06:56","date_gmt":"2025-06-20T08:06:56","guid":{"rendered":"https:\/\/test.exalco.ro\/?page_id=9425"},"modified":"2025-12-05T10:26:08","modified_gmt":"2025-12-05T08:26:08","slug":"showroom-exalco","status":"publish","type":"page","link":"https:\/\/exalco.ro\/en\/showroom-exalco\/","title":{"rendered":"Showroom EXALCO"},"content":{"rendered":"<p>[et_pb_section fb_built=&#8221;1&#8243; _builder_version=&#8221;4.27.4&#8243; _module_preset=&#8221;default&#8221; positioning=&#8221;none&#8221; custom_margin=&#8221;||||false|false&#8221; custom_padding=&#8221;||0px||false|false&#8221; animation_style=&#8221;fade&#8221; global_colors_info=&#8221;{}&#8221;][et_pb_row make_equal=&#8221;on&#8221; _builder_version=&#8221;4.27.4&#8243; parallax=&#8221;on&#8221; custom_margin=&#8221;25px||||false|false&#8221; custom_padding=&#8221;20px|20px|20px|20px|true|true&#8221; animation_direction=&#8221;top&#8221; custom_css_main_element=&#8221;margin: auto;\t \t&#8221; border_width_left=&#8221;1px&#8221; global_colors_info=&#8221;{}&#8221;][et_pb_column type=&#8221;4_4&#8243; _builder_version=&#8221;4.27.3&#8243; background_enable_image=&#8221;off&#8221; parallax=&#8221;on&#8221; custom_padding=&#8221;||||false|false&#8221; animation_style=&#8221;fade&#8221; global_colors_info=&#8221;{}&#8221; custom_padding__hover=&#8221;|||&#8221;][et_pb_heading title=&#8221;Showroom Exalco \u2013 Experien\u021b\u0103 direct\u0103 cu sistemele din aluminiu&#8221; _builder_version=&#8221;4.27.4&#8243; _module_preset=&#8221;default&#8221; title_level=&#8221;h2&#8243; title_text_color=&#8221;#E02B20&#8243; animation_direction=&#8221;right&#8221; global_colors_info=&#8221;{}&#8221;][\/et_pb_heading][et_pb_text _builder_version=&#8221;4.27.4&#8243; text_font=&#8221;||||||||&#8221; animation_direction=&#8221;right&#8221; locked=&#8221;off&#8221; global_colors_info=&#8221;{}&#8221;]<\/p>\n<h3>Viziteaz\u0103 showroomul nostru din Otopeni \u0219i descoper\u0103 performan\u021ba sistemelor Exalco<\/h3>\n<p>La <strong>Exalco Rom\u00e2nia<\/strong>, credem c\u0103 alegerea unor <strong>sisteme de t\u00e2mpl\u0103rie din aluminiu<\/strong> nu ar trebui s\u0103 se bazeze doar pe cataloage sau imagini. De aceea, te invit\u0103m s\u0103 vizitezi showroomul nostru din Otopeni, unde po\u021bi explora o gam\u0103 complet\u0103 de <strong>sisteme arhitecturale din aluminiu<\/strong> \u2013 de la u\u0219i \u0219i ferestre, la glisante, balustrade \u0219i pere\u021bi cortin\u0103.<\/p>\n<p>[\/et_pb_text][\/et_pb_column][\/et_pb_row][et_pb_row column_structure=&#8221;1_2,1_2&#8243; make_equal=&#8221;on&#8221; _builder_version=&#8221;4.27.4&#8243; parallax=&#8221;on&#8221; custom_margin=&#8221;||||false|false&#8221; custom_padding=&#8221;20px|20px|20px|20px|true|true&#8221; animation_direction=&#8221;top&#8221; custom_css_main_element=&#8221;margin: auto;\t \t&#8221; border_width_left=&#8221;1px&#8221; global_colors_info=&#8221;{}&#8221;][et_pb_column type=&#8221;1_2&#8243; _builder_version=&#8221;4.27.3&#8243; background_enable_image=&#8221;off&#8221; parallax=&#8221;on&#8221; custom_padding=&#8221;||||false|false&#8221; animation_style=&#8221;fade&#8221; global_colors_info=&#8221;{}&#8221; custom_padding__hover=&#8221;|||&#8221;][et_pb_heading title=&#8221;Ce po\u021bi descoperi \u00een showroom?&#8221; _builder_version=&#8221;4.27.4&#8243; _module_preset=&#8221;default&#8221; title_level=&#8221;h2&#8243; title_text_color=&#8221;#E02B20&#8243; animation_direction=&#8221;right&#8221; global_colors_info=&#8221;{}&#8221;][\/et_pb_heading][et_pb_text _builder_version=&#8221;4.27.4&#8243; text_font=&#8221;||||||||&#8221; animation_direction=&#8221;right&#8221; locked=&#8221;off&#8221; global_colors_info=&#8221;{}&#8221;]<\/p>\n<p>\u00cen showroomul Exalco vei reg\u0103si:<\/p>\n<ul>\n<li>Mostre reale de ferestre din aluminiu, u\u0219i batante \u0219i culisante, pere\u021bi cortin\u0103 \u0219i balustrade moderne<\/li>\n<li>Parasolare arhitecturale, sisteme de compartimentare interioar\u0103, \u0219i pergola<\/li>\n<li>Informa\u021bii tehnice detaliate despre fiecare sistem expus<\/li>\n<li>Sfaturi personalizate de la inginerul tehnic prezent permanent \u00een showroom<\/li>\n<\/ul>\n<p>Aceast\u0103 experien\u021b\u0103 \u00ee\u021bi permite s\u0103 \u00een\u021belegi calitatea materialelor, finisajele, sistemele de \u00eenchidere \u0219i modul de func\u021bionare real\u0103 al produselor.<\/p>\n<p>[\/et_pb_text][\/et_pb_column][et_pb_column type=&#8221;1_2&#8243; _builder_version=&#8221;4.27.3&#8243; background_enable_image=&#8221;off&#8221; parallax=&#8221;on&#8221; custom_padding=&#8221;||||false|false&#8221; animation_style=&#8221;fade&#8221; global_colors_info=&#8221;{}&#8221; custom_padding__hover=&#8221;|||&#8221;][et_pb_image src=&#8221;https:\/\/exalco.ro\/wp-content\/uploads\/2025\/06\/showroom-exalco-glisanta.webp&#8221; title_text=&#8221;showroom-exalco-glisanta&#8221; _builder_version=&#8221;4.27.4&#8243; _module_preset=&#8221;default&#8221; hover_enabled=&#8221;0&#8243; global_colors_info=&#8221;{}&#8221; sticky_enabled=&#8221;0&#8243;][\/et_pb_image][\/et_pb_column][\/et_pb_row][et_pb_row column_structure=&#8221;1_2,1_2&#8243; make_equal=&#8221;on&#8221; _builder_version=&#8221;4.27.4&#8243; parallax=&#8221;on&#8221; custom_padding=&#8221;20px|20px|20px|20px|true|true&#8221; animation_direction=&#8221;top&#8221; custom_css_main_element=&#8221;margin: auto;\t \t&#8221; border_width_top=&#8221;1px&#8221; border_width_right=&#8221;1px&#8221; border_width_bottom=&#8221;1px&#8221; global_colors_info=&#8221;{}&#8221;][et_pb_column type=&#8221;1_2&#8243; _builder_version=&#8221;4.27.3&#8243; background_enable_image=&#8221;off&#8221; parallax=&#8221;on&#8221; custom_padding=&#8221;|||&#8221; animation_style=&#8221;fade&#8221; global_colors_info=&#8221;{}&#8221; custom_padding__hover=&#8221;|||&#8221;][et_pb_image src=&#8221;https:\/\/exalco.ro\/wp-content\/uploads\/2025\/01\/exalco-showroom.jpg&#8221; title_text=&#8221;exalco-showroom&#8221; _builder_version=&#8221;4.27.4&#8243; _module_preset=&#8221;default&#8221; hover_enabled=&#8221;0&#8243; global_colors_info=&#8221;{}&#8221; sticky_enabled=&#8221;0&#8243;][\/et_pb_image][\/et_pb_column][et_pb_column type=&#8221;1_2&#8243; _builder_version=&#8221;4.27.3&#8243; custom_padding=&#8221;|||&#8221; animation_style=&#8221;fade&#8221; custom_css_main_element=&#8221;margin: auto;&#8221; global_colors_info=&#8221;{}&#8221; custom_padding__hover=&#8221;|||&#8221;][et_pb_heading title=&#8221;Consultan\u021b\u0103 tehnic\u0103 &#8221; _builder_version=&#8221;4.27.4&#8243; _module_preset=&#8221;default&#8221; title_level=&#8221;h2&#8243; title_text_color=&#8221;#E02B20&#8243; animation_direction=&#8221;left&#8221; global_colors_info=&#8221;{}&#8221;][\/et_pb_heading][et_pb_text _builder_version=&#8221;4.27.4&#8243; text_font=&#8221;||||||||&#8221; animation_direction=&#8221;left&#8221; locked=&#8221;off&#8221; global_colors_info=&#8221;{}&#8221;]<\/p>\n<p>Unul dintre punctele forte ale showroomului Exalco este prezen\u021ba unui inginer tehnic calificat, disponibil pe tot parcursul programului. Acesta \u00ee\u021bi va explica \u00een detaliu:<\/p>\n<ul>\n<li>Cum func\u021bioneaz\u0103 fiecare sistem<\/li>\n<li>Care este solu\u021bia potrivit\u0103 pentru tipul t\u0103u de construc\u021bie<\/li>\n<li>Ce profile se potrivesc pentru locuin\u021be, birouri sau spa\u021bii industriale<\/li>\n<li>Cum po\u021bi ob\u021bine o ofert\u0103 personalizat\u0103 pe loc<\/li>\n<\/ul>\n<p>[\/et_pb_text][\/et_pb_column][\/et_pb_row][et_pb_row make_equal=&#8221;on&#8221; _builder_version=&#8221;4.27.4&#8243; parallax=&#8221;on&#8221; custom_padding=&#8221;20px|20px|20px|20px|true|true&#8221; animation_direction=&#8221;top&#8221; custom_css_main_element=&#8221;margin: auto;\t \t&#8221; border_width_left=&#8221;1px&#8221; global_colors_info=&#8221;{}&#8221;][et_pb_column type=&#8221;4_4&#8243; _builder_version=&#8221;4.27.4&#8243; background_enable_image=&#8221;off&#8221; parallax=&#8221;on&#8221; custom_padding=&#8221;||||false|false&#8221; global_colors_info=&#8221;{}&#8221; custom_padding__hover=&#8221;|||&#8221;][et_pb_heading title=&#8221;Exploreaz\u0103 showroomul digital&#8221; _builder_version=&#8221;4.27.4&#8243; _module_preset=&#8221;default&#8221; title_level=&#8221;h2&#8243; title_text_color=&#8221;#E02B20&#8243; animation_direction=&#8221;right&#8221; global_colors_info=&#8221;{}&#8221;][\/et_pb_heading][et_pb_text _builder_version=&#8221;4.27.4&#8243; text_font=&#8221;||||||||&#8221; animation_direction=&#8221;right&#8221; locked=&#8221;off&#8221; global_colors_info=&#8221;{}&#8221;]Dac\u0103 nu po\u021bi ajunge imediat la fa\u021ba locului, po\u021bi face o prim\u0103 vizit\u0103 prin turul nostru virtual. Vei putea parcurge toate zonele showroomului \u00eentr-un mod interactiv, vizualiz\u00e2nd direct sistemele expuse.[\/et_pb_text][et_pb_code _builder_version=&#8221;4.27.4&#8243; _module_preset=&#8221;default&#8221; global_colors_info=&#8221;{}&#8221;]<iframe loading=\"lazy\" width=\"1280\" height=\"480\" src=\"https:\/\/my.matterport.com\/show\/?m=pENoaJzHfNT\" frameborder=\"0\" allowfullscreen=\"\" allow=\"xr-spatial-tracking\"><\/iframe>[\/et_pb_code][\/et_pb_column][\/et_pb_row][et_pb_row column_structure=&#8221;1_2,1_2&#8243; make_equal=&#8221;on&#8221; _builder_version=&#8221;4.27.4&#8243; parallax=&#8221;on&#8221; custom_padding=&#8221;20px|20px|20px|20px|true|true&#8221; animation_direction=&#8221;top&#8221; custom_css_main_element=&#8221;margin: auto;\t \t&#8221; border_width_top=&#8221;1px&#8221; border_width_right=&#8221;1px&#8221; global_colors_info=&#8221;{}&#8221;][et_pb_column type=&#8221;1_2&#8243; _builder_version=&#8221;4.27.4&#8243; background_enable_image=&#8221;off&#8221; parallax=&#8221;on&#8221; custom_padding=&#8221;|||&#8221; global_colors_info=&#8221;{}&#8221; custom_padding__hover=&#8221;|||&#8221;][et_pb_heading title=&#8221;Program &#038; Informa\u021bii de contact&#8221; _builder_version=&#8221;4.27.4&#8243; _module_preset=&#8221;default&#8221; title_level=&#8221;h2&#8243; title_text_color=&#8221;#E02B20&#8243; min_height=&#8221;38px&#8221; animation_direction=&#8221;left&#8221; global_colors_info=&#8221;{}&#8221;][\/et_pb_heading][et_pb_text _builder_version=&#8221;4.27.4&#8243; text_font=&#8221;||||||||&#8221; animation_direction=&#8221;left&#8221; locked=&#8221;off&#8221; global_colors_info=&#8221;{}&#8221;]\ud83d\udccd Adres\u0103: Calea Bucure\u0219tilor 252, Otopeni, Ilfov<br \/>\n\ud83d\udcc5 Program: Luni \u2013 Vineri, 08:30 \u2013 17:00<br \/>\n\ud83d\udcde Telefon: 0278 063 000<br \/>\n\ud83d\udce7 Email: office@exalco.ro<br \/>\n\ud83d\udc68\u200d\ud83d\udd27 Consultan\u021b\u0103: Inginer tehnic permanent[\/et_pb_text][\/et_pb_column][et_pb_column type=&#8221;1_2&#8243; _builder_version=&#8221;4.27.4&#8243; custom_padding=&#8221;|||&#8221; custom_css_main_element=&#8221;margin: auto;&#8221; global_colors_info=&#8221;{}&#8221; custom_padding__hover=&#8221;|||&#8221;][et_pb_gallery gallery_ids=&#8221;9435,9437,9438,9439,9440&#8243; fullwidth=&#8221;on&#8221; _builder_version=&#8221;4.27.4&#8243; _module_preset=&#8221;default&#8221; global_colors_info=&#8221;{}&#8221;][\/et_pb_gallery][\/et_pb_column][\/et_pb_row][\/et_pb_section]<\/p>\n","protected":false},"excerpt":{"rendered":"<p>Viziteaz\u0103 showroomul nostru din Otopeni \u0219i descoper\u0103 performan\u021ba sistemelor Exalco La Exalco Rom\u00e2nia, credem c\u0103 alegerea unor sisteme de t\u00e2mpl\u0103rie din aluminiu nu ar trebui s\u0103 se bazeze doar pe cataloage sau imagini. De aceea, te invit\u0103m s\u0103 vizitezi showroomul nostru din Otopeni, unde po\u021bi explora o gam\u0103 complet\u0103 de sisteme arhitecturale din aluminiu \u2013 [&hellip;]<\/p>\n","protected":false},"author":1,"featured_media":0,"parent":0,"menu_order":0,"comment_status":"closed","ping_status":"closed","template":"","meta":{"_et_pb_use_builder":"on","_et_pb_old_content":"","_et_gb_content_width":"","footnotes":""},"categories":[],"tags":[],"class_list":["post-9425","page","type-page","status-publish","hentry"],"_links":{"self":[{"href":"https:\/\/exalco.ro\/en\/wp-json\/wp\/v2\/pages\/9425","targetHints":{"allow":["GET"]}}],"collection":[{"href":"https:\/\/exalco.ro\/en\/wp-json\/wp\/v2\/pages"}],"about":[{"href":"https:\/\/exalco.ro\/en\/wp-json\/wp\/v2\/types\/page"}],"author":[{"embeddable":true,"href":"https:\/\/exalco.ro\/en\/wp-json\/wp\/v2\/users\/1"}],"replies":[{"embeddable":true,"href":"https:\/\/exalco.ro\/en\/wp-json\/wp\/v2\/comments?post=9425"}],"version-history":[{"count":1,"href":"https:\/\/exalco.ro\/en\/wp-json\/wp\/v2\/pages\/9425\/revisions"}],"predecessor-version":[{"id":10437,"href":"https:\/\/exalco.ro\/en\/wp-json\/wp\/v2\/pages\/9425\/revisions\/10437"}],"wp:attachment":[{"href":"https:\/\/exalco.ro\/en\/wp-json\/wp\/v2\/media?parent=9425"}],"wp:term":[{"taxonomy":"category","embeddable":true,"href":"https:\/\/exalco.ro\/en\/wp-json\/wp\/v2\/categories?post=9425"},{"taxonomy":"post_tag","embeddable":true,"href":"https:\/\/exalco.ro\/en\/wp-json\/wp\/v2\/tags?post=9425"}],"curies":[{"name":"wp","href":"https:\/\/api.w.org\/{rel}","templated":true}]}}